{"id":400,"date":"2017-01-18T09:43:35","date_gmt":"2017-01-18T09:43:35","guid":{"rendered":"https:\/\/caminhodasaguas.org.br\/2022\/?page_id=400"},"modified":"2017-02-02T16:02:54","modified_gmt":"2017-02-02T16:02:54","slug":"about-style-2","status":"publish","type":"page","link":"https:\/\/caminhodasaguas.org.br\/2022\/about-style-2\/","title":{"rendered":"About Style"},"content":{"rendered":"<p>[vc_row equal_height=&#8221;yes&#8221; content_placement=&#8221;middle&#8221; css=&#8221;.vc_custom_1485955952057{margin-right: 0px !important;margin-left: 0px !important;}&#8221;][vc_column width=&#8221;1\/2&#8243; css=&#8221;.vc_custom_1485955942193{background-image: url(https:\/\/caminhodasaguas.org.br\/2022\/wp-content\/uploads\/2017\/01\/video_cover.jpg?id=401) !important;background-position: center !important;background-repeat: no-repeat !important;background-size: cover !important;border-radius: 5px !important;}&#8221;][vc_empty_space height=&#8221;6em&#8221; alter_height=&#8221;none&#8221; hide_on_mobile=&#8221;&#8221;][trx_sc_popup id=&#8221;video_go&#8221;][trx_widget_video link=&#8221;https:\/\/vimeo.com\/11080389&#8243;][\/trx_sc_popup][vc_single_image image=&#8221;695&#8243; img_size=&#8221;full&#8221; alignment=&#8221;center&#8221; onclick=&#8221;custom_link&#8221; link=&#8221;#video_go&#8221;][vc_empty_space height=&#8221;6em&#8221; alter_height=&#8221;none&#8221; hide_on_mobile=&#8221;&#8221;][\/vc_column][vc_column width=&#8221;1\/2&#8243; css=&#8221;.vc_custom_1485956413179{padding-right: 6% !important;padding-left: 6% !important;}&#8221;][vc_empty_space height=&#8221;1.5em&#8221; alter_height=&#8221;none&#8221; hide_on_mobile=&#8221;&#8221;][trx_sc_title title_style=&#8221;extra&#8221; title=&#8221;Who We Are&#8221; subtitle=&#8221;charity&#8221; description=&#8221;<\/p>\n<p>Factors that can shape climate are called climate forcings or \u201cforcing mechanisms\u201d. These include processes such as variations in solar radiation, variations in the Earth\u2019s orbit, variations in the albedo or reflectivity of the oceans.<\/p>\n<p>There are a variety of climate change feedbacks that can either amplify or diminish the initial forcing. Some parts of the climate system, such as the oceans and ice caps.&#8221;][vc_empty_space height=&#8221;5px&#8221; alter_height=&#8221;none&#8221; hide_on_mobile=&#8221;&#8221;][vc_column_text]<\/p>\n<ul class=\"trx_addons_list_success_circled\">\n<li>Lorem ipsum dolor sit amet ascipi<\/li>\n<li>Pellentesque habitant morbi trise senectus<\/li>\n<li>Ut tristique pretium tellus, sed fermentum<\/li>\n<li>Aenean semper, odio sed fringilla blandit<\/li>\n<li>Minim veniam, quis nostrud exercitation<\/li>\n<\/ul>\n<p>[\/vc_column_text][vc_empty_space height=&#8221;3.7em&#8221; alter_height=&#8221;none&#8221; hide_on_mobile=&#8221;&#8221;][\/vc_column][\/vc_row][vc_row][vc_column][vc_empty_space height=&#8221;4.6em&#8221; alter_height=&#8221;none&#8221; hide_on_mobile=&#8221;&#8221;][vc_empty_space height=&#8221;1em&#8221; alter_height=&#8221;none&#8221; hide_on_mobile=&#8221;1&#8243;][\/vc_column][\/vc_row][vc_row css=&#8221;.vc_custom_1485958296924{margin-right: 0px !important;margin-left: 0px !important;background-image: url(https:\/\/caminhodasaguas.org.br\/2022\/wp-content\/uploads\/2017\/01\/bg_pay.jpg?id=359) !important;background-position: center !important;background-repeat: no-repeat !important;background-size: cover !important;border-radius: 5px !important;}&#8221;][vc_column][vc_empty_space height=&#8221;5em&#8221; alter_height=&#8221;none&#8221; hide_on_mobile=&#8221;&#8221;][vc_empty_space height=&#8221;3em&#8221; alter_height=&#8221;none&#8221; hide_on_mobile=&#8221;1&#8243;][vc_column_text css=&#8221;.vc_custom_1485960634992{background-color: rgba(255,255,255,0.7) !important;*background-color: rgb(255,255,255) !important;border-radius: 5px !important;}&#8221; el_class=&#8221;mc4wp_main&#8221;]<\/p>\n<h4 style=\"text-align: center;\">Get Our emails<\/h4>\n<p style=\"text-align: center;\">Subscribe to our e-mail list and stay up-to-date with all our news and stay in touch.<\/p>\n<p>[mc4wp_form id=&#8221;522&#8243;][\/vc_column_text][vc_empty_space height=&#8221;5em&#8221; alter_height=&#8221;none&#8221; hide_on_mobile=&#8221;&#8221;][vc_empty_space height=&#8221;3em&#8221; alter_height=&#8221;none&#8221; hide_on_mobile=&#8221;1&#8243;][\/vc_column][\/vc_row][vc_row][vc_column][vc_empty_space height=&#8221;5.1em&#8221; alter_height=&#8221;none&#8221; hide_on_mobile=&#8221;&#8221;][vc_column_text]<\/p>\n<h2 style=\"text-align: center;\">Our Causes. <a href=\"\/donation\/\">See All<\/a><\/h2>\n<p>[\/vc_column_text][vc_empty_space height=&#8221;1.9em&#8221; alter_height=&#8221;none&#8221; hide_on_mobile=&#8221;&#8221;]<div id=\"sc_donations_1176069534\" class=\"sc_donations sc_donations_style_excerpt\"><div class=\"sc_donations_columns_wrap\"><div id=\"post-354\" class=\"post_item_excerpt post_type_donation sc_donations_column-1_3\">\t<div class=\"top_area\">\n\t\t\t\t\t<div class=\"post_featured\">\n\t\t\t\t<img loading=\"lazy\" decoding=\"async\" width=\"770\" height=\"433\" src=\"https:\/\/caminhodasaguas.org.br\/2022\/wp-content\/uploads\/sites\/6\/2017\/01\/post-28-770x433.jpg\" class=\"attachment-save_life-thumb-big size-save_life-thumb-big wp-post-image\" alt=\"Help Economic Opportunity\" srcset=\"https:\/\/caminhodasaguas.org.br\/2022\/wp-content\/uploads\/sites\/6\/2017\/01\/post-28-770x433.jpg 770w, https:\/\/caminhodasaguas.org.br\/2022\/wp-content\/uploads\/sites\/6\/2017\/01\/post-28-480x270.jpg 480w\" sizes=\"auto, (max-width: 770px) 100vw, 770px\" \/>\t\t\t<\/div><!-- .post_featured -->\n\t\t\t\t\t<div class=\"post_info_donations\">\n\t\t\t\t\t\t\t<div class=\"middle\">\n\t\t\t\t\t<span style=\"width:63.36%;\">63.36%<\/span>\n\t\t\t\t<\/div>\n\t\t\t\t\t<\/div>\n\t<\/div>\n\t<div class=\"post_body\">\n\t\t<div class=\"post_header entry-header\">\n\t\t\t<h4 class=\"entry-title\"><a href=\"https:\/\/caminhodasaguas.org.br\/2022\/donation\/help-economic-opportunity\/\" rel=\"bookmark\">Help Economic Opportunity<\/a><\/h4>\t\t<\/div><!-- .entry-header -->\n\n\t\t<div class=\"post_content entry-content\">\n\t\t\t<p>Morbi eget venenatis magna, eu semper ex. Fusce sodales, nisi eget lobortis.<\/p>\n\n\t\t\t<div class=\"post_info_donations\">\n\t\t\t\t\t\t\t\t\t<div class=\"amount\"><span class=\"label\">Amount<\/span> <span class=\"post_counters_number_raised\">6900.00 BRL<\/span><span class=\"post_counters_number_goal\"><span> \/ <\/span>10890.00 BRL<\/span><\/div>\n\t\t\t\t\t\t\t\t<\/div>\n\n\t\t\t<a class=\"more-link\" href=\"https:\/\/caminhodasaguas.org.br\/2022\/donation\/help-economic-opportunity\/\">Donate<\/a>\t\t<\/div><!-- .entry-content -->\n\n\t<\/div><!-- .post_body -->\n\n<\/div><div id=\"post-353\" class=\"post_item_excerpt post_type_donation sc_donations_column-1_3\">\t<div class=\"top_area\">\n\t\t\t\t\t<div class=\"post_featured\">\n\t\t\t\t<img loading=\"lazy\" decoding=\"async\" width=\"770\" height=\"433\" src=\"https:\/\/caminhodasaguas.org.br\/2022\/wp-content\/uploads\/sites\/6\/2017\/01\/post-27-770x433.jpg\" class=\"attachment-save_life-thumb-big size-save_life-thumb-big wp-post-image\" alt=\"Fossa s\u00e9ptica ecol\u00f3gica na Capoava\" srcset=\"https:\/\/caminhodasaguas.org.br\/2022\/wp-content\/uploads\/sites\/6\/2017\/01\/post-27-770x433.jpg 770w, https:\/\/caminhodasaguas.org.br\/2022\/wp-content\/uploads\/sites\/6\/2017\/01\/post-27-480x270.jpg 480w\" sizes=\"auto, (max-width: 770px) 100vw, 770px\" \/>\t\t\t<\/div><!-- .post_featured -->\n\t\t\t\t\t<div class=\"post_info_donations\">\n\t\t\t\t\t\t\t<div class=\"middle\">\n\t\t\t\t\t<span style=\"width:14.29%;\">14.29%<\/span>\n\t\t\t\t<\/div>\n\t\t\t\t\t<\/div>\n\t<\/div>\n\t<div class=\"post_body\">\n\t\t<div class=\"post_header entry-header\">\n\t\t\t<h4 class=\"entry-title\"><a href=\"https:\/\/caminhodasaguas.org.br\/2022\/donation\/fossa-septica-ecologica-na-capoava\/\" rel=\"bookmark\">Fossa s\u00e9ptica ecol\u00f3gica na Capoava<\/a><\/h4>\t\t<\/div><!-- .entry-header -->\n\n\t\t<div class=\"post_content entry-content\">\n\t\t\t<p>Com as chuvas intensas as fossas s\u00e9pticas na col\u00f4nia cedem as tampas, e precisamos reform\u00e1-las.<\/p>\n\n\t\t\t<div class=\"post_info_donations\">\n\t\t\t\t\t\t\t\t\t<div class=\"amount\"><span class=\"label\">Amount<\/span> <span class=\"post_counters_number_raised\">100.00 BRL<\/span><span class=\"post_counters_number_goal\"><span> \/ <\/span>700.00 BRL<\/span><\/div>\n\t\t\t\t\t\t\t\t<\/div>\n\n\t\t\t<a class=\"more-link\" href=\"https:\/\/caminhodasaguas.org.br\/2022\/donation\/fossa-septica-ecologica-na-capoava\/\">Donate<\/a>\t\t<\/div><!-- .entry-content -->\n\n\t<\/div><!-- .post_body -->\n\n<\/div><div id=\"post-352\" class=\"post_item_excerpt post_type_donation sc_donations_column-1_3\">\t<div class=\"top_area\">\n\t\t\t\t\t<div class=\"post_featured\">\n\t\t\t\t<img loading=\"lazy\" decoding=\"async\" width=\"770\" height=\"433\" src=\"https:\/\/caminhodasaguas.org.br\/2022\/wp-content\/uploads\/sites\/6\/2017\/01\/post-26-770x433.jpg\" class=\"attachment-save_life-thumb-big size-save_life-thumb-big wp-post-image\" alt=\"Sponsor for Nepal\" srcset=\"https:\/\/caminhodasaguas.org.br\/2022\/wp-content\/uploads\/sites\/6\/2017\/01\/post-26-770x433.jpg 770w, https:\/\/caminhodasaguas.org.br\/2022\/wp-content\/uploads\/sites\/6\/2017\/01\/post-26-480x270.jpg 480w\" sizes=\"auto, (max-width: 770px) 100vw, 770px\" \/>\t\t\t<\/div><!-- .post_featured -->\n\t\t\t\t\t<div class=\"post_info_donations\">\n\t\t\t\t\t\t\t<div class=\"middle\">\n\t\t\t\t\t<span style=\"width:43.84%;\">43.84%<\/span>\n\t\t\t\t<\/div>\n\t\t\t\t\t<\/div>\n\t<\/div>\n\t<div class=\"post_body\">\n\t\t<div class=\"post_header entry-header\">\n\t\t\t<h4 class=\"entry-title\"><a href=\"https:\/\/caminhodasaguas.org.br\/2022\/donation\/sponsor-for-nepal\/\" rel=\"bookmark\">Sponsor for Nepal<\/a><\/h4>\t\t<\/div><!-- .entry-header -->\n\n\t\t<div class=\"post_content entry-content\">\n\t\t\t<p>Morbi eget venenatis magna, eu semper ex. Fusce sodales, nisi eget lobortis.<\/p>\n\n\t\t\t<div class=\"post_info_donations\">\n\t\t\t\t\t\t\t\t\t<div class=\"amount\"><span class=\"label\">Amount<\/span> <span class=\"post_counters_number_raised\">3200.00 BRL<\/span><span class=\"post_counters_number_goal\"><span> \/ <\/span>7300.00 BRL<\/span><\/div>\n\t\t\t\t\t\t\t\t<\/div>\n\n\t\t\t<a class=\"more-link\" href=\"https:\/\/caminhodasaguas.org.br\/2022\/donation\/sponsor-for-nepal\/\">Donate<\/a>\t\t<\/div><!-- .entry-content -->\n\n\t<\/div><!-- .post_body -->\n\n<\/div><\/div><\/div><!-- \/.sc_donations -->[vc_empty_space height=&#8221;1.5em&#8221; alter_height=&#8221;none&#8221; hide_on_mobile=&#8221;&#8221;][\/vc_column][\/vc_row]<\/p>\n","protected":false},"excerpt":{"rendered":"<p>[vc_row equal_height=&#8221;yes&#8221; content_placement=&#8221;middle&#8221; css=&#8221;.vc_custom_1485955952057{margin-right: 0px !important;margin-left: 0px !important;}&#8221;][vc_column width=&#8221;1\/2&#8243; css=&#8221;.vc_custom_1485955942193{background-image: url(https:\/\/caminhodasaguas.org.br\/2022\/wp-content\/uploads\/2017\/01\/video_cover.jpg?id=401) !important;background-position: center !important;background-repeat: no-repeat !important;background-size: cover !important;border-radius: 5px !important;}&#8221;][vc_empty_space height=&#8221;6em&#8221; alter_height=&#8221;none&#8221; hide_on_mobile=&#8221;&#8221;][trx_sc_popup id=&#8221;video_go&#8221;][trx_widget_video link=&#8221;https:\/\/vimeo.com\/11080389&#8243;][\/trx_sc_popup][vc_single_image image=&#8221;695&#8243; img_size=&#8221;full&#8221; alignment=&#8221;center&#8221; onclick=&#8221;custom_link&#8221; link=&#8221;#video_go&#8221;][vc_empty_space height=&#8221;6em&#8221; alter_height=&#8221;none&#8221; hide_on_mobile=&#8221;&#8221;][\/vc_column][vc_column width=&#8221;1\/2&#8243; css=&#8221;.vc_custom_1485956413179{padding-right: 6% !important;padding-left: 6% !important;}&#8221;][vc_empty_space&hellip;<\/p>\n","protected":false},"author":1,"featured_media":0,"parent":0,"menu_order":0,"comment_status":"closed","ping_status":"closed","template":"","meta":{"footnotes":""},"class_list":["post-400","page","type-page","status-publish","hentry"],"yoast_head":"<!-- This site is optimized with the Yoast SEO plugin v27.0 - https:\/\/yoast.com\/product\/yoast-seo-wordpress\/ -->\n<title>About Style - Caminho das \u00c1guas<\/title>\n<meta name=\"robots\" content=\"index, follow, max-snippet:-1, max-image-preview:large, max-video-preview:-1\" \/>\n<link rel=\"canonical\" href=\"https:\/\/caminhodasaguas.org.br\/2022\/about-style-2\/\" \/>\n<meta property=\"og:locale\" content=\"pt_BR\" \/>\n<meta property=\"og:type\" content=\"article\" \/>\n<meta property=\"og:title\" content=\"About Style - Caminho das \u00c1guas\" \/>\n<meta property=\"og:description\" content=\"[vc_row equal_height=&#8221;yes&#8221; content_placement=&#8221;middle&#8221; css=&#8221;.vc_custom_1485955952057{margin-right: 0px !important;margin-left: 0px !important;}&#8221;][vc_column width=&#8221;1\/2&#8243; css=&#8221;.vc_custom_1485955942193{background-image: url(https:\/\/caminhodasaguas.org.br\/2022\/wp-content\/uploads\/2017\/01\/video_cover.jpg?id=401) !important;background-position: center !important;background-repeat: no-repeat !important;background-size: cover !important;border-radius: 5px !important;}&#8221;][vc_empty_space height=&#8221;6em&#8221; alter_height=&#8221;none&#8221; hide_on_mobile=&#8221;&#8221;][trx_sc_popup id=&#8221;video_go&#8221;][trx_widget_video link=&#8221;https:\/\/vimeo.com\/11080389&#8243;][\/trx_sc_popup][vc_single_image image=&#8221;695&#8243; img_size=&#8221;full&#8221; alignment=&#8221;center&#8221; onclick=&#8221;custom_link&#8221; link=&#8221;#video_go&#8221;][vc_empty_space height=&#8221;6em&#8221; alter_height=&#8221;none&#8221; hide_on_mobile=&#8221;&#8221;][\/vc_column][vc_column width=&#8221;1\/2&#8243; css=&#8221;.vc_custom_1485956413179{padding-right: 6% !important;padding-left: 6% !important;}&#8221;][vc_empty_space&hellip;\" \/>\n<meta property=\"og:url\" content=\"https:\/\/caminhodasaguas.org.br\/2022\/about-style-2\/\" \/>\n<meta property=\"og:site_name\" content=\"Caminho das \u00c1guas\" \/>\n<meta property=\"article:publisher\" content=\"https:\/\/facebook.com\/caminhodasaguas\" \/>\n<meta property=\"article:modified_time\" content=\"2017-02-02T16:02:54+00:00\" \/>\n<meta name=\"twitter:card\" content=\"summary_large_image\" \/>\n<meta name=\"twitter:site\" content=\"@caminhodasaguas\" \/>\n<meta name=\"twitter:label1\" content=\"Est. tempo de leitura\" \/>\n\t<meta name=\"twitter:data1\" content=\"2 minutos\" \/>\n<script type=\"application\/ld+json\" class=\"yoast-schema-graph\">{\"@context\":\"https:\/\/schema.org\",\"@graph\":[{\"@type\":\"WebPage\",\"@id\":\"https:\/\/caminhodasaguas.org.br\/2022\/about-style-2\/\",\"url\":\"https:\/\/caminhodasaguas.org.br\/2022\/about-style-2\/\",\"name\":\"About Style - Caminho das \u00c1guas\",\"isPartOf\":{\"@id\":\"https:\/\/caminhodasaguas.org.br\/2022\/#website\"},\"datePublished\":\"2017-01-18T09:43:35+00:00\",\"dateModified\":\"2017-02-02T16:02:54+00:00\",\"breadcrumb\":{\"@id\":\"https:\/\/caminhodasaguas.org.br\/2022\/about-style-2\/#breadcrumb\"},\"inLanguage\":\"pt-BR\",\"potentialAction\":[{\"@type\":\"ReadAction\",\"target\":[\"https:\/\/caminhodasaguas.org.br\/2022\/about-style-2\/\"]}]},{\"@type\":\"BreadcrumbList\",\"@id\":\"https:\/\/caminhodasaguas.org.br\/2022\/about-style-2\/#breadcrumb\",\"itemListElement\":[{\"@type\":\"ListItem\",\"position\":1,\"name\":\"In\u00edcio\",\"item\":\"https:\/\/caminhodasaguas.org.br\/2022\/\"},{\"@type\":\"ListItem\",\"position\":2,\"name\":\"About Style\"}]},{\"@type\":\"WebSite\",\"@id\":\"https:\/\/caminhodasaguas.org.br\/2022\/#website\",\"url\":\"https:\/\/caminhodasaguas.org.br\/2022\/\",\"name\":\"Caminho das \u00c1guas\",\"description\":\"Movimento Socioambiental\",\"publisher\":{\"@id\":\"https:\/\/caminhodasaguas.org.br\/2022\/#organization\"},\"potentialAction\":[{\"@type\":\"SearchAction\",\"target\":{\"@type\":\"EntryPoint\",\"urlTemplate\":\"https:\/\/caminhodasaguas.org.br\/2022\/?s={search_term_string}\"},\"query-input\":{\"@type\":\"PropertyValueSpecification\",\"valueRequired\":true,\"valueName\":\"search_term_string\"}}],\"inLanguage\":\"pt-BR\"},{\"@type\":\"Organization\",\"@id\":\"https:\/\/caminhodasaguas.org.br\/2022\/#organization\",\"name\":\"Caminho das \u00c1guas\",\"url\":\"https:\/\/caminhodasaguas.org.br\/2022\/\",\"logo\":{\"@type\":\"ImageObject\",\"inLanguage\":\"pt-BR\",\"@id\":\"https:\/\/caminhodasaguas.org.br\/2022\/#\/schema\/logo\/image\/\",\"url\":\"https:\/\/caminhodasaguas.org.br\/wp-content\/uploads\/2020\/03\/logoch2o-hrz-grd.png\",\"contentUrl\":\"https:\/\/caminhodasaguas.org.br\/wp-content\/uploads\/2020\/03\/logoch2o-hrz-grd.png\",\"width\":1024,\"height\":420,\"caption\":\"Caminho das \u00c1guas\"},\"image\":{\"@id\":\"https:\/\/caminhodasaguas.org.br\/2022\/#\/schema\/logo\/image\/\"},\"sameAs\":[\"https:\/\/facebook.com\/caminhodasaguas\",\"https:\/\/x.com\/caminhodasaguas\",\"https:\/\/instagram.com\/caminhoh2o\",\"https:\/\/www.linkedin.com\/company\/ong-caminho-das-guas\"]}]}<\/script>\n<!-- \/ Yoast SEO plugin. -->","yoast_head_json":{"title":"About Style - Caminho das \u00c1guas","robots":{"index":"index","follow":"follow","max-snippet":"max-snippet:-1","max-image-preview":"max-image-preview:large","max-video-preview":"max-video-preview:-1"},"canonical":"https:\/\/caminhodasaguas.org.br\/2022\/about-style-2\/","og_locale":"pt_BR","og_type":"article","og_title":"About Style - Caminho das \u00c1guas","og_description":"[vc_row equal_height=&#8221;yes&#8221; content_placement=&#8221;middle&#8221; css=&#8221;.vc_custom_1485955952057{margin-right: 0px !important;margin-left: 0px !important;}&#8221;][vc_column width=&#8221;1\/2&#8243; css=&#8221;.vc_custom_1485955942193{background-image: url(https:\/\/caminhodasaguas.org.br\/2022\/wp-content\/uploads\/2017\/01\/video_cover.jpg?id=401) !important;background-position: center !important;background-repeat: no-repeat !important;background-size: cover !important;border-radius: 5px !important;}&#8221;][vc_empty_space height=&#8221;6em&#8221; alter_height=&#8221;none&#8221; hide_on_mobile=&#8221;&#8221;][trx_sc_popup id=&#8221;video_go&#8221;][trx_widget_video link=&#8221;https:\/\/vimeo.com\/11080389&#8243;][\/trx_sc_popup][vc_single_image image=&#8221;695&#8243; img_size=&#8221;full&#8221; alignment=&#8221;center&#8221; onclick=&#8221;custom_link&#8221; link=&#8221;#video_go&#8221;][vc_empty_space height=&#8221;6em&#8221; alter_height=&#8221;none&#8221; hide_on_mobile=&#8221;&#8221;][\/vc_column][vc_column width=&#8221;1\/2&#8243; css=&#8221;.vc_custom_1485956413179{padding-right: 6% !important;padding-left: 6% !important;}&#8221;][vc_empty_space&hellip;","og_url":"https:\/\/caminhodasaguas.org.br\/2022\/about-style-2\/","og_site_name":"Caminho das \u00c1guas","article_publisher":"https:\/\/facebook.com\/caminhodasaguas","article_modified_time":"2017-02-02T16:02:54+00:00","twitter_card":"summary_large_image","twitter_site":"@caminhodasaguas","twitter_misc":{"Est. tempo de leitura":"2 minutos"},"schema":{"@context":"https:\/\/schema.org","@graph":[{"@type":"WebPage","@id":"https:\/\/caminhodasaguas.org.br\/2022\/about-style-2\/","url":"https:\/\/caminhodasaguas.org.br\/2022\/about-style-2\/","name":"About Style - Caminho das \u00c1guas","isPartOf":{"@id":"https:\/\/caminhodasaguas.org.br\/2022\/#website"},"datePublished":"2017-01-18T09:43:35+00:00","dateModified":"2017-02-02T16:02:54+00:00","breadcrumb":{"@id":"https:\/\/caminhodasaguas.org.br\/2022\/about-style-2\/#breadcrumb"},"inLanguage":"pt-BR","potentialAction":[{"@type":"ReadAction","target":["https:\/\/caminhodasaguas.org.br\/2022\/about-style-2\/"]}]},{"@type":"BreadcrumbList","@id":"https:\/\/caminhodasaguas.org.br\/2022\/about-style-2\/#breadcrumb","itemListElement":[{"@type":"ListItem","position":1,"name":"In\u00edcio","item":"https:\/\/caminhodasaguas.org.br\/2022\/"},{"@type":"ListItem","position":2,"name":"About Style"}]},{"@type":"WebSite","@id":"https:\/\/caminhodasaguas.org.br\/2022\/#website","url":"https:\/\/caminhodasaguas.org.br\/2022\/","name":"Caminho das \u00c1guas","description":"Movimento Socioambiental","publisher":{"@id":"https:\/\/caminhodasaguas.org.br\/2022\/#organization"},"potentialAction":[{"@type":"SearchAction","target":{"@type":"EntryPoint","urlTemplate":"https:\/\/caminhodasaguas.org.br\/2022\/?s={search_term_string}"},"query-input":{"@type":"PropertyValueSpecification","valueRequired":true,"valueName":"search_term_string"}}],"inLanguage":"pt-BR"},{"@type":"Organization","@id":"https:\/\/caminhodasaguas.org.br\/2022\/#organization","name":"Caminho das \u00c1guas","url":"https:\/\/caminhodasaguas.org.br\/2022\/","logo":{"@type":"ImageObject","inLanguage":"pt-BR","@id":"https:\/\/caminhodasaguas.org.br\/2022\/#\/schema\/logo\/image\/","url":"https:\/\/caminhodasaguas.org.br\/wp-content\/uploads\/2020\/03\/logoch2o-hrz-grd.png","contentUrl":"https:\/\/caminhodasaguas.org.br\/wp-content\/uploads\/2020\/03\/logoch2o-hrz-grd.png","width":1024,"height":420,"caption":"Caminho das \u00c1guas"},"image":{"@id":"https:\/\/caminhodasaguas.org.br\/2022\/#\/schema\/logo\/image\/"},"sameAs":["https:\/\/facebook.com\/caminhodasaguas","https:\/\/x.com\/caminhodasaguas","https:\/\/instagram.com\/caminhoh2o","https:\/\/www.linkedin.com\/company\/ong-caminho-das-guas"]}]}},"_links":{"self":[{"href":"https:\/\/caminhodasaguas.org.br\/2022\/wp-json\/wp\/v2\/pages\/400","targetHints":{"allow":["GET"]}}],"collection":[{"href":"https:\/\/caminhodasaguas.org.br\/2022\/wp-json\/wp\/v2\/pages"}],"about":[{"href":"https:\/\/caminhodasaguas.org.br\/2022\/wp-json\/wp\/v2\/types\/page"}],"author":[{"embeddable":true,"href":"https:\/\/caminhodasaguas.org.br\/2022\/wp-json\/wp\/v2\/users\/1"}],"replies":[{"embeddable":true,"href":"https:\/\/caminhodasaguas.org.br\/2022\/wp-json\/wp\/v2\/comments?post=400"}],"version-history":[{"count":0,"href":"https:\/\/caminhodasaguas.org.br\/2022\/wp-json\/wp\/v2\/pages\/400\/revisions"}],"wp:attachment":[{"href":"https:\/\/caminhodasaguas.org.br\/2022\/wp-json\/wp\/v2\/media?parent=400"}],"curies":[{"name":"wp","href":"https:\/\/api.w.org\/{rel}","templated":true}]}}