{"id":2774,"date":"2020-03-05T19:44:06","date_gmt":"2020-03-05T22:44:06","guid":{"rendered":"https:\/\/apoio.caminhodasaguas.org.br\/?page_id=2774"},"modified":"2020-03-05T19:44:06","modified_gmt":"2020-03-05T22:44:06","slug":"tire-duvidas","status":"publish","type":"page","link":"https:\/\/caminhodasaguas.org.br\/apoio\/tire-duvidas\/","title":{"rendered":"Perguntas mais comuns para sanar suas d\u00favidas"},"content":{"rendered":"\t\t<div data-elementor-type=\"wp-page\" data-elementor-id=\"2774\" class=\"elementor elementor-2774\">\n\t\t\t\t\t\t<section class=\"elementor-section elementor-top-section elementor-element elementor-element-427e9b88 elementor-section-stretched elementor-section-boxed elementor-section-height-default elementor-section-height-default\" data-id=\"427e9b88\" data-element_type=\"section\" data-e-type=\"section\" id=\"plano32\" data-settings=\"{&quot;background_background&quot;:&quot;classic&quot;,&quot;stretch_section&quot;:&quot;section-stretched&quot;}\">\n\t\t\t\t\t\t<div class=\"elementor-container elementor-column-gap-default\">\n\t\t\t\t\t<div class=\"elementor-column elementor-col-100 elementor-top-column elementor-element elementor-element-139db052\" data-id=\"139db052\" data-element_type=\"column\" data-e-type=\"column\">\n\t\t\t<div class=\"elementor-widget-wrap elementor-element-populated\">\n\t\t\t\t\t\t<div class=\"elementor-element elementor-element-556b8bc5 elementor-widget elementor-widget-heading\" data-id=\"556b8bc5\" data-element_type=\"widget\" data-e-type=\"widget\" data-widget_type=\"heading.default\">\n\t\t\t\t<div class=\"elementor-widget-container\">\n\t\t\t\t\t<h1 class=\"elementor-heading-title elementor-size-default\">Perguntas frequentes<\/h1>\t\t\t\t<\/div>\n\t\t\t\t<\/div>\n\t\t\t\t<div class=\"elementor-element elementor-element-1242cbcb elementor-widget elementor-widget-toggle\" data-id=\"1242cbcb\" data-element_type=\"widget\" data-e-type=\"widget\" data-widget_type=\"toggle.default\">\n\t\t\t\t<div class=\"elementor-widget-container\">\n\t\t\t\t\t\t\t<div class=\"elementor-toggle\">\n\t\t\t\t\t\t\t<div class=\"elementor-toggle-item\">\n\t\t\t\t\t<div id=\"elementor-tab-title-3061\" class=\"elementor-tab-title\" data-tab=\"1\" role=\"button\" aria-controls=\"elementor-tab-content-3061\" aria-expanded=\"false\">\n\t\t\t\t\t\t\t\t\t\t\t\t<span class=\"elementor-toggle-icon elementor-toggle-icon-right\" aria-hidden=\"true\">\n\t\t\t\t\t\t\t\t\t\t\t\t\t\t\t<span class=\"elementor-toggle-icon-closed\"><i class=\"fas fa-caret-right\"><\/i><\/span>\n\t\t\t\t\t\t\t\t<span class=\"elementor-toggle-icon-opened\"><i class=\"elementor-toggle-icon-opened fas fa-caret-up\"><\/i><\/span>\n\t\t\t\t\t\t\t\t\t\t\t\t\t<\/span>\n\t\t\t\t\t\t\t\t\t\t\t\t<a class=\"elementor-toggle-title\" tabindex=\"0\">Como eu posso colaborar?<\/a>\n\t\t\t\t\t<\/div>\n\n\t\t\t\t\t<div id=\"elementor-tab-content-3061\" class=\"elementor-tab-content elementor-clearfix\" data-tab=\"1\" role=\"region\" aria-labelledby=\"elementor-tab-title-3061\"><p>Veja as apresenta\u00e7\u00f5es de cada projeto escolha uma ou mais atividades que voc\u00ea mais gosta de ver no mundo<\/p><p>Complete seu cadastro corretamente para poder pagar e tudo ficar certinho legalmente.<\/p><\/div>\n\t\t\t\t<\/div>\n\t\t\t\t\t\t\t<div class=\"elementor-toggle-item\">\n\t\t\t\t\t<div id=\"elementor-tab-title-3062\" class=\"elementor-tab-title\" data-tab=\"2\" role=\"button\" aria-controls=\"elementor-tab-content-3062\" aria-expanded=\"false\">\n\t\t\t\t\t\t\t\t\t\t\t\t<span class=\"elementor-toggle-icon elementor-toggle-icon-right\" aria-hidden=\"true\">\n\t\t\t\t\t\t\t\t\t\t\t\t\t\t\t<span class=\"elementor-toggle-icon-closed\"><i class=\"fas fa-caret-right\"><\/i><\/span>\n\t\t\t\t\t\t\t\t<span class=\"elementor-toggle-icon-opened\"><i class=\"elementor-toggle-icon-opened fas fa-caret-up\"><\/i><\/span>\n\t\t\t\t\t\t\t\t\t\t\t\t\t<\/span>\n\t\t\t\t\t\t\t\t\t\t\t\t<a class=\"elementor-toggle-title\" tabindex=\"0\">Quais os m\u00e9todos de pagamentos aceitos pela ONG?<\/a>\n\t\t\t\t\t<\/div>\n\n\t\t\t\t\t<div id=\"elementor-tab-content-3062\" class=\"elementor-tab-content elementor-clearfix\" data-tab=\"2\" role=\"region\" aria-labelledby=\"elementor-tab-title-3062\"><p>N\u00f3s aceitamos pagamentos via cart\u00e3o de cr\u00e9dito e boleto<\/p><p>Queremos abrir portas e automatizar os m\u00e9todos de apoio para que possamos nos relacionar tranquilamente com o mundo<\/p><p>Para isso, a ONG Caminho das \u00c1guas conta com a parceiria da <em>fintech<\/em> <a href=\"https:\/\/juno.com.br\" target=\"_blank\" rel=\"noopener\">Juno<\/a><\/p><\/div>\n\t\t\t\t<\/div>\n\t\t\t\t\t\t\t<div class=\"elementor-toggle-item\">\n\t\t\t\t\t<div id=\"elementor-tab-title-3063\" class=\"elementor-tab-title\" data-tab=\"3\" role=\"button\" aria-controls=\"elementor-tab-content-3063\" aria-expanded=\"false\">\n\t\t\t\t\t\t\t\t\t\t\t\t<span class=\"elementor-toggle-icon elementor-toggle-icon-right\" aria-hidden=\"true\">\n\t\t\t\t\t\t\t\t\t\t\t\t\t\t\t<span class=\"elementor-toggle-icon-closed\"><i class=\"fas fa-caret-right\"><\/i><\/span>\n\t\t\t\t\t\t\t\t<span class=\"elementor-toggle-icon-opened\"><i class=\"elementor-toggle-icon-opened fas fa-caret-up\"><\/i><\/span>\n\t\t\t\t\t\t\t\t\t\t\t\t\t<\/span>\n\t\t\t\t\t\t\t\t\t\t\t\t<a class=\"elementor-toggle-title\" tabindex=\"0\">Depois que fiz a doa\u00e7\u00e3o, minha assinatura ser\u00e1 cobrada todo m\u00eas?<\/a>\n\t\t\t\t\t<\/div>\n\n\t\t\t\t\t<div id=\"elementor-tab-content-3063\" class=\"elementor-tab-content elementor-clearfix\" data-tab=\"3\" role=\"region\" aria-labelledby=\"elementor-tab-title-3063\"><p>Sim, se voc\u00ea escolheu alguma assinatura de apoio recorrente. \u00c9 assim que chamamos estas opera\u00e7\u00f5es mensais &#8211; Assinaturas.<\/p><p>Pagamentos com cart\u00e3o de cr\u00e9dito s\u00e3o autom\u00e1ticos e as assinaturas por boleto banc\u00e1rio ser\u00e3o enviadas por email.<\/p><p>Voc\u00ea receber\u00e1 no seu email os comprovantes de doa\u00e7\u00e3o tamb\u00e9m<\/p><\/div>\n\t\t\t\t<\/div>\n\t\t\t\t\t\t\t<div class=\"elementor-toggle-item\">\n\t\t\t\t\t<div id=\"elementor-tab-title-3064\" class=\"elementor-tab-title\" data-tab=\"4\" role=\"button\" aria-controls=\"elementor-tab-content-3064\" aria-expanded=\"false\">\n\t\t\t\t\t\t\t\t\t\t\t\t<span class=\"elementor-toggle-icon elementor-toggle-icon-right\" aria-hidden=\"true\">\n\t\t\t\t\t\t\t\t\t\t\t\t\t\t\t<span class=\"elementor-toggle-icon-closed\"><i class=\"fas fa-caret-right\"><\/i><\/span>\n\t\t\t\t\t\t\t\t<span class=\"elementor-toggle-icon-opened\"><i class=\"elementor-toggle-icon-opened fas fa-caret-up\"><\/i><\/span>\n\t\t\t\t\t\t\t\t\t\t\t\t\t<\/span>\n\t\t\t\t\t\t\t\t\t\t\t\t<a class=\"elementor-toggle-title\" tabindex=\"0\">Tenho direito a alguma recompensa?<\/a>\n\t\t\t\t\t<\/div>\n\n\t\t\t\t\t<div id=\"elementor-tab-content-3064\" class=\"elementor-tab-content elementor-clearfix\" data-tab=\"4\" role=\"region\" aria-labelledby=\"elementor-tab-title-3064\"><p>Sempre h\u00e1 recompensas!<\/p><p>Al\u00e9m de cooperar diretamente com a realidade das comunidades de nossas a\u00e7\u00f5es, alguns planos e assinaturas de apoio cont\u00e9m brindes especiais, de acordo com os potenciais e desejos das pessoas dos projetos<\/p><p>Fique atento nas descri\u00e7\u00f5es e escolha uma que voc\u00ea goste, h\u00e1 muitas recompensas e traquitanas legais!<\/p><p>Queremos que voc\u00ea tenha muitas op\u00e7\u00f5es de relacionamento com as nossas a\u00e7\u00f5es e nossa gente<\/p><\/div>\n\t\t\t\t<\/div>\n\t\t\t\t\t\t\t<div class=\"elementor-toggle-item\">\n\t\t\t\t\t<div id=\"elementor-tab-title-3065\" class=\"elementor-tab-title\" data-tab=\"5\" role=\"button\" aria-controls=\"elementor-tab-content-3065\" aria-expanded=\"false\">\n\t\t\t\t\t\t\t\t\t\t\t\t<span class=\"elementor-toggle-icon elementor-toggle-icon-right\" aria-hidden=\"true\">\n\t\t\t\t\t\t\t\t\t\t\t\t\t\t\t<span class=\"elementor-toggle-icon-closed\"><i class=\"fas fa-caret-right\"><\/i><\/span>\n\t\t\t\t\t\t\t\t<span class=\"elementor-toggle-icon-opened\"><i class=\"elementor-toggle-icon-opened fas fa-caret-up\"><\/i><\/span>\n\t\t\t\t\t\t\t\t\t\t\t\t\t<\/span>\n\t\t\t\t\t\t\t\t\t\t\t\t<a class=\"elementor-toggle-title\" tabindex=\"0\">Como sei que minhas doa\u00e7\u00f5es foram corretamente utilizadas?<\/a>\n\t\t\t\t\t<\/div>\n\n\t\t\t\t\t<div id=\"elementor-tab-content-3065\" class=\"elementor-tab-content elementor-clearfix\" data-tab=\"5\" role=\"region\" aria-labelledby=\"elementor-tab-title-3065\"><p>Adoramos esta pergunta!<\/p><p>A melhor forma \u00e9 vir nos visitar, podemos abrir todas as nossas ferramentas e mostrar como temos feito este processo<\/p><p>Outra forma \u00e9 visitando nossa p\u00e1gina de transpar\u00eancia, nela teremos expostos os relat\u00f3rios financeiros das doa\u00e7\u00f5es recebidas por este portal<\/p><p>\u00a0<\/p><\/div>\n\t\t\t\t<\/div>\n\t\t\t\t\t\t\t<div class=\"elementor-toggle-item\">\n\t\t\t\t\t<div id=\"elementor-tab-title-3066\" class=\"elementor-tab-title\" data-tab=\"6\" role=\"button\" aria-controls=\"elementor-tab-content-3066\" aria-expanded=\"false\">\n\t\t\t\t\t\t\t\t\t\t\t\t<span class=\"elementor-toggle-icon elementor-toggle-icon-right\" aria-hidden=\"true\">\n\t\t\t\t\t\t\t\t\t\t\t\t\t\t\t<span class=\"elementor-toggle-icon-closed\"><i class=\"fas fa-caret-right\"><\/i><\/span>\n\t\t\t\t\t\t\t\t<span class=\"elementor-toggle-icon-opened\"><i class=\"elementor-toggle-icon-opened fas fa-caret-up\"><\/i><\/span>\n\t\t\t\t\t\t\t\t\t\t\t\t\t<\/span>\n\t\t\t\t\t\t\t\t\t\t\t\t<a class=\"elementor-toggle-title\" tabindex=\"0\">Como posso apoiar uma campanha?<\/a>\n\t\t\t\t\t<\/div>\n\n\t\t\t\t\t<div id=\"elementor-tab-content-3066\" class=\"elementor-tab-content elementor-clearfix\" data-tab=\"6\" role=\"region\" aria-labelledby=\"elementor-tab-title-3066\"><p>Para apoiar uma campanha ativa da ONG Caminho das \u00c1guas <a href=\"https:\/\/caminhodasaguas.org.br\/apoio\/campanhas\/\">visite nossa p\u00e1ginas de campanhas abertas<\/a> e navegue\u00a0 para conhec\u00ea-las.<\/p><p>Veja a seguir o modelo comentado de uma p\u00e1gina completa.<\/p><p><img fetchpriority=\"high\" decoding=\"async\" class=\"aligncenter wp-image-3430 size-large\" src=\"https:\/\/caminhodasaguas.org.br\/apoio\/wp-content\/uploads\/2020\/08\/Tefe-a-nossa-moeda-social-comum-ONG-Caminho-das-Aguas-901x1024.png\" alt=\"\" width=\"901\" height=\"1024\" srcset=\"https:\/\/caminhodasaguas.org.br\/apoio\/wp-content\/uploads\/sites\/7\/2020\/08\/Tefe-a-nossa-moeda-social-comum-ONG-Caminho-das-Aguas-901x1024.png 901w, https:\/\/caminhodasaguas.org.br\/apoio\/wp-content\/uploads\/sites\/7\/2020\/08\/Tefe-a-nossa-moeda-social-comum-ONG-Caminho-das-Aguas-264x300.png 264w, https:\/\/caminhodasaguas.org.br\/apoio\/wp-content\/uploads\/sites\/7\/2020\/08\/Tefe-a-nossa-moeda-social-comum-ONG-Caminho-das-Aguas-768x873.png 768w, https:\/\/caminhodasaguas.org.br\/apoio\/wp-content\/uploads\/sites\/7\/2020\/08\/Tefe-a-nossa-moeda-social-comum-ONG-Caminho-das-Aguas-1351x1536.png 1351w, https:\/\/caminhodasaguas.org.br\/apoio\/wp-content\/uploads\/sites\/7\/2020\/08\/Tefe-a-nossa-moeda-social-comum-ONG-Caminho-das-Aguas-1801x2048.png 1801w, https:\/\/caminhodasaguas.org.br\/apoio\/wp-content\/uploads\/sites\/7\/2020\/08\/Tefe-a-nossa-moeda-social-comum-ONG-Caminho-das-Aguas.png 1905w\" sizes=\"(max-width: 901px) 100vw, 901px\" \/><\/p><\/div>\n\t\t\t\t<\/div>\n\t\t\t\t\t\t\t\t<\/div>\n\t\t\t\t\t\t<\/div>\n\t\t\t\t<\/div>\n\t\t\t\t\t<\/div>\n\t\t<\/div>\n\t\t\t\t\t<\/div>\n\t\t<\/section>\n\t\t\t\t<\/div>\n\t\t","protected":false},"excerpt":{"rendered":"<p>Perguntas frequentes Como eu posso colaborar? Veja as apresenta\u00e7\u00f5es de cada projeto escolha uma ou mais atividades que voc\u00ea mais gosta de ver no mundo Complete seu cadastro corretamente para poder pagar e tudo ficar certinho legalmente. Quais os m\u00e9todos de pagamentos aceitos pela ONG? N\u00f3s aceitamos pagamentos via cart\u00e3o de cr\u00e9dito e boleto Queremos [&hellip;]<\/p>\n","protected":false},"author":15,"featured_media":0,"parent":0,"menu_order":0,"comment_status":"closed","ping_status":"closed","template":"elementor_header_footer","meta":{"footnotes":""},"class_list":["post-2774","page","type-page","status-publish","hentry"],"yoast_head":"<!-- This site is optimized with the Yoast SEO plugin v27.0 - https:\/\/yoast.com\/product\/yoast-seo-wordpress\/ -->\n<title>Perguntas mais comuns para sanar suas d\u00favidas - Apoie a Caminho das \u00c1guas<\/title>\n<meta name=\"robots\" content=\"index, follow, max-snippet:-1, max-image-preview:large, max-video-preview:-1\" \/>\n<link rel=\"canonical\" href=\"https:\/\/caminhodasaguas.org.br\/apoio\/tire-duvidas\/\" \/>\n<meta property=\"og:locale\" content=\"pt_BR\" \/>\n<meta property=\"og:type\" content=\"article\" \/>\n<meta property=\"og:title\" content=\"Perguntas mais comuns para sanar suas d\u00favidas - Apoie a Caminho das \u00c1guas\" \/>\n<meta property=\"og:description\" content=\"Perguntas frequentes Como eu posso colaborar? Veja as apresenta\u00e7\u00f5es de cada projeto escolha uma ou mais atividades que voc\u00ea mais gosta de ver no mundo Complete seu cadastro corretamente para poder pagar e tudo ficar certinho legalmente. Quais os m\u00e9todos de pagamentos aceitos pela ONG? N\u00f3s aceitamos pagamentos via cart\u00e3o de cr\u00e9dito e boleto Queremos [&hellip;]\" \/>\n<meta property=\"og:url\" content=\"https:\/\/caminhodasaguas.org.br\/apoio\/tire-duvidas\/\" \/>\n<meta property=\"og:site_name\" content=\"Apoie a Caminho das \u00c1guas\" \/>\n<meta property=\"article:publisher\" content=\"https:\/\/facebook.com\/caminhodasaguas\" \/>\n<meta property=\"og:image\" content=\"https:\/\/apoio.caminhodasaguas.org.br\/wp-content\/uploads\/2020\/08\/Tefe-a-nossa-moeda-social-comum-ONG-Caminho-das-Aguas-901x1024.png\" \/>\n<meta name=\"twitter:card\" content=\"summary_large_image\" \/>\n<meta name=\"twitter:site\" content=\"@caminhodasaguas\" \/>\n<meta name=\"twitter:label1\" content=\"Est. tempo de leitura\" \/>\n\t<meta name=\"twitter:data1\" content=\"2 minutos\" \/>\n<script type=\"application\/ld+json\" class=\"yoast-schema-graph\">{\"@context\":\"https:\/\/schema.org\",\"@graph\":[{\"@type\":\"WebPage\",\"@id\":\"https:\/\/caminhodasaguas.org.br\/apoio\/tire-duvidas\/\",\"url\":\"https:\/\/caminhodasaguas.org.br\/apoio\/tire-duvidas\/\",\"name\":\"Perguntas mais comuns para sanar suas d\u00favidas - Apoie a Caminho das \u00c1guas\",\"isPartOf\":{\"@id\":\"https:\/\/caminhodasaguas.org.br\/apoio\/#website\"},\"primaryImageOfPage\":{\"@id\":\"https:\/\/caminhodasaguas.org.br\/apoio\/tire-duvidas\/#primaryimage\"},\"image\":{\"@id\":\"https:\/\/caminhodasaguas.org.br\/apoio\/tire-duvidas\/#primaryimage\"},\"thumbnailUrl\":\"https:\/\/caminhodasaguas.org.br\/apoio\/wp-content\/uploads\/sites\/7\/2020\/08\/Tefe-a-nossa-moeda-social-comum-ONG-Caminho-das-Aguas-901x1024.png\",\"datePublished\":\"2020-03-05T22:44:06+00:00\",\"breadcrumb\":{\"@id\":\"https:\/\/caminhodasaguas.org.br\/apoio\/tire-duvidas\/#breadcrumb\"},\"inLanguage\":\"pt-BR\",\"potentialAction\":[{\"@type\":\"ReadAction\",\"target\":[\"https:\/\/caminhodasaguas.org.br\/apoio\/tire-duvidas\/\"]}]},{\"@type\":\"ImageObject\",\"inLanguage\":\"pt-BR\",\"@id\":\"https:\/\/caminhodasaguas.org.br\/apoio\/tire-duvidas\/#primaryimage\",\"url\":\"https:\/\/caminhodasaguas.org.br\/apoio\/wp-content\/uploads\/sites\/7\/2020\/08\/Tefe-a-nossa-moeda-social-comum-ONG-Caminho-das-Aguas.png\",\"contentUrl\":\"https:\/\/caminhodasaguas.org.br\/apoio\/wp-content\/uploads\/sites\/7\/2020\/08\/Tefe-a-nossa-moeda-social-comum-ONG-Caminho-das-Aguas.png\",\"width\":1905,\"height\":2166},{\"@type\":\"BreadcrumbList\",\"@id\":\"https:\/\/caminhodasaguas.org.br\/apoio\/tire-duvidas\/#breadcrumb\",\"itemListElement\":[{\"@type\":\"ListItem\",\"position\":1,\"name\":\"In\u00edcio\",\"item\":\"https:\/\/caminhodasaguas.org.br\/apoio\/\"},{\"@type\":\"ListItem\",\"position\":2,\"name\":\"Perguntas mais comuns para sanar suas d\u00favidas\"}]},{\"@type\":\"WebSite\",\"@id\":\"https:\/\/caminhodasaguas.org.br\/apoio\/#website\",\"url\":\"https:\/\/caminhodasaguas.org.br\/apoio\/\",\"name\":\"Apoie a Caminho das \u00c1guas\",\"description\":\"\",\"publisher\":{\"@id\":\"https:\/\/caminhodasaguas.org.br\/apoio\/#organization\"},\"potentialAction\":[{\"@type\":\"SearchAction\",\"target\":{\"@type\":\"EntryPoint\",\"urlTemplate\":\"https:\/\/caminhodasaguas.org.br\/apoio\/?s={search_term_string}\"},\"query-input\":{\"@type\":\"PropertyValueSpecification\",\"valueRequired\":true,\"valueName\":\"search_term_string\"}}],\"inLanguage\":\"pt-BR\"},{\"@type\":\"Organization\",\"@id\":\"https:\/\/caminhodasaguas.org.br\/apoio\/#organization\",\"name\":\"Caminho das \u00c1guas\",\"url\":\"https:\/\/caminhodasaguas.org.br\/apoio\/\",\"logo\":{\"@type\":\"ImageObject\",\"inLanguage\":\"pt-BR\",\"@id\":\"https:\/\/caminhodasaguas.org.br\/apoio\/#\/schema\/logo\/image\/\",\"url\":\"https:\/\/caminhodasaguas.org.br\/wp-content\/uploads\/2020\/03\/logoch2o-hrz-grd.png\",\"contentUrl\":\"https:\/\/caminhodasaguas.org.br\/wp-content\/uploads\/2020\/03\/logoch2o-hrz-grd.png\",\"width\":1024,\"height\":420,\"caption\":\"Caminho das \u00c1guas\"},\"image\":{\"@id\":\"https:\/\/caminhodasaguas.org.br\/apoio\/#\/schema\/logo\/image\/\"},\"sameAs\":[\"https:\/\/facebook.com\/caminhodasaguas\",\"https:\/\/x.com\/caminhodasaguas\",\"https:\/\/instagram.com\/caminhoh2o\",\"https:\/\/www.linkedin.com\/company\/ong-caminho-das-guas\"]}]}<\/script>\n<!-- \/ Yoast SEO plugin. -->","yoast_head_json":{"title":"Perguntas mais comuns para sanar suas d\u00favidas - Apoie a Caminho das \u00c1guas","robots":{"index":"index","follow":"follow","max-snippet":"max-snippet:-1","max-image-preview":"max-image-preview:large","max-video-preview":"max-video-preview:-1"},"canonical":"https:\/\/caminhodasaguas.org.br\/apoio\/tire-duvidas\/","og_locale":"pt_BR","og_type":"article","og_title":"Perguntas mais comuns para sanar suas d\u00favidas - Apoie a Caminho das \u00c1guas","og_description":"Perguntas frequentes Como eu posso colaborar? Veja as apresenta\u00e7\u00f5es de cada projeto escolha uma ou mais atividades que voc\u00ea mais gosta de ver no mundo Complete seu cadastro corretamente para poder pagar e tudo ficar certinho legalmente. Quais os m\u00e9todos de pagamentos aceitos pela ONG? N\u00f3s aceitamos pagamentos via cart\u00e3o de cr\u00e9dito e boleto Queremos [&hellip;]","og_url":"https:\/\/caminhodasaguas.org.br\/apoio\/tire-duvidas\/","og_site_name":"Apoie a Caminho das \u00c1guas","article_publisher":"https:\/\/facebook.com\/caminhodasaguas","og_image":[{"url":"https:\/\/apoio.caminhodasaguas.org.br\/wp-content\/uploads\/2020\/08\/Tefe-a-nossa-moeda-social-comum-ONG-Caminho-das-Aguas-901x1024.png","type":"","width":"","height":""}],"twitter_card":"summary_large_image","twitter_site":"@caminhodasaguas","twitter_misc":{"Est. tempo de leitura":"2 minutos"},"schema":{"@context":"https:\/\/schema.org","@graph":[{"@type":"WebPage","@id":"https:\/\/caminhodasaguas.org.br\/apoio\/tire-duvidas\/","url":"https:\/\/caminhodasaguas.org.br\/apoio\/tire-duvidas\/","name":"Perguntas mais comuns para sanar suas d\u00favidas - Apoie a Caminho das \u00c1guas","isPartOf":{"@id":"https:\/\/caminhodasaguas.org.br\/apoio\/#website"},"primaryImageOfPage":{"@id":"https:\/\/caminhodasaguas.org.br\/apoio\/tire-duvidas\/#primaryimage"},"image":{"@id":"https:\/\/caminhodasaguas.org.br\/apoio\/tire-duvidas\/#primaryimage"},"thumbnailUrl":"https:\/\/caminhodasaguas.org.br\/apoio\/wp-content\/uploads\/sites\/7\/2020\/08\/Tefe-a-nossa-moeda-social-comum-ONG-Caminho-das-Aguas-901x1024.png","datePublished":"2020-03-05T22:44:06+00:00","breadcrumb":{"@id":"https:\/\/caminhodasaguas.org.br\/apoio\/tire-duvidas\/#breadcrumb"},"inLanguage":"pt-BR","potentialAction":[{"@type":"ReadAction","target":["https:\/\/caminhodasaguas.org.br\/apoio\/tire-duvidas\/"]}]},{"@type":"ImageObject","inLanguage":"pt-BR","@id":"https:\/\/caminhodasaguas.org.br\/apoio\/tire-duvidas\/#primaryimage","url":"https:\/\/caminhodasaguas.org.br\/apoio\/wp-content\/uploads\/sites\/7\/2020\/08\/Tefe-a-nossa-moeda-social-comum-ONG-Caminho-das-Aguas.png","contentUrl":"https:\/\/caminhodasaguas.org.br\/apoio\/wp-content\/uploads\/sites\/7\/2020\/08\/Tefe-a-nossa-moeda-social-comum-ONG-Caminho-das-Aguas.png","width":1905,"height":2166},{"@type":"BreadcrumbList","@id":"https:\/\/caminhodasaguas.org.br\/apoio\/tire-duvidas\/#breadcrumb","itemListElement":[{"@type":"ListItem","position":1,"name":"In\u00edcio","item":"https:\/\/caminhodasaguas.org.br\/apoio\/"},{"@type":"ListItem","position":2,"name":"Perguntas mais comuns para sanar suas d\u00favidas"}]},{"@type":"WebSite","@id":"https:\/\/caminhodasaguas.org.br\/apoio\/#website","url":"https:\/\/caminhodasaguas.org.br\/apoio\/","name":"Apoie a Caminho das \u00c1guas","description":"","publisher":{"@id":"https:\/\/caminhodasaguas.org.br\/apoio\/#organization"},"potentialAction":[{"@type":"SearchAction","target":{"@type":"EntryPoint","urlTemplate":"https:\/\/caminhodasaguas.org.br\/apoio\/?s={search_term_string}"},"query-input":{"@type":"PropertyValueSpecification","valueRequired":true,"valueName":"search_term_string"}}],"inLanguage":"pt-BR"},{"@type":"Organization","@id":"https:\/\/caminhodasaguas.org.br\/apoio\/#organization","name":"Caminho das \u00c1guas","url":"https:\/\/caminhodasaguas.org.br\/apoio\/","logo":{"@type":"ImageObject","inLanguage":"pt-BR","@id":"https:\/\/caminhodasaguas.org.br\/apoio\/#\/schema\/logo\/image\/","url":"https:\/\/caminhodasaguas.org.br\/wp-content\/uploads\/2020\/03\/logoch2o-hrz-grd.png","contentUrl":"https:\/\/caminhodasaguas.org.br\/wp-content\/uploads\/2020\/03\/logoch2o-hrz-grd.png","width":1024,"height":420,"caption":"Caminho das \u00c1guas"},"image":{"@id":"https:\/\/caminhodasaguas.org.br\/apoio\/#\/schema\/logo\/image\/"},"sameAs":["https:\/\/facebook.com\/caminhodasaguas","https:\/\/x.com\/caminhodasaguas","https:\/\/instagram.com\/caminhoh2o","https:\/\/www.linkedin.com\/company\/ong-caminho-das-guas"]}]}},"_links":{"self":[{"href":"https:\/\/caminhodasaguas.org.br\/apoio\/wp-json\/wp\/v2\/pages\/2774","targetHints":{"allow":["GET"]}}],"collection":[{"href":"https:\/\/caminhodasaguas.org.br\/apoio\/wp-json\/wp\/v2\/pages"}],"about":[{"href":"https:\/\/caminhodasaguas.org.br\/apoio\/wp-json\/wp\/v2\/types\/page"}],"author":[{"embeddable":true,"href":"https:\/\/caminhodasaguas.org.br\/apoio\/wp-json\/wp\/v2\/users\/15"}],"replies":[{"embeddable":true,"href":"https:\/\/caminhodasaguas.org.br\/apoio\/wp-json\/wp\/v2\/comments?post=2774"}],"version-history":[{"count":0,"href":"https:\/\/caminhodasaguas.org.br\/apoio\/wp-json\/wp\/v2\/pages\/2774\/revisions"}],"wp:attachment":[{"href":"https:\/\/caminhodasaguas.org.br\/apoio\/wp-json\/wp\/v2\/media?parent=2774"}],"curies":[{"name":"wp","href":"https:\/\/api.w.org\/{rel}","templated":true}]}}