{"id":3141,"date":"2020-06-18T22:09:10","date_gmt":"2020-06-19T01:09:10","guid":{"rendered":"https:\/\/apoio.caminhodasaguas.org.br\/?page_id=3141"},"modified":"2020-06-18T22:09:10","modified_gmt":"2020-06-19T01:09:10","slug":"assinaturas-recorrentes","status":"publish","type":"page","link":"https:\/\/caminhodasaguas.org.br\/apoio\/assinaturas-recorrentes\/","title":{"rendered":"Assinaturas recorrentes"},"content":{"rendered":"\t\t<div data-elementor-type=\"wp-page\" data-elementor-id=\"3141\" class=\"elementor elementor-3141\">\n\t\t\t\t\t\t<section class=\"elementor-section elementor-top-section elementor-element elementor-element-53ca52a elementor-section-stretched elementor-section-height-min-height elementor-section-boxed elementor-section-height-default elementor-section-items-middle\" data-id=\"53ca52a\" data-element_type=\"section\" data-e-type=\"section\" data-settings=\"{&quot;stretch_section&quot;:&quot;section-stretched&quot;}\">\n\t\t\t\t\t\t<div class=\"elementor-container elementor-column-gap-default\">\n\t\t\t\t\t<div class=\"elementor-column elementor-col-100 elementor-top-column elementor-element elementor-element-32ea2d8\" data-id=\"32ea2d8\" data-element_type=\"column\" data-e-type=\"column\">\n\t\t\t<div class=\"elementor-widget-wrap elementor-element-populated\">\n\t\t\t\t\t\t<section class=\"elementor-section elementor-inner-section elementor-element elementor-element-b68135a elementor-section-boxed elementor-section-height-default elementor-section-height-default\" data-id=\"b68135a\" data-element_type=\"section\" data-e-type=\"section\">\n\t\t\t\t\t\t<div class=\"elementor-container elementor-column-gap-default\">\n\t\t\t\t\t<div class=\"elementor-column elementor-col-66 elementor-inner-column elementor-element elementor-element-86230c0\" data-id=\"86230c0\" data-element_type=\"column\" data-e-type=\"column\">\n\t\t\t<div class=\"elementor-widget-wrap elementor-element-populated\">\n\t\t\t\t\t\t<div class=\"elementor-element elementor-element-784d7e54 elementor-widget elementor-widget-elementskit-heading\" data-id=\"784d7e54\" data-element_type=\"widget\" data-e-type=\"widget\" data-widget_type=\"elementskit-heading.default\">\n\t\t\t\t<div class=\"elementor-widget-container\">\n\t\t\t\t\t<div class=\"ekit-wid-con\" ><div class=\"ekit-heading elementskit-section-title-wraper text_left   ekit_heading_tablet-   ekit_heading_mobile-text_center\"><h1 class=\"ekit-heading--title elementskit-section-title \">Assinaturas <span>Recorrentes<\/span><\/h1><h3 class=\"ekit-heading--subtitle elementskit-section-subtitle  \">\n\t\t\t\t\t\tRecursos Sementes\n\t\t\t\t\t<\/h3>\t\t\t\t<div class='ekit-heading__description'>\n\t\t\t\t\t<p>Um assinatura \u00e9 nosso recurso Semente, onde sua doa\u00e7\u00e3o mensal garante um \u00f3timo suporte \u00e0 realiza\u00e7\u00e3o de nossas atividades.<\/p>\n<p>Voc\u00ea pode doar valores a partir de R$ 10 mensais!<\/p>\n\t\t\t\t<\/div>\n\t\t\t<\/div><\/div>\t\t\t\t<\/div>\n\t\t\t\t<\/div>\n\t\t\t\t\t<\/div>\n\t\t<\/div>\n\t\t\t\t<div class=\"elementor-column elementor-col-33 elementor-inner-column elementor-element elementor-element-60799aa\" data-id=\"60799aa\" data-element_type=\"column\" data-e-type=\"column\">\n\t\t\t<div class=\"elementor-widget-wrap elementor-element-populated\">\n\t\t\t\t\t\t<div class=\"elementor-element elementor-element-672a6d5 elementor-view-default elementor-widget elementor-widget-icon\" data-id=\"672a6d5\" data-element_type=\"widget\" data-e-type=\"widget\" data-widget_type=\"icon.default\">\n\t\t\t\t<div class=\"elementor-widget-container\">\n\t\t\t\t\t\t\t<div class=\"elementor-icon-wrapper\">\n\t\t\t<a class=\"elementor-icon\" href=\"https:\/\/caminhodasaguas.org.br\/apoio\/tire-duvidas\/\">\n\t\t\t\t\t\t<\/a>\n\t\t<\/div>\n\t\t\t\t\t\t<\/div>\n\t\t\t\t<\/div>\n\t\t\t\t<div class=\"elementor-element elementor-element-2944688 elementor-button-danger elementor-align-justify elementor-widget elementor-widget-button\" data-id=\"2944688\" data-element_type=\"widget\" data-e-type=\"widget\" data-widget_type=\"button.default\">\n\t\t\t\t<div class=\"elementor-widget-container\">\n\t\t\t\t\t\t\t\t\t<div class=\"elementor-button-wrapper\">\n\t\t\t\t\t<a class=\"elementor-button elementor-button-link elementor-size-sm\" href=\"https:\/\/caminhodasaguas.org.br\/apoio\/tire-duvidas\/\">\n\t\t\t\t\t\t<span class=\"elementor-button-content-wrapper\">\n\t\t\t\t\t\t\t\t\t<span class=\"elementor-button-text\">Tire d\u00favidas<\/span>\n\t\t\t\t\t<\/span>\n\t\t\t\t\t<\/a>\n\t\t\t\t<\/div>\n\t\t\t\t\t\t\t\t<\/div>\n\t\t\t\t<\/div>\n\t\t\t\t\t<\/div>\n\t\t<\/div>\n\t\t\t\t\t<\/div>\n\t\t<\/section>\n\t\t\t\t<section class=\"elementor-section elementor-inner-section elementor-element elementor-element-505d24e elementor-section-boxed elementor-section-height-default elementor-section-height-default\" data-id=\"505d24e\" data-element_type=\"section\" data-e-type=\"section\">\n\t\t\t\t\t\t<div class=\"elementor-container elementor-column-gap-default\">\n\t\t\t\t\t<div class=\"elementor-column elementor-col-25 elementor-inner-column elementor-element elementor-element-d3e717a\" data-id=\"d3e717a\" data-element_type=\"column\" data-e-type=\"column\">\n\t\t\t<div class=\"elementor-widget-wrap elementor-element-populated\">\n\t\t\t\t\t\t<div class=\"elementor-element elementor-element-6e09dfb elementor-align--tabletcenter elementor-align-center elementor-widget elementor-widget-elementskit-button\" data-id=\"6e09dfb\" data-element_type=\"widget\" data-e-type=\"widget\" data-widget_type=\"elementskit-button.default\">\n\t\t\t\t<div class=\"elementor-widget-container\">\n\t\t\t\t\t<div class=\"ekit-wid-con\" >\t\t<div class=\"ekit-btn-wraper\">\n\t\t\t\t\t\t\t<a href=\"https:\/\/caminhodasaguas.org.br\/apoio\/realizar-pagamento\/?add-to-cart=2799\" class=\"elementskit-btn  whitespace--normal\" id=\"\">\n\t\t\t\t\tDoe 10\t\t\t\t<\/a>\n\t\t\t\t\t<\/div>\n        <\/div>\t\t\t\t<\/div>\n\t\t\t\t<\/div>\n\t\t\t\t\t<\/div>\n\t\t<\/div>\n\t\t\t\t<div class=\"elementor-column elementor-col-25 elementor-inner-column elementor-element elementor-element-44d51b8\" data-id=\"44d51b8\" data-element_type=\"column\" data-e-type=\"column\">\n\t\t\t<div class=\"elementor-widget-wrap elementor-element-populated\">\n\t\t\t\t\t\t<div class=\"elementor-element elementor-element-9a5dd05 elementor-align--tabletcenter elementor-align-center elementor-widget elementor-widget-elementskit-button\" data-id=\"9a5dd05\" data-element_type=\"widget\" data-e-type=\"widget\" data-widget_type=\"elementskit-button.default\">\n\t\t\t\t<div class=\"elementor-widget-container\">\n\t\t\t\t\t<div class=\"ekit-wid-con\" >\t\t<div class=\"ekit-btn-wraper\">\n\t\t\t\t\t\t\t<a href=\"https:\/\/caminhodasaguas.org.br\/apoio\/realizar-pagamento\/?add-to-cart=930\" class=\"elementskit-btn  whitespace--normal\" id=\"\">\n\t\t\t\t\tDoe 17,50\t\t\t\t<\/a>\n\t\t\t\t\t<\/div>\n        <\/div>\t\t\t\t<\/div>\n\t\t\t\t<\/div>\n\t\t\t\t\t<\/div>\n\t\t<\/div>\n\t\t\t\t<div class=\"elementor-column elementor-col-25 elementor-inner-column elementor-element elementor-element-3a63082\" data-id=\"3a63082\" data-element_type=\"column\" data-e-type=\"column\">\n\t\t\t<div class=\"elementor-widget-wrap elementor-element-populated\">\n\t\t\t\t\t\t<div class=\"elementor-element elementor-element-271744a elementor-align--tabletcenter elementor-align-center elementor-widget elementor-widget-elementskit-button\" data-id=\"271744a\" data-element_type=\"widget\" data-e-type=\"widget\" data-widget_type=\"elementskit-button.default\">\n\t\t\t\t<div class=\"elementor-widget-container\">\n\t\t\t\t\t<div class=\"ekit-wid-con\" >\t\t<div class=\"ekit-btn-wraper\">\n\t\t\t\t\t\t\t<a href=\"https:\/\/caminhodasaguas.org.br\/apoio\/realizar-pagamento\/?add-to-cart=2085\" class=\"elementskit-btn  whitespace--normal\" id=\"\">\n\t\t\t\t\tDoe 39,98\t\t\t\t<\/a>\n\t\t\t\t\t<\/div>\n        <\/div>\t\t\t\t<\/div>\n\t\t\t\t<\/div>\n\t\t\t\t\t<\/div>\n\t\t<\/div>\n\t\t\t\t<div class=\"elementor-column elementor-col-25 elementor-inner-column elementor-element elementor-element-a1c4954\" data-id=\"a1c4954\" data-element_type=\"column\" data-e-type=\"column\">\n\t\t\t<div class=\"elementor-widget-wrap elementor-element-populated\">\n\t\t\t\t\t\t<div class=\"elementor-element elementor-element-9c8e416 elementor-align--tabletcenter elementor-align-center elementor-widget elementor-widget-elementskit-button\" data-id=\"9c8e416\" data-element_type=\"widget\" data-e-type=\"widget\" data-widget_type=\"elementskit-button.default\">\n\t\t\t\t<div class=\"elementor-widget-container\">\n\t\t\t\t\t<div class=\"ekit-wid-con\" >\t\t<div class=\"ekit-btn-wraper\">\n\t\t\t\t\t\t\t<a href=\"https:\/\/caminhodasaguas.org.br\/apoio\/realizar-pagamento\/?add-to-cart=995\" class=\"elementskit-btn  whitespace--normal\" id=\"\">\n\t\t\t\t\tDoe 106,90\t\t\t\t<\/a>\n\t\t\t\t\t<\/div>\n        <\/div>\t\t\t\t<\/div>\n\t\t\t\t<\/div>\n\t\t\t\t\t<\/div>\n\t\t<\/div>\n\t\t\t\t\t<\/div>\n\t\t<\/section>\n\t\t\t\t\t<\/div>\n\t\t<\/div>\n\t\t\t\t\t<\/div>\n\t\t<\/section>\n\t\t\t\t<\/div>\n\t\t","protected":false},"excerpt":{"rendered":"<p>Assinaturas Recorrentes Recursos Sementes Um assinatura \u00e9 nosso recurso Semente, onde sua doa\u00e7\u00e3o mensal garante um \u00f3timo suporte \u00e0 realiza\u00e7\u00e3o de nossas atividades. Voc\u00ea pode doar valores a partir de R$ 10 mensais! Tire d\u00favidas Doe 10 Doe 17,50 Doe 39,98 Doe 106,90<\/p>\n","protected":false},"author":15,"featured_media":0,"parent":0,"menu_order":0,"comment_status":"closed","ping_status":"closed","template":"elementor_header_footer","meta":{"footnotes":""},"class_list":["post-3141","page","type-page","status-publish","hentry"],"yoast_head":"<!-- This site is optimized with the Yoast SEO plugin v27.0 - https:\/\/yoast.com\/product\/yoast-seo-wordpress\/ -->\n<title>Assinaturas recorrentes - Apoie a Caminho das \u00c1guas<\/title>\n<meta name=\"robots\" content=\"index, follow, max-snippet:-1, max-image-preview:large, max-video-preview:-1\" \/>\n<link rel=\"canonical\" href=\"https:\/\/caminhodasaguas.org.br\/apoio\/assinaturas-recorrentes\/\" \/>\n<meta property=\"og:locale\" content=\"pt_BR\" \/>\n<meta property=\"og:type\" content=\"article\" \/>\n<meta property=\"og:title\" content=\"Assinaturas recorrentes - Apoie a Caminho das \u00c1guas\" \/>\n<meta property=\"og:description\" content=\"Assinaturas Recorrentes Recursos Sementes Um assinatura \u00e9 nosso recurso Semente, onde sua doa\u00e7\u00e3o mensal garante um \u00f3timo suporte \u00e0 realiza\u00e7\u00e3o de nossas atividades. Voc\u00ea pode doar valores a partir de R$ 10 mensais! Tire d\u00favidas Doe 10 Doe 17,50 Doe 39,98 Doe 106,90\" \/>\n<meta property=\"og:url\" content=\"https:\/\/caminhodasaguas.org.br\/apoio\/assinaturas-recorrentes\/\" \/>\n<meta property=\"og:site_name\" content=\"Apoie a Caminho das \u00c1guas\" \/>\n<meta property=\"article:publisher\" content=\"https:\/\/facebook.com\/caminhodasaguas\" \/>\n<meta property=\"og:image\" content=\"https:\/\/caminhodasaguas.org.br\/apoio\/wp-content\/uploads\/sites\/7\/2010\/03\/logoch2o-hrz-med.png\" \/>\n\t<meta property=\"og:image:width\" content=\"400\" \/>\n\t<meta property=\"og:image:height\" content=\"164\" \/>\n\t<meta property=\"og:image:type\" content=\"image\/png\" \/>\n<meta name=\"twitter:card\" content=\"summary_large_image\" \/>\n<meta name=\"twitter:site\" content=\"@caminhodasaguas\" \/>\n<script type=\"application\/ld+json\" class=\"yoast-schema-graph\">{\"@context\":\"https:\/\/schema.org\",\"@graph\":[{\"@type\":\"WebPage\",\"@id\":\"https:\/\/caminhodasaguas.org.br\/apoio\/assinaturas-recorrentes\/\",\"url\":\"https:\/\/caminhodasaguas.org.br\/apoio\/assinaturas-recorrentes\/\",\"name\":\"Assinaturas recorrentes - Apoie a Caminho das \u00c1guas\",\"isPartOf\":{\"@id\":\"https:\/\/caminhodasaguas.org.br\/apoio\/#website\"},\"datePublished\":\"2020-06-19T01:09:10+00:00\",\"breadcrumb\":{\"@id\":\"https:\/\/caminhodasaguas.org.br\/apoio\/assinaturas-recorrentes\/#breadcrumb\"},\"inLanguage\":\"pt-BR\",\"potentialAction\":[{\"@type\":\"ReadAction\",\"target\":[\"https:\/\/caminhodasaguas.org.br\/apoio\/assinaturas-recorrentes\/\"]}]},{\"@type\":\"BreadcrumbList\",\"@id\":\"https:\/\/caminhodasaguas.org.br\/apoio\/assinaturas-recorrentes\/#breadcrumb\",\"itemListElement\":[{\"@type\":\"ListItem\",\"position\":1,\"name\":\"In\u00edcio\",\"item\":\"https:\/\/caminhodasaguas.org.br\/apoio\/\"},{\"@type\":\"ListItem\",\"position\":2,\"name\":\"Assinaturas recorrentes\"}]},{\"@type\":\"WebSite\",\"@id\":\"https:\/\/caminhodasaguas.org.br\/apoio\/#website\",\"url\":\"https:\/\/caminhodasaguas.org.br\/apoio\/\",\"name\":\"Apoie a Caminho das \u00c1guas\",\"description\":\"\",\"publisher\":{\"@id\":\"https:\/\/caminhodasaguas.org.br\/apoio\/#organization\"},\"potentialAction\":[{\"@type\":\"SearchAction\",\"target\":{\"@type\":\"EntryPoint\",\"urlTemplate\":\"https:\/\/caminhodasaguas.org.br\/apoio\/?s={search_term_string}\"},\"query-input\":{\"@type\":\"PropertyValueSpecification\",\"valueRequired\":true,\"valueName\":\"search_term_string\"}}],\"inLanguage\":\"pt-BR\"},{\"@type\":\"Organization\",\"@id\":\"https:\/\/caminhodasaguas.org.br\/apoio\/#organization\",\"name\":\"Caminho das \u00c1guas\",\"url\":\"https:\/\/caminhodasaguas.org.br\/apoio\/\",\"logo\":{\"@type\":\"ImageObject\",\"inLanguage\":\"pt-BR\",\"@id\":\"https:\/\/caminhodasaguas.org.br\/apoio\/#\/schema\/logo\/image\/\",\"url\":\"https:\/\/caminhodasaguas.org.br\/wp-content\/uploads\/2020\/03\/logoch2o-hrz-grd.png\",\"contentUrl\":\"https:\/\/caminhodasaguas.org.br\/wp-content\/uploads\/2020\/03\/logoch2o-hrz-grd.png\",\"width\":1024,\"height\":420,\"caption\":\"Caminho das \u00c1guas\"},\"image\":{\"@id\":\"https:\/\/caminhodasaguas.org.br\/apoio\/#\/schema\/logo\/image\/\"},\"sameAs\":[\"https:\/\/facebook.com\/caminhodasaguas\",\"https:\/\/x.com\/caminhodasaguas\",\"https:\/\/instagram.com\/caminhoh2o\",\"https:\/\/www.linkedin.com\/company\/ong-caminho-das-guas\"]}]}<\/script>\n<!-- \/ Yoast SEO plugin. -->","yoast_head_json":{"title":"Assinaturas recorrentes - Apoie a Caminho das \u00c1guas","robots":{"index":"index","follow":"follow","max-snippet":"max-snippet:-1","max-image-preview":"max-image-preview:large","max-video-preview":"max-video-preview:-1"},"canonical":"https:\/\/caminhodasaguas.org.br\/apoio\/assinaturas-recorrentes\/","og_locale":"pt_BR","og_type":"article","og_title":"Assinaturas recorrentes - Apoie a Caminho das \u00c1guas","og_description":"Assinaturas Recorrentes Recursos Sementes Um assinatura \u00e9 nosso recurso Semente, onde sua doa\u00e7\u00e3o mensal garante um \u00f3timo suporte \u00e0 realiza\u00e7\u00e3o de nossas atividades. Voc\u00ea pode doar valores a partir de R$ 10 mensais! Tire d\u00favidas Doe 10 Doe 17,50 Doe 39,98 Doe 106,90","og_url":"https:\/\/caminhodasaguas.org.br\/apoio\/assinaturas-recorrentes\/","og_site_name":"Apoie a Caminho das \u00c1guas","article_publisher":"https:\/\/facebook.com\/caminhodasaguas","og_image":[{"width":400,"height":164,"url":"https:\/\/caminhodasaguas.org.br\/apoio\/wp-content\/uploads\/sites\/7\/2010\/03\/logoch2o-hrz-med.png","type":"image\/png"}],"twitter_card":"summary_large_image","twitter_site":"@caminhodasaguas","schema":{"@context":"https:\/\/schema.org","@graph":[{"@type":"WebPage","@id":"https:\/\/caminhodasaguas.org.br\/apoio\/assinaturas-recorrentes\/","url":"https:\/\/caminhodasaguas.org.br\/apoio\/assinaturas-recorrentes\/","name":"Assinaturas recorrentes - Apoie a Caminho das \u00c1guas","isPartOf":{"@id":"https:\/\/caminhodasaguas.org.br\/apoio\/#website"},"datePublished":"2020-06-19T01:09:10+00:00","breadcrumb":{"@id":"https:\/\/caminhodasaguas.org.br\/apoio\/assinaturas-recorrentes\/#breadcrumb"},"inLanguage":"pt-BR","potentialAction":[{"@type":"ReadAction","target":["https:\/\/caminhodasaguas.org.br\/apoio\/assinaturas-recorrentes\/"]}]},{"@type":"BreadcrumbList","@id":"https:\/\/caminhodasaguas.org.br\/apoio\/assinaturas-recorrentes\/#breadcrumb","itemListElement":[{"@type":"ListItem","position":1,"name":"In\u00edcio","item":"https:\/\/caminhodasaguas.org.br\/apoio\/"},{"@type":"ListItem","position":2,"name":"Assinaturas recorrentes"}]},{"@type":"WebSite","@id":"https:\/\/caminhodasaguas.org.br\/apoio\/#website","url":"https:\/\/caminhodasaguas.org.br\/apoio\/","name":"Apoie a Caminho das \u00c1guas","description":"","publisher":{"@id":"https:\/\/caminhodasaguas.org.br\/apoio\/#organization"},"potentialAction":[{"@type":"SearchAction","target":{"@type":"EntryPoint","urlTemplate":"https:\/\/caminhodasaguas.org.br\/apoio\/?s={search_term_string}"},"query-input":{"@type":"PropertyValueSpecification","valueRequired":true,"valueName":"search_term_string"}}],"inLanguage":"pt-BR"},{"@type":"Organization","@id":"https:\/\/caminhodasaguas.org.br\/apoio\/#organization","name":"Caminho das \u00c1guas","url":"https:\/\/caminhodasaguas.org.br\/apoio\/","logo":{"@type":"ImageObject","inLanguage":"pt-BR","@id":"https:\/\/caminhodasaguas.org.br\/apoio\/#\/schema\/logo\/image\/","url":"https:\/\/caminhodasaguas.org.br\/wp-content\/uploads\/2020\/03\/logoch2o-hrz-grd.png","contentUrl":"https:\/\/caminhodasaguas.org.br\/wp-content\/uploads\/2020\/03\/logoch2o-hrz-grd.png","width":1024,"height":420,"caption":"Caminho das \u00c1guas"},"image":{"@id":"https:\/\/caminhodasaguas.org.br\/apoio\/#\/schema\/logo\/image\/"},"sameAs":["https:\/\/facebook.com\/caminhodasaguas","https:\/\/x.com\/caminhodasaguas","https:\/\/instagram.com\/caminhoh2o","https:\/\/www.linkedin.com\/company\/ong-caminho-das-guas"]}]}},"_links":{"self":[{"href":"https:\/\/caminhodasaguas.org.br\/apoio\/wp-json\/wp\/v2\/pages\/3141","targetHints":{"allow":["GET"]}}],"collection":[{"href":"https:\/\/caminhodasaguas.org.br\/apoio\/wp-json\/wp\/v2\/pages"}],"about":[{"href":"https:\/\/caminhodasaguas.org.br\/apoio\/wp-json\/wp\/v2\/types\/page"}],"author":[{"embeddable":true,"href":"https:\/\/caminhodasaguas.org.br\/apoio\/wp-json\/wp\/v2\/users\/15"}],"replies":[{"embeddable":true,"href":"https:\/\/caminhodasaguas.org.br\/apoio\/wp-json\/wp\/v2\/comments?post=3141"}],"version-history":[{"count":0,"href":"https:\/\/caminhodasaguas.org.br\/apoio\/wp-json\/wp\/v2\/pages\/3141\/revisions"}],"wp:attachment":[{"href":"https:\/\/caminhodasaguas.org.br\/apoio\/wp-json\/wp\/v2\/media?parent=3141"}],"curies":[{"name":"wp","href":"https:\/\/api.w.org\/{rel}","templated":true}]}}