{"id":49,"date":"2018-04-20T04:12:27","date_gmt":"2018-04-20T04:12:27","guid":{"rendered":"https:\/\/2020.caminhodasaguas.org.br\/formas-de-contato-com-a-ong-caminho-das-aguas\/"},"modified":"2018-04-20T04:12:27","modified_gmt":"2018-04-20T04:12:27","slug":"contato","status":"publish","type":"page","link":"https:\/\/caminhodasaguas.org.br\/apoio\/contato\/","title":{"rendered":"Formas de contato com a ONG Caminho das \u00c1guas"},"content":{"rendered":"\t\t<div data-elementor-type=\"wp-page\" data-elementor-id=\"49\" class=\"elementor elementor-49\">\n\t\t\t\t\t\t<section class=\"elementor-section elementor-top-section elementor-element elementor-element-35beea10 elementor-section-stretched elementor-section-boxed elementor-section-height-default elementor-section-height-default\" data-id=\"35beea10\" data-element_type=\"section\" data-e-type=\"section\" id=\"xs_form_1\" data-settings=\"{&quot;stretch_section&quot;:&quot;section-stretched&quot;}\">\n\t\t\t\t\t\t<div class=\"elementor-container elementor-column-gap-default\">\n\t\t\t\t\t<div class=\"elementor-column elementor-col-100 elementor-top-column elementor-element elementor-element-23c3b624\" data-id=\"23c3b624\" data-element_type=\"column\" data-e-type=\"column\">\n\t\t\t<div class=\"elementor-widget-wrap elementor-element-populated\">\n\t\t\t\t\t\t<div class=\"elementor-element elementor-element-a046e8a elementor-widget elementor-widget-elementskit-heading\" data-id=\"a046e8a\" data-element_type=\"widget\" data-e-type=\"widget\" data-widget_type=\"elementskit-heading.default\">\n\t\t\t\t<div class=\"elementor-widget-container\">\n\t\t\t\t\t<div class=\"ekit-wid-con\" ><div class=\"ekit-heading elementskit-section-title-wraper center   ekit_heading_tablet-   ekit_heading_mobile-\"><h2 class=\"ekit-heading--title elementskit-section-title \">Fale com a Caminho das \u00c1guas<\/h2><div class=\"ekit_heading_separetor_wraper ekit_heading_elementskit-border-divider ekit-dotted\"><div class=\"elementskit-border-divider ekit-dotted\"><\/div><\/div><\/div><\/div>\t\t\t\t<\/div>\n\t\t\t\t<\/div>\n\t\t\t\t<section class=\"elementor-section elementor-inner-section elementor-element elementor-element-ba231ae elementor-section-boxed elementor-section-height-default elementor-section-height-default\" data-id=\"ba231ae\" data-element_type=\"section\" data-e-type=\"section\">\n\t\t\t\t\t\t<div class=\"elementor-container elementor-column-gap-default\">\n\t\t\t\t\t<div class=\"elementor-column elementor-col-33 elementor-inner-column elementor-element elementor-element-c9f9f1c\" data-id=\"c9f9f1c\" data-element_type=\"column\" data-e-type=\"column\">\n\t\t\t<div class=\"elementor-widget-wrap elementor-element-populated\">\n\t\t\t\t\t\t<div class=\"elementor-element elementor-element-0abdee0 elementor-widget elementor-widget-heading\" data-id=\"0abdee0\" data-element_type=\"widget\" data-e-type=\"widget\" data-widget_type=\"heading.default\">\n\t\t\t\t<div class=\"elementor-widget-container\">\n\t\t\t\t\t<h2 class=\"elementor-heading-title elementor-size-default\">Informa\u00e7\u00f5es e pedidos<\/h2>\t\t\t\t<\/div>\n\t\t\t\t<\/div>\n\t\t\t\t<div class=\"elementor-element elementor-element-f89d99c elementor-widget elementor-widget-text-editor\" data-id=\"f89d99c\" data-element_type=\"widget\" data-e-type=\"widget\" data-widget_type=\"text-editor.default\">\n\t\t\t\t<div class=\"elementor-widget-container\">\n\t\t\t\t\t\t\t\t\t<p>Sede social:<\/p><ul><li>Av. Dr. Otaviano Pereira Mendes, 1540<\/li><li>Itu -SP<\/li><li>13301-009<\/li><li>Brasil<\/li><\/ul><p>WhatsApp:+55 011 9 9245.9599<\/p><dl>Email: contato@caminhodasaguas.org.br<\/dl>\t\t\t\t\t\t\t\t<\/div>\n\t\t\t\t<\/div>\n\t\t\t\t\t<\/div>\n\t\t<\/div>\n\t\t\t\t<div class=\"elementor-column elementor-col-66 elementor-inner-column elementor-element elementor-element-819547e\" data-id=\"819547e\" data-element_type=\"column\" data-e-type=\"column\">\n\t\t\t<div class=\"elementor-widget-wrap\">\n\t\t\t\t\t\t\t<\/div>\n\t\t<\/div>\n\t\t\t\t\t<\/div>\n\t\t<\/section>\n\t\t\t\t\t<\/div>\n\t\t<\/div>\n\t\t\t\t\t<\/div>\n\t\t<\/section>\n\t\t\t\t<\/div>\n\t\t","protected":false},"excerpt":{"rendered":"<p>Fale com a Caminho das \u00c1guas Informa\u00e7\u00f5es e pedidos Sede social: Av. Dr. Otaviano Pereira Mendes, 1540 Itu -SP 13301-009 Brasil WhatsApp:+55 011 9 9245.9599 Email: contato@caminhodasaguas.org.br<\/p>\n","protected":false},"author":15,"featured_media":0,"parent":0,"menu_order":0,"comment_status":"closed","ping_status":"closed","template":"elementor_header_footer","meta":{"footnotes":""},"class_list":["post-49","page","type-page","status-publish","hentry"],"yoast_head":"<!-- This site is optimized with the Yoast SEO plugin v27.0 - https:\/\/yoast.com\/product\/yoast-seo-wordpress\/ -->\n<title>Formas de contato com a ONG Caminho das \u00c1guas - Apoie a Caminho das \u00c1guas<\/title>\n<meta name=\"robots\" content=\"index, follow, max-snippet:-1, max-image-preview:large, max-video-preview:-1\" \/>\n<link rel=\"canonical\" href=\"https:\/\/caminhodasaguas.org.br\/apoio\/contato\/\" \/>\n<meta property=\"og:locale\" content=\"pt_BR\" \/>\n<meta property=\"og:type\" content=\"article\" \/>\n<meta property=\"og:title\" content=\"Formas de contato com a ONG Caminho das \u00c1guas - Apoie a Caminho das \u00c1guas\" \/>\n<meta property=\"og:description\" content=\"Fale com a Caminho das \u00c1guas Informa\u00e7\u00f5es e pedidos Sede social: Av. Dr. Otaviano Pereira Mendes, 1540 Itu -SP 13301-009 Brasil WhatsApp:+55 011 9 9245.9599 Email: contato@caminhodasaguas.org.br\" \/>\n<meta property=\"og:url\" content=\"https:\/\/caminhodasaguas.org.br\/apoio\/contato\/\" \/>\n<meta property=\"og:site_name\" content=\"Apoie a Caminho das \u00c1guas\" \/>\n<meta property=\"article:publisher\" content=\"https:\/\/facebook.com\/caminhodasaguas\" \/>\n<meta property=\"og:image\" content=\"https:\/\/caminhodasaguas.org.br\/apoio\/wp-content\/uploads\/sites\/7\/2010\/03\/logoch2o-hrz-med.png\" \/>\n\t<meta property=\"og:image:width\" content=\"400\" \/>\n\t<meta property=\"og:image:height\" content=\"164\" \/>\n\t<meta property=\"og:image:type\" content=\"image\/png\" \/>\n<meta name=\"twitter:card\" content=\"summary_large_image\" \/>\n<meta name=\"twitter:site\" content=\"@caminhodasaguas\" \/>\n<meta name=\"twitter:label1\" content=\"Est. tempo de leitura\" \/>\n\t<meta name=\"twitter:data1\" content=\"1 minuto\" \/>\n<script type=\"application\/ld+json\" class=\"yoast-schema-graph\">{\"@context\":\"https:\/\/schema.org\",\"@graph\":[{\"@type\":\"WebPage\",\"@id\":\"https:\/\/caminhodasaguas.org.br\/apoio\/contato\/\",\"url\":\"https:\/\/caminhodasaguas.org.br\/apoio\/contato\/\",\"name\":\"Formas de contato com a ONG Caminho das \u00c1guas - Apoie a Caminho das \u00c1guas\",\"isPartOf\":{\"@id\":\"https:\/\/caminhodasaguas.org.br\/apoio\/#website\"},\"datePublished\":\"2018-04-20T04:12:27+00:00\",\"breadcrumb\":{\"@id\":\"https:\/\/caminhodasaguas.org.br\/apoio\/contato\/#breadcrumb\"},\"inLanguage\":\"pt-BR\",\"potentialAction\":[{\"@type\":\"ReadAction\",\"target\":[\"https:\/\/caminhodasaguas.org.br\/apoio\/contato\/\"]}]},{\"@type\":\"BreadcrumbList\",\"@id\":\"https:\/\/caminhodasaguas.org.br\/apoio\/contato\/#breadcrumb\",\"itemListElement\":[{\"@type\":\"ListItem\",\"position\":1,\"name\":\"In\u00edcio\",\"item\":\"https:\/\/caminhodasaguas.org.br\/apoio\/\"},{\"@type\":\"ListItem\",\"position\":2,\"name\":\"Formas de contato com a ONG Caminho das \u00c1guas\"}]},{\"@type\":\"WebSite\",\"@id\":\"https:\/\/caminhodasaguas.org.br\/apoio\/#website\",\"url\":\"https:\/\/caminhodasaguas.org.br\/apoio\/\",\"name\":\"Apoie a Caminho das \u00c1guas\",\"description\":\"\",\"publisher\":{\"@id\":\"https:\/\/caminhodasaguas.org.br\/apoio\/#organization\"},\"potentialAction\":[{\"@type\":\"SearchAction\",\"target\":{\"@type\":\"EntryPoint\",\"urlTemplate\":\"https:\/\/caminhodasaguas.org.br\/apoio\/?s={search_term_string}\"},\"query-input\":{\"@type\":\"PropertyValueSpecification\",\"valueRequired\":true,\"valueName\":\"search_term_string\"}}],\"inLanguage\":\"pt-BR\"},{\"@type\":\"Organization\",\"@id\":\"https:\/\/caminhodasaguas.org.br\/apoio\/#organization\",\"name\":\"Caminho das \u00c1guas\",\"url\":\"https:\/\/caminhodasaguas.org.br\/apoio\/\",\"logo\":{\"@type\":\"ImageObject\",\"inLanguage\":\"pt-BR\",\"@id\":\"https:\/\/caminhodasaguas.org.br\/apoio\/#\/schema\/logo\/image\/\",\"url\":\"https:\/\/caminhodasaguas.org.br\/wp-content\/uploads\/2020\/03\/logoch2o-hrz-grd.png\",\"contentUrl\":\"https:\/\/caminhodasaguas.org.br\/wp-content\/uploads\/2020\/03\/logoch2o-hrz-grd.png\",\"width\":1024,\"height\":420,\"caption\":\"Caminho das \u00c1guas\"},\"image\":{\"@id\":\"https:\/\/caminhodasaguas.org.br\/apoio\/#\/schema\/logo\/image\/\"},\"sameAs\":[\"https:\/\/facebook.com\/caminhodasaguas\",\"https:\/\/x.com\/caminhodasaguas\",\"https:\/\/instagram.com\/caminhoh2o\",\"https:\/\/www.linkedin.com\/company\/ong-caminho-das-guas\"]}]}<\/script>\n<!-- \/ Yoast SEO plugin. -->","yoast_head_json":{"title":"Formas de contato com a ONG Caminho das \u00c1guas - Apoie a Caminho das \u00c1guas","robots":{"index":"index","follow":"follow","max-snippet":"max-snippet:-1","max-image-preview":"max-image-preview:large","max-video-preview":"max-video-preview:-1"},"canonical":"https:\/\/caminhodasaguas.org.br\/apoio\/contato\/","og_locale":"pt_BR","og_type":"article","og_title":"Formas de contato com a ONG Caminho das \u00c1guas - Apoie a Caminho das \u00c1guas","og_description":"Fale com a Caminho das \u00c1guas Informa\u00e7\u00f5es e pedidos Sede social: Av. Dr. Otaviano Pereira Mendes, 1540 Itu -SP 13301-009 Brasil WhatsApp:+55 011 9 9245.9599 Email: contato@caminhodasaguas.org.br","og_url":"https:\/\/caminhodasaguas.org.br\/apoio\/contato\/","og_site_name":"Apoie a Caminho das \u00c1guas","article_publisher":"https:\/\/facebook.com\/caminhodasaguas","og_image":[{"width":400,"height":164,"url":"https:\/\/caminhodasaguas.org.br\/apoio\/wp-content\/uploads\/sites\/7\/2010\/03\/logoch2o-hrz-med.png","type":"image\/png"}],"twitter_card":"summary_large_image","twitter_site":"@caminhodasaguas","twitter_misc":{"Est. tempo de leitura":"1 minuto"},"schema":{"@context":"https:\/\/schema.org","@graph":[{"@type":"WebPage","@id":"https:\/\/caminhodasaguas.org.br\/apoio\/contato\/","url":"https:\/\/caminhodasaguas.org.br\/apoio\/contato\/","name":"Formas de contato com a ONG Caminho das \u00c1guas - Apoie a Caminho das \u00c1guas","isPartOf":{"@id":"https:\/\/caminhodasaguas.org.br\/apoio\/#website"},"datePublished":"2018-04-20T04:12:27+00:00","breadcrumb":{"@id":"https:\/\/caminhodasaguas.org.br\/apoio\/contato\/#breadcrumb"},"inLanguage":"pt-BR","potentialAction":[{"@type":"ReadAction","target":["https:\/\/caminhodasaguas.org.br\/apoio\/contato\/"]}]},{"@type":"BreadcrumbList","@id":"https:\/\/caminhodasaguas.org.br\/apoio\/contato\/#breadcrumb","itemListElement":[{"@type":"ListItem","position":1,"name":"In\u00edcio","item":"https:\/\/caminhodasaguas.org.br\/apoio\/"},{"@type":"ListItem","position":2,"name":"Formas de contato com a ONG Caminho das \u00c1guas"}]},{"@type":"WebSite","@id":"https:\/\/caminhodasaguas.org.br\/apoio\/#website","url":"https:\/\/caminhodasaguas.org.br\/apoio\/","name":"Apoie a Caminho das \u00c1guas","description":"","publisher":{"@id":"https:\/\/caminhodasaguas.org.br\/apoio\/#organization"},"potentialAction":[{"@type":"SearchAction","target":{"@type":"EntryPoint","urlTemplate":"https:\/\/caminhodasaguas.org.br\/apoio\/?s={search_term_string}"},"query-input":{"@type":"PropertyValueSpecification","valueRequired":true,"valueName":"search_term_string"}}],"inLanguage":"pt-BR"},{"@type":"Organization","@id":"https:\/\/caminhodasaguas.org.br\/apoio\/#organization","name":"Caminho das \u00c1guas","url":"https:\/\/caminhodasaguas.org.br\/apoio\/","logo":{"@type":"ImageObject","inLanguage":"pt-BR","@id":"https:\/\/caminhodasaguas.org.br\/apoio\/#\/schema\/logo\/image\/","url":"https:\/\/caminhodasaguas.org.br\/wp-content\/uploads\/2020\/03\/logoch2o-hrz-grd.png","contentUrl":"https:\/\/caminhodasaguas.org.br\/wp-content\/uploads\/2020\/03\/logoch2o-hrz-grd.png","width":1024,"height":420,"caption":"Caminho das \u00c1guas"},"image":{"@id":"https:\/\/caminhodasaguas.org.br\/apoio\/#\/schema\/logo\/image\/"},"sameAs":["https:\/\/facebook.com\/caminhodasaguas","https:\/\/x.com\/caminhodasaguas","https:\/\/instagram.com\/caminhoh2o","https:\/\/www.linkedin.com\/company\/ong-caminho-das-guas"]}]}},"_links":{"self":[{"href":"https:\/\/caminhodasaguas.org.br\/apoio\/wp-json\/wp\/v2\/pages\/49","targetHints":{"allow":["GET"]}}],"collection":[{"href":"https:\/\/caminhodasaguas.org.br\/apoio\/wp-json\/wp\/v2\/pages"}],"about":[{"href":"https:\/\/caminhodasaguas.org.br\/apoio\/wp-json\/wp\/v2\/types\/page"}],"author":[{"embeddable":true,"href":"https:\/\/caminhodasaguas.org.br\/apoio\/wp-json\/wp\/v2\/users\/15"}],"replies":[{"embeddable":true,"href":"https:\/\/caminhodasaguas.org.br\/apoio\/wp-json\/wp\/v2\/comments?post=49"}],"version-history":[{"count":0,"href":"https:\/\/caminhodasaguas.org.br\/apoio\/wp-json\/wp\/v2\/pages\/49\/revisions"}],"wp:attachment":[{"href":"https:\/\/caminhodasaguas.org.br\/apoio\/wp-json\/wp\/v2\/media?parent=49"}],"curies":[{"name":"wp","href":"https:\/\/api.w.org\/{rel}","templated":true}]}}