{"id":10,"date":"2010-04-22T00:07:12","date_gmt":"2010-04-22T00:07:12","guid":{"rendered":"https:\/\/2020.caminhodasaguas.org.br\/metareciclagem\/"},"modified":"2023-10-30T23:47:50","modified_gmt":"2023-10-31T02:47:50","slug":"metareciclagem","status":"publish","type":"page","link":"https:\/\/caminhodasaguas.org.br\/maya\/metareciclagem\/","title":{"rendered":"Metareciclagem na ONG Caminho das \u00c1guas"},"content":{"rendered":"\n<p>Apropria\u00e7\u00e3o e desconstru\u00e7\u00e3o de tecnologia de maneira descentralizada e aberta, propondo novos paradigmas de viv\u00eancia tecnol\u00f3gica. Iniciamos as atividades em 2009 com a primeira e segunda doa\u00e7\u00e3o de equipamentos de Inform\u00e1tica da empresa saltense Treibacher Schleifmittel Brasil. Este material serviu como indutor de:<\/p>\n\n\n\n<ul class=\"wp-block-list\">\n<li>Oficinas, workshops de Ativismo Digital, Redes Sociais e Educa\u00e7\u00e3o na Internet<\/li>\n\n\n\n<li>Reuso e Manuten\u00e7\u00e3o em aparelhos digitais<\/li>\n\n\n\n<li>Doa\u00e7\u00e3o do excedente de produ\u00e7\u00e3o para entidades, parceiras e afins<\/li>\n\n\n\n<li>Disseminando ilhas de conex\u00e3o de redes livres com IoT<\/li>\n<\/ul>\n\n\n\n<div class=\"wp-block-columns is-layout-flex wp-container-core-columns-is-layout-28f84493 wp-block-columns-is-layout-flex\">\n<div class=\"wp-block-column is-layout-flow wp-block-column-is-layout-flow\">\n<div class=\"wp-block-getwid-icon-box has-text-center\"><div class=\"wp-block-getwid-icon-box__icon-container is-position-top\"><div class=\"wp-block-getwid-icon-box__icon-wrapper\"><i class=\"fas fa-code-branch\"><\/i><\/div><\/div><div class=\"wp-block-getwid-icon-box__content\">\n<h3 class=\"wp-block-heading\">Ferramentas Digitais Gratuitas e Emancipadoras<\/h3>\n\n\n\n<p><\/p>\n<\/div><\/div>\n<\/div>\n\n\n\n<div class=\"wp-block-column is-layout-flow wp-block-column-is-layout-flow\">\n<div class=\"wp-block-getwid-icon-box has-text-center\"><div class=\"wp-block-getwid-icon-box__icon-container is-position-top\"><div class=\"wp-block-getwid-icon-box__icon-wrapper\"><i class=\"fas fa-code\"><\/i><\/div><\/div><div class=\"wp-block-getwid-icon-box__content\">\n<h3 class=\"wp-block-heading\">Contribuindo com softwares livres e descentralizados<\/h3>\n\n\n\n<p><\/p>\n<\/div><\/div>\n<\/div>\n\n\n\n<div class=\"wp-block-column is-layout-flow wp-block-column-is-layout-flow\">\n<div class=\"wp-block-getwid-icon-box has-text-center\"><div class=\"wp-block-getwid-icon-box__icon-container is-position-top\"><div class=\"wp-block-getwid-icon-box__icon-wrapper\"><i class=\"fas fa-people-carry\"><\/i><\/div><\/div><div class=\"wp-block-getwid-icon-box__content\">\n<h3 class=\"wp-block-heading\">Democratizando o software livre<\/h3>\n\n\n\n<p><\/p>\n<\/div><\/div>\n<\/div>\n<\/div>\n\n\n\n<h3 class=\"wp-block-heading\">Water Operations<\/h3>\n\n\n\n<p>Em desenvolvimento, em 2016 iniciamos no Laborat\u00f3rio Tempor\u00e1rio de Experi\u00eancias Sens\u00edveis, a <a href=\"projetos\/baiahacker\" target=\"_blank\" rel=\"noopener noreferrer\">Baia Hacker Space<\/a>, as atividades do que chamamos de <strong><em>WaterOps<\/em><\/strong>, inspiradas na cultura DevOPs e ChatOps, integradas \u00e0 Cultura de Redes.<\/p>\n","protected":false},"excerpt":{"rendered":"<p>Apropria\u00e7\u00e3o e desconstru\u00e7\u00e3o de tecnologia de maneira descentralizada e aberta, propondo novos paradigmas de viv\u00eancia tecnol\u00f3gica. Iniciamos as atividades em 2009 com a primeira e segunda doa\u00e7\u00e3o de equipamentos de Inform\u00e1tica da empresa saltense Treibacher Schleifmittel Brasil. Este material serviu como indutor de: Water Operations Em desenvolvimento, em 2016 iniciamos no Laborat\u00f3rio Tempor\u00e1rio de Experi\u00eancias [&hellip;]<\/p>\n","protected":false},"author":1,"featured_media":0,"parent":0,"menu_order":4,"comment_status":"closed","ping_status":"closed","template":"template-page-sidebar.php","meta":{"footnotes":""},"class_list":["post-10","page","type-page","status-publish","hentry"],"blocksy_meta":[],"yoast_head":"<!-- This site is optimized with the Yoast SEO plugin v27.0 - https:\/\/yoast.com\/product\/yoast-seo-wordpress\/ -->\n<title>Metareciclagem na ONG Caminho das \u00c1guas - Caminho das \u00c1guas 20 Anos<\/title>\n<meta name=\"robots\" content=\"index, follow, max-snippet:-1, max-image-preview:large, max-video-preview:-1\" \/>\n<link rel=\"canonical\" href=\"https:\/\/caminhodasaguas.org.br\/maya\/metareciclagem\/\" \/>\n<meta property=\"og:locale\" content=\"pt_BR\" \/>\n<meta property=\"og:type\" content=\"article\" \/>\n<meta property=\"og:title\" content=\"Metareciclagem na ONG Caminho das \u00c1guas - Caminho das \u00c1guas 20 Anos\" \/>\n<meta property=\"og:description\" content=\"Apropria\u00e7\u00e3o e desconstru\u00e7\u00e3o de tecnologia de maneira descentralizada e aberta, propondo novos paradigmas de viv\u00eancia tecnol\u00f3gica. Iniciamos as atividades em 2009 com a primeira e segunda doa\u00e7\u00e3o de equipamentos de Inform\u00e1tica da empresa saltense Treibacher Schleifmittel Brasil. Este material serviu como indutor de: Water Operations Em desenvolvimento, em 2016 iniciamos no Laborat\u00f3rio Tempor\u00e1rio de Experi\u00eancias [&hellip;]\" \/>\n<meta property=\"og:url\" content=\"https:\/\/caminhodasaguas.org.br\/maya\/metareciclagem\/\" \/>\n<meta property=\"og:site_name\" content=\"Caminho das \u00c1guas 20 Anos\" \/>\n<meta property=\"article:publisher\" content=\"https:\/\/facebook.com\/caminhodasaguas\" \/>\n<meta property=\"article:modified_time\" content=\"2023-10-31T02:47:50+00:00\" \/>\n<meta property=\"og:image\" content=\"https:\/\/caminhodasaguas.org.br\/maya\/wp-content\/uploads\/sites\/4\/2010\/03\/logoch2o-hrz-med.png\" \/>\n\t<meta property=\"og:image:width\" content=\"400\" \/>\n\t<meta property=\"og:image:height\" content=\"164\" \/>\n\t<meta property=\"og:image:type\" content=\"image\/png\" \/>\n<meta name=\"twitter:card\" content=\"summary_large_image\" \/>\n<meta name=\"twitter:site\" content=\"@caminhodasaguas\" \/>\n<meta name=\"twitter:label1\" content=\"Est. tempo de leitura\" \/>\n\t<meta name=\"twitter:data1\" content=\"1 minuto\" \/>\n<script type=\"application\/ld+json\" class=\"yoast-schema-graph\">{\"@context\":\"https:\/\/schema.org\",\"@graph\":[{\"@type\":\"WebPage\",\"@id\":\"https:\/\/caminhodasaguas.org.br\/maya\/metareciclagem\/\",\"url\":\"https:\/\/caminhodasaguas.org.br\/maya\/metareciclagem\/\",\"name\":\"Metareciclagem na ONG Caminho das \u00c1guas - Caminho das \u00c1guas 20 Anos\",\"isPartOf\":{\"@id\":\"https:\/\/caminhodasaguas.org.br\/maya\/#website\"},\"datePublished\":\"2010-04-22T00:07:12+00:00\",\"dateModified\":\"2023-10-31T02:47:50+00:00\",\"breadcrumb\":{\"@id\":\"https:\/\/caminhodasaguas.org.br\/maya\/metareciclagem\/#breadcrumb\"},\"inLanguage\":\"pt-BR\",\"potentialAction\":[{\"@type\":\"ReadAction\",\"target\":[\"https:\/\/caminhodasaguas.org.br\/maya\/metareciclagem\/\"]}]},{\"@type\":\"BreadcrumbList\",\"@id\":\"https:\/\/caminhodasaguas.org.br\/maya\/metareciclagem\/#breadcrumb\",\"itemListElement\":[{\"@type\":\"ListItem\",\"position\":1,\"name\":\"In\u00edcio\",\"item\":\"https:\/\/caminhodasaguas.org.br\/maya\/\"},{\"@type\":\"ListItem\",\"position\":2,\"name\":\"Metareciclagem na ONG Caminho das \u00c1guas\"}]},{\"@type\":\"WebSite\",\"@id\":\"https:\/\/caminhodasaguas.org.br\/maya\/#website\",\"url\":\"https:\/\/caminhodasaguas.org.br\/maya\/\",\"name\":\"Caminho das \u00c1guas 20 Anos\",\"description\":\"Movimento S\u00f3cio-Ambiental Caminho das \u00c1guas\",\"publisher\":{\"@id\":\"https:\/\/caminhodasaguas.org.br\/maya\/#organization\"},\"potentialAction\":[{\"@type\":\"SearchAction\",\"target\":{\"@type\":\"EntryPoint\",\"urlTemplate\":\"https:\/\/caminhodasaguas.org.br\/maya\/?s={search_term_string}\"},\"query-input\":{\"@type\":\"PropertyValueSpecification\",\"valueRequired\":true,\"valueName\":\"search_term_string\"}}],\"inLanguage\":\"pt-BR\"},{\"@type\":\"Organization\",\"@id\":\"https:\/\/caminhodasaguas.org.br\/maya\/#organization\",\"name\":\"Caminho das \u00c1guas\",\"url\":\"https:\/\/caminhodasaguas.org.br\/maya\/\",\"logo\":{\"@type\":\"ImageObject\",\"inLanguage\":\"pt-BR\",\"@id\":\"https:\/\/caminhodasaguas.org.br\/maya\/#\/schema\/logo\/image\/\",\"url\":\"https:\/\/caminhodasaguas.org.br\/wp-content\/uploads\/2020\/03\/logoch2o-hrz-grd.png\",\"contentUrl\":\"https:\/\/caminhodasaguas.org.br\/wp-content\/uploads\/2020\/03\/logoch2o-hrz-grd.png\",\"width\":1024,\"height\":420,\"caption\":\"Caminho das \u00c1guas\"},\"image\":{\"@id\":\"https:\/\/caminhodasaguas.org.br\/maya\/#\/schema\/logo\/image\/\"},\"sameAs\":[\"https:\/\/facebook.com\/caminhodasaguas\",\"https:\/\/x.com\/caminhodasaguas\",\"https:\/\/instagram.com\/caminhoh2o\",\"https:\/\/www.linkedin.com\/company\/ong-caminho-das-guas\"]}]}<\/script>\n<!-- \/ Yoast SEO plugin. -->","yoast_head_json":{"title":"Metareciclagem na ONG Caminho das \u00c1guas - Caminho das \u00c1guas 20 Anos","robots":{"index":"index","follow":"follow","max-snippet":"max-snippet:-1","max-image-preview":"max-image-preview:large","max-video-preview":"max-video-preview:-1"},"canonical":"https:\/\/caminhodasaguas.org.br\/maya\/metareciclagem\/","og_locale":"pt_BR","og_type":"article","og_title":"Metareciclagem na ONG Caminho das \u00c1guas - Caminho das \u00c1guas 20 Anos","og_description":"Apropria\u00e7\u00e3o e desconstru\u00e7\u00e3o de tecnologia de maneira descentralizada e aberta, propondo novos paradigmas de viv\u00eancia tecnol\u00f3gica. Iniciamos as atividades em 2009 com a primeira e segunda doa\u00e7\u00e3o de equipamentos de Inform\u00e1tica da empresa saltense Treibacher Schleifmittel Brasil. Este material serviu como indutor de: Water Operations Em desenvolvimento, em 2016 iniciamos no Laborat\u00f3rio Tempor\u00e1rio de Experi\u00eancias [&hellip;]","og_url":"https:\/\/caminhodasaguas.org.br\/maya\/metareciclagem\/","og_site_name":"Caminho das \u00c1guas 20 Anos","article_publisher":"https:\/\/facebook.com\/caminhodasaguas","article_modified_time":"2023-10-31T02:47:50+00:00","og_image":[{"width":400,"height":164,"url":"https:\/\/caminhodasaguas.org.br\/maya\/wp-content\/uploads\/sites\/4\/2010\/03\/logoch2o-hrz-med.png","type":"image\/png"}],"twitter_card":"summary_large_image","twitter_site":"@caminhodasaguas","twitter_misc":{"Est. tempo de leitura":"1 minuto"},"schema":{"@context":"https:\/\/schema.org","@graph":[{"@type":"WebPage","@id":"https:\/\/caminhodasaguas.org.br\/maya\/metareciclagem\/","url":"https:\/\/caminhodasaguas.org.br\/maya\/metareciclagem\/","name":"Metareciclagem na ONG Caminho das \u00c1guas - Caminho das \u00c1guas 20 Anos","isPartOf":{"@id":"https:\/\/caminhodasaguas.org.br\/maya\/#website"},"datePublished":"2010-04-22T00:07:12+00:00","dateModified":"2023-10-31T02:47:50+00:00","breadcrumb":{"@id":"https:\/\/caminhodasaguas.org.br\/maya\/metareciclagem\/#breadcrumb"},"inLanguage":"pt-BR","potentialAction":[{"@type":"ReadAction","target":["https:\/\/caminhodasaguas.org.br\/maya\/metareciclagem\/"]}]},{"@type":"BreadcrumbList","@id":"https:\/\/caminhodasaguas.org.br\/maya\/metareciclagem\/#breadcrumb","itemListElement":[{"@type":"ListItem","position":1,"name":"In\u00edcio","item":"https:\/\/caminhodasaguas.org.br\/maya\/"},{"@type":"ListItem","position":2,"name":"Metareciclagem na ONG Caminho das \u00c1guas"}]},{"@type":"WebSite","@id":"https:\/\/caminhodasaguas.org.br\/maya\/#website","url":"https:\/\/caminhodasaguas.org.br\/maya\/","name":"Caminho das \u00c1guas 20 Anos","description":"Movimento S\u00f3cio-Ambiental Caminho das \u00c1guas","publisher":{"@id":"https:\/\/caminhodasaguas.org.br\/maya\/#organization"},"potentialAction":[{"@type":"SearchAction","target":{"@type":"EntryPoint","urlTemplate":"https:\/\/caminhodasaguas.org.br\/maya\/?s={search_term_string}"},"query-input":{"@type":"PropertyValueSpecification","valueRequired":true,"valueName":"search_term_string"}}],"inLanguage":"pt-BR"},{"@type":"Organization","@id":"https:\/\/caminhodasaguas.org.br\/maya\/#organization","name":"Caminho das \u00c1guas","url":"https:\/\/caminhodasaguas.org.br\/maya\/","logo":{"@type":"ImageObject","inLanguage":"pt-BR","@id":"https:\/\/caminhodasaguas.org.br\/maya\/#\/schema\/logo\/image\/","url":"https:\/\/caminhodasaguas.org.br\/wp-content\/uploads\/2020\/03\/logoch2o-hrz-grd.png","contentUrl":"https:\/\/caminhodasaguas.org.br\/wp-content\/uploads\/2020\/03\/logoch2o-hrz-grd.png","width":1024,"height":420,"caption":"Caminho das \u00c1guas"},"image":{"@id":"https:\/\/caminhodasaguas.org.br\/maya\/#\/schema\/logo\/image\/"},"sameAs":["https:\/\/facebook.com\/caminhodasaguas","https:\/\/x.com\/caminhodasaguas","https:\/\/instagram.com\/caminhoh2o","https:\/\/www.linkedin.com\/company\/ong-caminho-das-guas"]}]}},"_links":{"self":[{"href":"https:\/\/caminhodasaguas.org.br\/maya\/wp-json\/wp\/v2\/pages\/10","targetHints":{"allow":["GET"]}}],"collection":[{"href":"https:\/\/caminhodasaguas.org.br\/maya\/wp-json\/wp\/v2\/pages"}],"about":[{"href":"https:\/\/caminhodasaguas.org.br\/maya\/wp-json\/wp\/v2\/types\/page"}],"author":[{"embeddable":true,"href":"https:\/\/caminhodasaguas.org.br\/maya\/wp-json\/wp\/v2\/users\/1"}],"replies":[{"embeddable":true,"href":"https:\/\/caminhodasaguas.org.br\/maya\/wp-json\/wp\/v2\/comments?post=10"}],"version-history":[{"count":7,"href":"https:\/\/caminhodasaguas.org.br\/maya\/wp-json\/wp\/v2\/pages\/10\/revisions"}],"predecessor-version":[{"id":12646,"href":"https:\/\/caminhodasaguas.org.br\/maya\/wp-json\/wp\/v2\/pages\/10\/revisions\/12646"}],"wp:attachment":[{"href":"https:\/\/caminhodasaguas.org.br\/maya\/wp-json\/wp\/v2\/media?parent=10"}],"curies":[{"name":"wp","href":"https:\/\/api.w.org\/{rel}","templated":true}]}}