{"id":12578,"date":"2023-10-30T16:52:22","date_gmt":"2023-10-30T19:52:22","guid":{"rendered":"https:\/\/caminhodasaguas.org.br\/maya\/?page_id=12578"},"modified":"2023-10-30T16:56:24","modified_gmt":"2023-10-30T19:56:24","slug":"participacao-social-ativa","status":"publish","type":"page","link":"https:\/\/caminhodasaguas.org.br\/maya\/participacao-social-ativa\/","title":{"rendered":"Participa\u00e7\u00e3o Social Ativa"},"content":{"rendered":"\t\t<div data-elementor-type=\"wp-page\" data-elementor-id=\"12578\" class=\"elementor elementor-12578\" data-elementor-post-type=\"page\">\n\t\t\t\t<div class=\"elementor-element elementor-element-457ebd0 e-flex e-con-boxed e-con e-parent\" data-id=\"457ebd0\" data-element_type=\"container\" data-e-type=\"container\">\n\t\t\t\t\t<div class=\"e-con-inner\">\n\t\t\t\t\t<\/div>\n\t\t\t\t<\/div>\n\t\t\t\t<\/div>\n\t\t","protected":false},"excerpt":{"rendered":"<p>All Pol\u00edticas P\u00fablicas Conselho do Desenvolvimento Urbano de Assis Desenvolvimento Comit\u00ea de Bacia Hidrogr\u00e1fica do Sorocaba-M\u00e9dio-Tiet\u00ea Recursos H\u00eddricos<\/p>\n","protected":false},"author":1,"featured_media":0,"parent":0,"menu_order":0,"comment_status":"closed","ping_status":"closed","template":"template-page-sidebar.php","meta":{"footnotes":""},"class_list":["post-12578","page","type-page","status-publish","hentry"],"blocksy_meta":[],"yoast_head":"<!-- This site is optimized with the Yoast SEO plugin v27.0 - https:\/\/yoast.com\/product\/yoast-seo-wordpress\/ -->\n<title>Participa\u00e7\u00e3o Social Ativa - Caminho das \u00c1guas 20 Anos<\/title>\n<meta name=\"robots\" content=\"index, follow, max-snippet:-1, max-image-preview:large, max-video-preview:-1\" \/>\n<link rel=\"canonical\" href=\"https:\/\/caminhodasaguas.org.br\/maya\/participacao-social-ativa\/\" \/>\n<meta property=\"og:locale\" content=\"pt_BR\" \/>\n<meta property=\"og:type\" content=\"article\" \/>\n<meta property=\"og:title\" content=\"Participa\u00e7\u00e3o Social Ativa - Caminho das \u00c1guas 20 Anos\" \/>\n<meta property=\"og:description\" content=\"All Pol\u00edticas P\u00fablicas Conselho do Desenvolvimento Urbano de Assis Desenvolvimento Comit\u00ea de Bacia Hidrogr\u00e1fica do Sorocaba-M\u00e9dio-Tiet\u00ea Recursos H\u00eddricos\" \/>\n<meta property=\"og:url\" content=\"https:\/\/caminhodasaguas.org.br\/maya\/participacao-social-ativa\/\" \/>\n<meta property=\"og:site_name\" content=\"Caminho das \u00c1guas 20 Anos\" \/>\n<meta property=\"article:publisher\" content=\"https:\/\/facebook.com\/caminhodasaguas\" \/>\n<meta property=\"article:modified_time\" content=\"2023-10-30T19:56:24+00:00\" \/>\n<meta property=\"og:image\" content=\"https:\/\/caminhodasaguas.org.br\/maya\/wp-content\/themes\/manual\/img\/blank-portfolio.jpg\" \/>\n<meta name=\"twitter:card\" content=\"summary_large_image\" \/>\n<meta name=\"twitter:site\" content=\"@caminhodasaguas\" \/>\n<meta name=\"twitter:label1\" content=\"Est. tempo de leitura\" \/>\n\t<meta name=\"twitter:data1\" content=\"1 minuto\" \/>\n<script type=\"application\/ld+json\" class=\"yoast-schema-graph\">{\"@context\":\"https:\/\/schema.org\",\"@graph\":[{\"@type\":\"WebPage\",\"@id\":\"https:\/\/caminhodasaguas.org.br\/maya\/participacao-social-ativa\/\",\"url\":\"https:\/\/caminhodasaguas.org.br\/maya\/participacao-social-ativa\/\",\"name\":\"Participa\u00e7\u00e3o Social Ativa - Caminho das \u00c1guas 20 Anos\",\"isPartOf\":{\"@id\":\"https:\/\/caminhodasaguas.org.br\/maya\/#website\"},\"primaryImageOfPage\":{\"@id\":\"https:\/\/caminhodasaguas.org.br\/maya\/participacao-social-ativa\/#primaryimage\"},\"image\":{\"@id\":\"https:\/\/caminhodasaguas.org.br\/maya\/participacao-social-ativa\/#primaryimage\"},\"thumbnailUrl\":\"https:\/\/caminhodasaguas.org.br\/maya\/wp-content\/themes\/manual\/img\/blank-portfolio.jpg\",\"datePublished\":\"2023-10-30T19:52:22+00:00\",\"dateModified\":\"2023-10-30T19:56:24+00:00\",\"breadcrumb\":{\"@id\":\"https:\/\/caminhodasaguas.org.br\/maya\/participacao-social-ativa\/#breadcrumb\"},\"inLanguage\":\"pt-BR\",\"potentialAction\":[{\"@type\":\"ReadAction\",\"target\":[\"https:\/\/caminhodasaguas.org.br\/maya\/participacao-social-ativa\/\"]}]},{\"@type\":\"ImageObject\",\"inLanguage\":\"pt-BR\",\"@id\":\"https:\/\/caminhodasaguas.org.br\/maya\/participacao-social-ativa\/#primaryimage\",\"url\":\"https:\/\/caminhodasaguas.org.br\/maya\/wp-content\/themes\/manual\/img\/blank-portfolio.jpg\",\"contentUrl\":\"https:\/\/caminhodasaguas.org.br\/maya\/wp-content\/themes\/manual\/img\/blank-portfolio.jpg\"},{\"@type\":\"BreadcrumbList\",\"@id\":\"https:\/\/caminhodasaguas.org.br\/maya\/participacao-social-ativa\/#breadcrumb\",\"itemListElement\":[{\"@type\":\"ListItem\",\"position\":1,\"name\":\"In\u00edcio\",\"item\":\"https:\/\/caminhodasaguas.org.br\/maya\/\"},{\"@type\":\"ListItem\",\"position\":2,\"name\":\"Participa\u00e7\u00e3o Social Ativa\"}]},{\"@type\":\"WebSite\",\"@id\":\"https:\/\/caminhodasaguas.org.br\/maya\/#website\",\"url\":\"https:\/\/caminhodasaguas.org.br\/maya\/\",\"name\":\"Caminho das \u00c1guas 20 Anos\",\"description\":\"Movimento S\u00f3cio-Ambiental Caminho das \u00c1guas\",\"publisher\":{\"@id\":\"https:\/\/caminhodasaguas.org.br\/maya\/#organization\"},\"potentialAction\":[{\"@type\":\"SearchAction\",\"target\":{\"@type\":\"EntryPoint\",\"urlTemplate\":\"https:\/\/caminhodasaguas.org.br\/maya\/?s={search_term_string}\"},\"query-input\":{\"@type\":\"PropertyValueSpecification\",\"valueRequired\":true,\"valueName\":\"search_term_string\"}}],\"inLanguage\":\"pt-BR\"},{\"@type\":\"Organization\",\"@id\":\"https:\/\/caminhodasaguas.org.br\/maya\/#organization\",\"name\":\"Caminho das \u00c1guas\",\"url\":\"https:\/\/caminhodasaguas.org.br\/maya\/\",\"logo\":{\"@type\":\"ImageObject\",\"inLanguage\":\"pt-BR\",\"@id\":\"https:\/\/caminhodasaguas.org.br\/maya\/#\/schema\/logo\/image\/\",\"url\":\"https:\/\/caminhodasaguas.org.br\/wp-content\/uploads\/2020\/03\/logoch2o-hrz-grd.png\",\"contentUrl\":\"https:\/\/caminhodasaguas.org.br\/wp-content\/uploads\/2020\/03\/logoch2o-hrz-grd.png\",\"width\":1024,\"height\":420,\"caption\":\"Caminho das \u00c1guas\"},\"image\":{\"@id\":\"https:\/\/caminhodasaguas.org.br\/maya\/#\/schema\/logo\/image\/\"},\"sameAs\":[\"https:\/\/facebook.com\/caminhodasaguas\",\"https:\/\/x.com\/caminhodasaguas\",\"https:\/\/instagram.com\/caminhoh2o\",\"https:\/\/www.linkedin.com\/company\/ong-caminho-das-guas\"]}]}<\/script>\n<!-- \/ Yoast SEO plugin. -->","yoast_head_json":{"title":"Participa\u00e7\u00e3o Social Ativa - Caminho das \u00c1guas 20 Anos","robots":{"index":"index","follow":"follow","max-snippet":"max-snippet:-1","max-image-preview":"max-image-preview:large","max-video-preview":"max-video-preview:-1"},"canonical":"https:\/\/caminhodasaguas.org.br\/maya\/participacao-social-ativa\/","og_locale":"pt_BR","og_type":"article","og_title":"Participa\u00e7\u00e3o Social Ativa - Caminho das \u00c1guas 20 Anos","og_description":"All Pol\u00edticas P\u00fablicas Conselho do Desenvolvimento Urbano de Assis Desenvolvimento Comit\u00ea de Bacia Hidrogr\u00e1fica do Sorocaba-M\u00e9dio-Tiet\u00ea Recursos H\u00eddricos","og_url":"https:\/\/caminhodasaguas.org.br\/maya\/participacao-social-ativa\/","og_site_name":"Caminho das \u00c1guas 20 Anos","article_publisher":"https:\/\/facebook.com\/caminhodasaguas","article_modified_time":"2023-10-30T19:56:24+00:00","og_image":[{"url":"https:\/\/caminhodasaguas.org.br\/maya\/wp-content\/themes\/manual\/img\/blank-portfolio.jpg","type":"","width":"","height":""}],"twitter_card":"summary_large_image","twitter_site":"@caminhodasaguas","twitter_misc":{"Est. tempo de leitura":"1 minuto"},"schema":{"@context":"https:\/\/schema.org","@graph":[{"@type":"WebPage","@id":"https:\/\/caminhodasaguas.org.br\/maya\/participacao-social-ativa\/","url":"https:\/\/caminhodasaguas.org.br\/maya\/participacao-social-ativa\/","name":"Participa\u00e7\u00e3o Social Ativa - Caminho das \u00c1guas 20 Anos","isPartOf":{"@id":"https:\/\/caminhodasaguas.org.br\/maya\/#website"},"primaryImageOfPage":{"@id":"https:\/\/caminhodasaguas.org.br\/maya\/participacao-social-ativa\/#primaryimage"},"image":{"@id":"https:\/\/caminhodasaguas.org.br\/maya\/participacao-social-ativa\/#primaryimage"},"thumbnailUrl":"https:\/\/caminhodasaguas.org.br\/maya\/wp-content\/themes\/manual\/img\/blank-portfolio.jpg","datePublished":"2023-10-30T19:52:22+00:00","dateModified":"2023-10-30T19:56:24+00:00","breadcrumb":{"@id":"https:\/\/caminhodasaguas.org.br\/maya\/participacao-social-ativa\/#breadcrumb"},"inLanguage":"pt-BR","potentialAction":[{"@type":"ReadAction","target":["https:\/\/caminhodasaguas.org.br\/maya\/participacao-social-ativa\/"]}]},{"@type":"ImageObject","inLanguage":"pt-BR","@id":"https:\/\/caminhodasaguas.org.br\/maya\/participacao-social-ativa\/#primaryimage","url":"https:\/\/caminhodasaguas.org.br\/maya\/wp-content\/themes\/manual\/img\/blank-portfolio.jpg","contentUrl":"https:\/\/caminhodasaguas.org.br\/maya\/wp-content\/themes\/manual\/img\/blank-portfolio.jpg"},{"@type":"BreadcrumbList","@id":"https:\/\/caminhodasaguas.org.br\/maya\/participacao-social-ativa\/#breadcrumb","itemListElement":[{"@type":"ListItem","position":1,"name":"In\u00edcio","item":"https:\/\/caminhodasaguas.org.br\/maya\/"},{"@type":"ListItem","position":2,"name":"Participa\u00e7\u00e3o Social Ativa"}]},{"@type":"WebSite","@id":"https:\/\/caminhodasaguas.org.br\/maya\/#website","url":"https:\/\/caminhodasaguas.org.br\/maya\/","name":"Caminho das \u00c1guas 20 Anos","description":"Movimento S\u00f3cio-Ambiental Caminho das \u00c1guas","publisher":{"@id":"https:\/\/caminhodasaguas.org.br\/maya\/#organization"},"potentialAction":[{"@type":"SearchAction","target":{"@type":"EntryPoint","urlTemplate":"https:\/\/caminhodasaguas.org.br\/maya\/?s={search_term_string}"},"query-input":{"@type":"PropertyValueSpecification","valueRequired":true,"valueName":"search_term_string"}}],"inLanguage":"pt-BR"},{"@type":"Organization","@id":"https:\/\/caminhodasaguas.org.br\/maya\/#organization","name":"Caminho das \u00c1guas","url":"https:\/\/caminhodasaguas.org.br\/maya\/","logo":{"@type":"ImageObject","inLanguage":"pt-BR","@id":"https:\/\/caminhodasaguas.org.br\/maya\/#\/schema\/logo\/image\/","url":"https:\/\/caminhodasaguas.org.br\/wp-content\/uploads\/2020\/03\/logoch2o-hrz-grd.png","contentUrl":"https:\/\/caminhodasaguas.org.br\/wp-content\/uploads\/2020\/03\/logoch2o-hrz-grd.png","width":1024,"height":420,"caption":"Caminho das \u00c1guas"},"image":{"@id":"https:\/\/caminhodasaguas.org.br\/maya\/#\/schema\/logo\/image\/"},"sameAs":["https:\/\/facebook.com\/caminhodasaguas","https:\/\/x.com\/caminhodasaguas","https:\/\/instagram.com\/caminhoh2o","https:\/\/www.linkedin.com\/company\/ong-caminho-das-guas"]}]}},"_links":{"self":[{"href":"https:\/\/caminhodasaguas.org.br\/maya\/wp-json\/wp\/v2\/pages\/12578","targetHints":{"allow":["GET"]}}],"collection":[{"href":"https:\/\/caminhodasaguas.org.br\/maya\/wp-json\/wp\/v2\/pages"}],"about":[{"href":"https:\/\/caminhodasaguas.org.br\/maya\/wp-json\/wp\/v2\/types\/page"}],"author":[{"embeddable":true,"href":"https:\/\/caminhodasaguas.org.br\/maya\/wp-json\/wp\/v2\/users\/1"}],"replies":[{"embeddable":true,"href":"https:\/\/caminhodasaguas.org.br\/maya\/wp-json\/wp\/v2\/comments?post=12578"}],"version-history":[{"count":4,"href":"https:\/\/caminhodasaguas.org.br\/maya\/wp-json\/wp\/v2\/pages\/12578\/revisions"}],"predecessor-version":[{"id":12582,"href":"https:\/\/caminhodasaguas.org.br\/maya\/wp-json\/wp\/v2\/pages\/12578\/revisions\/12582"}],"wp:attachment":[{"href":"https:\/\/caminhodasaguas.org.br\/maya\/wp-json\/wp\/v2\/media?parent=12578"}],"curies":[{"name":"wp","href":"https:\/\/api.w.org\/{rel}","templated":true}]}}