{"id":13,"date":"2010-04-22T00:08:14","date_gmt":"2010-04-22T00:08:14","guid":{"rendered":"https:\/\/2020.caminhodasaguas.org.br\/permacultura\/"},"modified":"2023-10-30T16:15:31","modified_gmt":"2023-10-30T19:15:31","slug":"permacultura","status":"publish","type":"page","link":"https:\/\/caminhodasaguas.org.br\/maya\/permacultura\/","title":{"rendered":"PermaTecnoYoga \u00e9 a Permacultura na ONG Caminho das \u00c1guas"},"content":{"rendered":"\n<p>A permacultura \u00e9 um m\u00e9todo hol\u00edstico para planejar, atualizar e manter sistemas de escala humana (jardins, vilas, aldeias e comunidades) ambientalmente sustent\u00e1veis, socialmente&nbsp;justos e financeiramente vi\u00e1veis. Aplicando os Princ\u00edpios de Permacultura em todos os trabalhos, a ONG Caminho das \u00c1guas prop\u00f5e hoje o BioTechnoSwarm, os Mitotes ou a PermaTecnoYoga atrav\u00e9s de:<\/p>\n\n\n\n<ul class=\"wp-block-list\">\n<li>Oficinas e workshops para crian\u00e7as, jovens e adultos,<\/li>\n\n\n\n<li>Forma\u00e7\u00e3o de redes e grupos de estudo e pr\u00e1tica da permacultura<\/li>\n\n\n\n<li>Experi\u00eancias e viv\u00eancias na <a href=\"http:\/\/portorural.com.br\/\" target=\"_blank\" rel=\"noopener noreferrer\">Porto Rural<\/a> com apoio&nbsp;da rede <a href=\"https:\/\/www.worldpackers.com\/positions\/5613\" target=\"_blank\" rel=\"noopener noreferrer\">WorldPackers<\/a><\/li>\n<\/ul>\n\n\n\n<p class=\"has-text-align-center\"><code>flor da permacultura <a href=\"https:\/\/permacultureprinciples.com\/pt\/\" target=\"_blank\" rel=\"noopener noreferrer\">https:\/\/permacultureprinciples.com\/pt\/<\/a><\/code><\/p>\n\n\n\n<p>A seguir voc\u00ea pode fazer o download de uma apresenta\u00e7\u00e3o que utilizamos em palestras te\u00f3ricas&nbsp;para universit\u00e1rias(os). Ela \u00e9 preparada para apresenta\u00e7\u00f5es orais de 2h, aulas mesmo, ent\u00e3o o conte\u00fado est\u00e1 nas pessoas que apresentam e n\u00e3o nos slides, mas a utilidade aqui \u00e9 que ela pode&nbsp;servir para complementar os seus estudos pela&nbsp;Internet.<\/p>\n\n\n\n<h4 class=\"wp-block-heading\"><code><a title=\"Download da apresenta\u00e7\u00e3o\" href=\"https:\/\/caminhodasaguas.org.br\/maya\/wp-content\/uploads\/sites\/4\/2010\/04\/dmdocuments_Introducao-a-Permacultura-CH2O_17052016.pdf\" target=\"_blank\" rel=\"noopener noreferrer\">Download da apresenta\u00e7\u00e3o<\/a> (arquivo .pdf com 5,46MB)<\/code><\/h4>\n","protected":false},"excerpt":{"rendered":"<p>A permacultura \u00e9 um m\u00e9todo hol\u00edstico para planejar, atualizar e manter sistemas de escala humana (jardins, vilas, aldeias e comunidades) ambientalmente sustent\u00e1veis, socialmente&nbsp;justos e financeiramente vi\u00e1veis. Aplicando os Princ\u00edpios de Permacultura em todos os trabalhos, a ONG Caminho das \u00c1guas prop\u00f5e hoje o BioTechnoSwarm, os Mitotes ou a PermaTecnoYoga atrav\u00e9s de: flor da permacultura https:\/\/permacultureprinciples.com\/pt\/ [&hellip;]<\/p>\n","protected":false},"author":1,"featured_media":11,"parent":0,"menu_order":3,"comment_status":"closed","ping_status":"closed","template":"template-page-sidebar.php","meta":{"footnotes":""},"class_list":["post-13","page","type-page","status-publish","has-post-thumbnail","hentry"],"blocksy_meta":[],"yoast_head":"<!-- This site is optimized with the Yoast SEO plugin v27.0 - https:\/\/yoast.com\/product\/yoast-seo-wordpress\/ -->\n<title>PermaTecnoYoga \u00e9 a Permacultura na ONG Caminho das \u00c1guas - Caminho das \u00c1guas 20 Anos<\/title>\n<meta name=\"robots\" content=\"index, follow, max-snippet:-1, max-image-preview:large, max-video-preview:-1\" \/>\n<link rel=\"canonical\" href=\"https:\/\/caminhodasaguas.org.br\/maya\/permacultura\/\" \/>\n<meta property=\"og:locale\" content=\"pt_BR\" \/>\n<meta property=\"og:type\" content=\"article\" \/>\n<meta property=\"og:title\" content=\"PermaTecnoYoga \u00e9 a Permacultura na ONG Caminho das \u00c1guas - Caminho das \u00c1guas 20 Anos\" \/>\n<meta property=\"og:description\" content=\"A permacultura \u00e9 um m\u00e9todo hol\u00edstico para planejar, atualizar e manter sistemas de escala humana (jardins, vilas, aldeias e comunidades) ambientalmente sustent\u00e1veis, socialmente&nbsp;justos e financeiramente vi\u00e1veis. Aplicando os Princ\u00edpios de Permacultura em todos os trabalhos, a ONG Caminho das \u00c1guas prop\u00f5e hoje o BioTechnoSwarm, os Mitotes ou a PermaTecnoYoga atrav\u00e9s de: flor da permacultura https:\/\/permacultureprinciples.com\/pt\/ [&hellip;]\" \/>\n<meta property=\"og:url\" content=\"https:\/\/caminhodasaguas.org.br\/maya\/permacultura\/\" \/>\n<meta property=\"og:site_name\" content=\"Caminho das \u00c1guas 20 Anos\" \/>\n<meta property=\"article:publisher\" content=\"https:\/\/facebook.com\/caminhodasaguas\" \/>\n<meta property=\"article:modified_time\" content=\"2023-10-30T19:15:31+00:00\" \/>\n<meta property=\"og:image\" content=\"https:\/\/caminhodasaguas.org.br\/maya\/wp-content\/uploads\/sites\/4\/2010\/04\/site_flor_preenchida1-1024x1003-1.jpg\" \/>\n\t<meta property=\"og:image:width\" content=\"1024\" \/>\n\t<meta property=\"og:image:height\" content=\"1003\" \/>\n\t<meta property=\"og:image:type\" content=\"image\/jpeg\" \/>\n<meta name=\"twitter:card\" content=\"summary_large_image\" \/>\n<meta name=\"twitter:site\" content=\"@caminhodasaguas\" \/>\n<meta name=\"twitter:label1\" content=\"Est. tempo de leitura\" \/>\n\t<meta name=\"twitter:data1\" content=\"1 minuto\" \/>\n<script type=\"application\/ld+json\" class=\"yoast-schema-graph\">{\"@context\":\"https:\/\/schema.org\",\"@graph\":[{\"@type\":\"WebPage\",\"@id\":\"https:\/\/caminhodasaguas.org.br\/maya\/permacultura\/\",\"url\":\"https:\/\/caminhodasaguas.org.br\/maya\/permacultura\/\",\"name\":\"PermaTecnoYoga \u00e9 a Permacultura na ONG Caminho das \u00c1guas - Caminho das \u00c1guas 20 Anos\",\"isPartOf\":{\"@id\":\"https:\/\/caminhodasaguas.org.br\/maya\/#website\"},\"primaryImageOfPage\":{\"@id\":\"https:\/\/caminhodasaguas.org.br\/maya\/permacultura\/#primaryimage\"},\"image\":{\"@id\":\"https:\/\/caminhodasaguas.org.br\/maya\/permacultura\/#primaryimage\"},\"thumbnailUrl\":\"https:\/\/caminhodasaguas.org.br\/maya\/wp-content\/uploads\/sites\/4\/2010\/04\/site_flor_preenchida1-1024x1003-1.jpg\",\"datePublished\":\"2010-04-22T00:08:14+00:00\",\"dateModified\":\"2023-10-30T19:15:31+00:00\",\"breadcrumb\":{\"@id\":\"https:\/\/caminhodasaguas.org.br\/maya\/permacultura\/#breadcrumb\"},\"inLanguage\":\"pt-BR\",\"potentialAction\":[{\"@type\":\"ReadAction\",\"target\":[\"https:\/\/caminhodasaguas.org.br\/maya\/permacultura\/\"]}]},{\"@type\":\"ImageObject\",\"inLanguage\":\"pt-BR\",\"@id\":\"https:\/\/caminhodasaguas.org.br\/maya\/permacultura\/#primaryimage\",\"url\":\"https:\/\/caminhodasaguas.org.br\/maya\/wp-content\/uploads\/sites\/4\/2010\/04\/site_flor_preenchida1-1024x1003-1.jpg\",\"contentUrl\":\"https:\/\/caminhodasaguas.org.br\/maya\/wp-content\/uploads\/sites\/4\/2010\/04\/site_flor_preenchida1-1024x1003-1.jpg\",\"width\":1024,\"height\":1003,\"caption\":\"Flor da Permacultura\"},{\"@type\":\"BreadcrumbList\",\"@id\":\"https:\/\/caminhodasaguas.org.br\/maya\/permacultura\/#breadcrumb\",\"itemListElement\":[{\"@type\":\"ListItem\",\"position\":1,\"name\":\"In\u00edcio\",\"item\":\"https:\/\/caminhodasaguas.org.br\/maya\/\"},{\"@type\":\"ListItem\",\"position\":2,\"name\":\"PermaTecnoYoga \u00e9 a Permacultura na ONG Caminho das \u00c1guas\"}]},{\"@type\":\"WebSite\",\"@id\":\"https:\/\/caminhodasaguas.org.br\/maya\/#website\",\"url\":\"https:\/\/caminhodasaguas.org.br\/maya\/\",\"name\":\"Caminho das \u00c1guas 20 Anos\",\"description\":\"Movimento S\u00f3cio-Ambiental Caminho das \u00c1guas\",\"publisher\":{\"@id\":\"https:\/\/caminhodasaguas.org.br\/maya\/#organization\"},\"potentialAction\":[{\"@type\":\"SearchAction\",\"target\":{\"@type\":\"EntryPoint\",\"urlTemplate\":\"https:\/\/caminhodasaguas.org.br\/maya\/?s={search_term_string}\"},\"query-input\":{\"@type\":\"PropertyValueSpecification\",\"valueRequired\":true,\"valueName\":\"search_term_string\"}}],\"inLanguage\":\"pt-BR\"},{\"@type\":\"Organization\",\"@id\":\"https:\/\/caminhodasaguas.org.br\/maya\/#organization\",\"name\":\"Caminho das \u00c1guas\",\"url\":\"https:\/\/caminhodasaguas.org.br\/maya\/\",\"logo\":{\"@type\":\"ImageObject\",\"inLanguage\":\"pt-BR\",\"@id\":\"https:\/\/caminhodasaguas.org.br\/maya\/#\/schema\/logo\/image\/\",\"url\":\"https:\/\/caminhodasaguas.org.br\/wp-content\/uploads\/2020\/03\/logoch2o-hrz-grd.png\",\"contentUrl\":\"https:\/\/caminhodasaguas.org.br\/wp-content\/uploads\/2020\/03\/logoch2o-hrz-grd.png\",\"width\":1024,\"height\":420,\"caption\":\"Caminho das \u00c1guas\"},\"image\":{\"@id\":\"https:\/\/caminhodasaguas.org.br\/maya\/#\/schema\/logo\/image\/\"},\"sameAs\":[\"https:\/\/facebook.com\/caminhodasaguas\",\"https:\/\/x.com\/caminhodasaguas\",\"https:\/\/instagram.com\/caminhoh2o\",\"https:\/\/www.linkedin.com\/company\/ong-caminho-das-guas\"]}]}<\/script>\n<!-- \/ Yoast SEO plugin. -->","yoast_head_json":{"title":"PermaTecnoYoga \u00e9 a Permacultura na ONG Caminho das \u00c1guas - Caminho das \u00c1guas 20 Anos","robots":{"index":"index","follow":"follow","max-snippet":"max-snippet:-1","max-image-preview":"max-image-preview:large","max-video-preview":"max-video-preview:-1"},"canonical":"https:\/\/caminhodasaguas.org.br\/maya\/permacultura\/","og_locale":"pt_BR","og_type":"article","og_title":"PermaTecnoYoga \u00e9 a Permacultura na ONG Caminho das \u00c1guas - Caminho das \u00c1guas 20 Anos","og_description":"A permacultura \u00e9 um m\u00e9todo hol\u00edstico para planejar, atualizar e manter sistemas de escala humana (jardins, vilas, aldeias e comunidades) ambientalmente sustent\u00e1veis, socialmente&nbsp;justos e financeiramente vi\u00e1veis. Aplicando os Princ\u00edpios de Permacultura em todos os trabalhos, a ONG Caminho das \u00c1guas prop\u00f5e hoje o BioTechnoSwarm, os Mitotes ou a PermaTecnoYoga atrav\u00e9s de: flor da permacultura https:\/\/permacultureprinciples.com\/pt\/ [&hellip;]","og_url":"https:\/\/caminhodasaguas.org.br\/maya\/permacultura\/","og_site_name":"Caminho das \u00c1guas 20 Anos","article_publisher":"https:\/\/facebook.com\/caminhodasaguas","article_modified_time":"2023-10-30T19:15:31+00:00","og_image":[{"width":1024,"height":1003,"url":"https:\/\/caminhodasaguas.org.br\/maya\/wp-content\/uploads\/sites\/4\/2010\/04\/site_flor_preenchida1-1024x1003-1.jpg","type":"image\/jpeg"}],"twitter_card":"summary_large_image","twitter_site":"@caminhodasaguas","twitter_misc":{"Est. tempo de leitura":"1 minuto"},"schema":{"@context":"https:\/\/schema.org","@graph":[{"@type":"WebPage","@id":"https:\/\/caminhodasaguas.org.br\/maya\/permacultura\/","url":"https:\/\/caminhodasaguas.org.br\/maya\/permacultura\/","name":"PermaTecnoYoga \u00e9 a Permacultura na ONG Caminho das \u00c1guas - Caminho das \u00c1guas 20 Anos","isPartOf":{"@id":"https:\/\/caminhodasaguas.org.br\/maya\/#website"},"primaryImageOfPage":{"@id":"https:\/\/caminhodasaguas.org.br\/maya\/permacultura\/#primaryimage"},"image":{"@id":"https:\/\/caminhodasaguas.org.br\/maya\/permacultura\/#primaryimage"},"thumbnailUrl":"https:\/\/caminhodasaguas.org.br\/maya\/wp-content\/uploads\/sites\/4\/2010\/04\/site_flor_preenchida1-1024x1003-1.jpg","datePublished":"2010-04-22T00:08:14+00:00","dateModified":"2023-10-30T19:15:31+00:00","breadcrumb":{"@id":"https:\/\/caminhodasaguas.org.br\/maya\/permacultura\/#breadcrumb"},"inLanguage":"pt-BR","potentialAction":[{"@type":"ReadAction","target":["https:\/\/caminhodasaguas.org.br\/maya\/permacultura\/"]}]},{"@type":"ImageObject","inLanguage":"pt-BR","@id":"https:\/\/caminhodasaguas.org.br\/maya\/permacultura\/#primaryimage","url":"https:\/\/caminhodasaguas.org.br\/maya\/wp-content\/uploads\/sites\/4\/2010\/04\/site_flor_preenchida1-1024x1003-1.jpg","contentUrl":"https:\/\/caminhodasaguas.org.br\/maya\/wp-content\/uploads\/sites\/4\/2010\/04\/site_flor_preenchida1-1024x1003-1.jpg","width":1024,"height":1003,"caption":"Flor da Permacultura"},{"@type":"BreadcrumbList","@id":"https:\/\/caminhodasaguas.org.br\/maya\/permacultura\/#breadcrumb","itemListElement":[{"@type":"ListItem","position":1,"name":"In\u00edcio","item":"https:\/\/caminhodasaguas.org.br\/maya\/"},{"@type":"ListItem","position":2,"name":"PermaTecnoYoga \u00e9 a Permacultura na ONG Caminho das \u00c1guas"}]},{"@type":"WebSite","@id":"https:\/\/caminhodasaguas.org.br\/maya\/#website","url":"https:\/\/caminhodasaguas.org.br\/maya\/","name":"Caminho das \u00c1guas 20 Anos","description":"Movimento S\u00f3cio-Ambiental Caminho das \u00c1guas","publisher":{"@id":"https:\/\/caminhodasaguas.org.br\/maya\/#organization"},"potentialAction":[{"@type":"SearchAction","target":{"@type":"EntryPoint","urlTemplate":"https:\/\/caminhodasaguas.org.br\/maya\/?s={search_term_string}"},"query-input":{"@type":"PropertyValueSpecification","valueRequired":true,"valueName":"search_term_string"}}],"inLanguage":"pt-BR"},{"@type":"Organization","@id":"https:\/\/caminhodasaguas.org.br\/maya\/#organization","name":"Caminho das \u00c1guas","url":"https:\/\/caminhodasaguas.org.br\/maya\/","logo":{"@type":"ImageObject","inLanguage":"pt-BR","@id":"https:\/\/caminhodasaguas.org.br\/maya\/#\/schema\/logo\/image\/","url":"https:\/\/caminhodasaguas.org.br\/wp-content\/uploads\/2020\/03\/logoch2o-hrz-grd.png","contentUrl":"https:\/\/caminhodasaguas.org.br\/wp-content\/uploads\/2020\/03\/logoch2o-hrz-grd.png","width":1024,"height":420,"caption":"Caminho das \u00c1guas"},"image":{"@id":"https:\/\/caminhodasaguas.org.br\/maya\/#\/schema\/logo\/image\/"},"sameAs":["https:\/\/facebook.com\/caminhodasaguas","https:\/\/x.com\/caminhodasaguas","https:\/\/instagram.com\/caminhoh2o","https:\/\/www.linkedin.com\/company\/ong-caminho-das-guas"]}]}},"_links":{"self":[{"href":"https:\/\/caminhodasaguas.org.br\/maya\/wp-json\/wp\/v2\/pages\/13","targetHints":{"allow":["GET"]}}],"collection":[{"href":"https:\/\/caminhodasaguas.org.br\/maya\/wp-json\/wp\/v2\/pages"}],"about":[{"href":"https:\/\/caminhodasaguas.org.br\/maya\/wp-json\/wp\/v2\/types\/page"}],"author":[{"embeddable":true,"href":"https:\/\/caminhodasaguas.org.br\/maya\/wp-json\/wp\/v2\/users\/1"}],"replies":[{"embeddable":true,"href":"https:\/\/caminhodasaguas.org.br\/maya\/wp-json\/wp\/v2\/comments?post=13"}],"version-history":[{"count":2,"href":"https:\/\/caminhodasaguas.org.br\/maya\/wp-json\/wp\/v2\/pages\/13\/revisions"}],"predecessor-version":[{"id":12561,"href":"https:\/\/caminhodasaguas.org.br\/maya\/wp-json\/wp\/v2\/pages\/13\/revisions\/12561"}],"wp:featuredmedia":[{"embeddable":true,"href":"https:\/\/caminhodasaguas.org.br\/maya\/wp-json\/wp\/v2\/media\/11"}],"wp:attachment":[{"href":"https:\/\/caminhodasaguas.org.br\/maya\/wp-json\/wp\/v2\/media?parent=13"}],"curies":[{"name":"wp","href":"https:\/\/api.w.org\/{rel}","templated":true}]}}