{"id":16,"date":"2010-04-22T00:10:36","date_gmt":"2010-04-22T00:10:36","guid":{"rendered":"https:\/\/2020.caminhodasaguas.org.br\/dinamicas-internas\/"},"modified":"2010-04-22T00:10:36","modified_gmt":"2010-04-22T00:10:36","slug":"dinamicas-internas","status":"publish","type":"page","link":"https:\/\/caminhodasaguas.org.br\/maya\/dinamicas-internas\/","title":{"rendered":"Din\u00e2micas Internas da ONG Caminho das \u00c1guas"},"content":{"rendered":"<p>\u00c9 a busca da pr\u00e1tica das palavras e inten\u00e7\u00f5es professadas. A concretiza\u00e7\u00e3o de um ambiente flu\u00eddo, din\u00e2mico e n\u00e3o hier\u00e1rquico de desenvolvimento das capacidades humanas dos elos e amigos da ONG Caminho das \u00c1guas.<\/p>\n<ul>\n<li>Estabelecimento\u00a0de canais de comunica\u00e7\u00e3o mais amplos, \u00e1geis e participativos;<\/li>\n<li>Hub de encontros de refer\u00eancia e reflex\u00e3o pr\u00e1tica da Sustentabilidade;<\/li>\n<li>Local de reuni\u00f5es presenciais entre ONGs, cidad\u00e3os e autoridades do Estado de S\u00e3o Paulo;<\/li>\n<li>Gest\u00e3o das sedes f\u00edsicas e social da ONG,<\/li>\n<li>Administra\u00e7\u00e3o e Execu\u00e7\u00e3o de Projetos para a consecu\u00e7\u00e3o dos Objetivos da ONG<\/li>\n<\/ul>\n","protected":false},"excerpt":{"rendered":"<p>\u00c9 a busca da pr\u00e1tica das palavras e inten\u00e7\u00f5es professadas. A concretiza\u00e7\u00e3o de um ambiente flu\u00eddo, din\u00e2mico e n\u00e3o hier\u00e1rquico de desenvolvimento das capacidades humanas dos elos e amigos da ONG Caminho das \u00c1guas. Estabelecimento\u00a0de canais de comunica\u00e7\u00e3o mais amplos, \u00e1geis e participativos; Hub de encontros de refer\u00eancia e reflex\u00e3o pr\u00e1tica da Sustentabilidade; Local de [&hellip;]<\/p>\n","protected":false},"author":1,"featured_media":0,"parent":0,"menu_order":8,"comment_status":"closed","ping_status":"closed","template":"","meta":{"footnotes":""},"class_list":["post-16","page","type-page","status-publish","hentry"],"blocksy_meta":[],"yoast_head":"<!-- This site is optimized with the Yoast SEO plugin v27.0 - https:\/\/yoast.com\/product\/yoast-seo-wordpress\/ -->\n<title>Din\u00e2micas Internas da ONG Caminho das \u00c1guas - Caminho das \u00c1guas 20 Anos<\/title>\n<meta name=\"robots\" content=\"index, follow, max-snippet:-1, max-image-preview:large, max-video-preview:-1\" \/>\n<link rel=\"canonical\" href=\"https:\/\/caminhodasaguas.org.br\/maya\/dinamicas-internas\/\" \/>\n<meta property=\"og:locale\" content=\"pt_BR\" \/>\n<meta property=\"og:type\" content=\"article\" \/>\n<meta property=\"og:title\" content=\"Din\u00e2micas Internas da ONG Caminho das \u00c1guas - Caminho das \u00c1guas 20 Anos\" \/>\n<meta property=\"og:description\" content=\"\u00c9 a busca da pr\u00e1tica das palavras e inten\u00e7\u00f5es professadas. A concretiza\u00e7\u00e3o de um ambiente flu\u00eddo, din\u00e2mico e n\u00e3o hier\u00e1rquico de desenvolvimento das capacidades humanas dos elos e amigos da ONG Caminho das \u00c1guas. Estabelecimento\u00a0de canais de comunica\u00e7\u00e3o mais amplos, \u00e1geis e participativos; Hub de encontros de refer\u00eancia e reflex\u00e3o pr\u00e1tica da Sustentabilidade; Local de [&hellip;]\" \/>\n<meta property=\"og:url\" content=\"https:\/\/caminhodasaguas.org.br\/maya\/dinamicas-internas\/\" \/>\n<meta property=\"og:site_name\" content=\"Caminho das \u00c1guas 20 Anos\" \/>\n<meta property=\"article:publisher\" content=\"https:\/\/facebook.com\/caminhodasaguas\" \/>\n<meta property=\"og:image\" content=\"https:\/\/caminhodasaguas.org.br\/maya\/wp-content\/uploads\/sites\/4\/2010\/03\/logoch2o-hrz-med.png\" \/>\n\t<meta property=\"og:image:width\" content=\"400\" \/>\n\t<meta property=\"og:image:height\" content=\"164\" \/>\n\t<meta property=\"og:image:type\" content=\"image\/png\" \/>\n<meta name=\"twitter:card\" content=\"summary_large_image\" \/>\n<meta name=\"twitter:site\" content=\"@caminhodasaguas\" \/>\n<meta name=\"twitter:label1\" content=\"Est. tempo de leitura\" \/>\n\t<meta name=\"twitter:data1\" content=\"1 minuto\" \/>\n<script type=\"application\/ld+json\" class=\"yoast-schema-graph\">{\"@context\":\"https:\/\/schema.org\",\"@graph\":[{\"@type\":\"WebPage\",\"@id\":\"https:\/\/caminhodasaguas.org.br\/maya\/dinamicas-internas\/\",\"url\":\"https:\/\/caminhodasaguas.org.br\/maya\/dinamicas-internas\/\",\"name\":\"Din\u00e2micas Internas da ONG Caminho das \u00c1guas - Caminho das \u00c1guas 20 Anos\",\"isPartOf\":{\"@id\":\"https:\/\/caminhodasaguas.org.br\/maya\/#website\"},\"datePublished\":\"2010-04-22T00:10:36+00:00\",\"breadcrumb\":{\"@id\":\"https:\/\/caminhodasaguas.org.br\/maya\/dinamicas-internas\/#breadcrumb\"},\"inLanguage\":\"pt-BR\",\"potentialAction\":[{\"@type\":\"ReadAction\",\"target\":[\"https:\/\/caminhodasaguas.org.br\/maya\/dinamicas-internas\/\"]}]},{\"@type\":\"BreadcrumbList\",\"@id\":\"https:\/\/caminhodasaguas.org.br\/maya\/dinamicas-internas\/#breadcrumb\",\"itemListElement\":[{\"@type\":\"ListItem\",\"position\":1,\"name\":\"In\u00edcio\",\"item\":\"https:\/\/caminhodasaguas.org.br\/maya\/\"},{\"@type\":\"ListItem\",\"position\":2,\"name\":\"Din\u00e2micas Internas da ONG Caminho das \u00c1guas\"}]},{\"@type\":\"WebSite\",\"@id\":\"https:\/\/caminhodasaguas.org.br\/maya\/#website\",\"url\":\"https:\/\/caminhodasaguas.org.br\/maya\/\",\"name\":\"Caminho das \u00c1guas 20 Anos\",\"description\":\"Movimento S\u00f3cio-Ambiental Caminho das \u00c1guas\",\"publisher\":{\"@id\":\"https:\/\/caminhodasaguas.org.br\/maya\/#organization\"},\"potentialAction\":[{\"@type\":\"SearchAction\",\"target\":{\"@type\":\"EntryPoint\",\"urlTemplate\":\"https:\/\/caminhodasaguas.org.br\/maya\/?s={search_term_string}\"},\"query-input\":{\"@type\":\"PropertyValueSpecification\",\"valueRequired\":true,\"valueName\":\"search_term_string\"}}],\"inLanguage\":\"pt-BR\"},{\"@type\":\"Organization\",\"@id\":\"https:\/\/caminhodasaguas.org.br\/maya\/#organization\",\"name\":\"Caminho das \u00c1guas\",\"url\":\"https:\/\/caminhodasaguas.org.br\/maya\/\",\"logo\":{\"@type\":\"ImageObject\",\"inLanguage\":\"pt-BR\",\"@id\":\"https:\/\/caminhodasaguas.org.br\/maya\/#\/schema\/logo\/image\/\",\"url\":\"https:\/\/caminhodasaguas.org.br\/wp-content\/uploads\/2020\/03\/logoch2o-hrz-grd.png\",\"contentUrl\":\"https:\/\/caminhodasaguas.org.br\/wp-content\/uploads\/2020\/03\/logoch2o-hrz-grd.png\",\"width\":1024,\"height\":420,\"caption\":\"Caminho das \u00c1guas\"},\"image\":{\"@id\":\"https:\/\/caminhodasaguas.org.br\/maya\/#\/schema\/logo\/image\/\"},\"sameAs\":[\"https:\/\/facebook.com\/caminhodasaguas\",\"https:\/\/x.com\/caminhodasaguas\",\"https:\/\/instagram.com\/caminhoh2o\",\"https:\/\/www.linkedin.com\/company\/ong-caminho-das-guas\"]}]}<\/script>\n<!-- \/ Yoast SEO plugin. -->","yoast_head_json":{"title":"Din\u00e2micas Internas da ONG Caminho das \u00c1guas - Caminho das \u00c1guas 20 Anos","robots":{"index":"index","follow":"follow","max-snippet":"max-snippet:-1","max-image-preview":"max-image-preview:large","max-video-preview":"max-video-preview:-1"},"canonical":"https:\/\/caminhodasaguas.org.br\/maya\/dinamicas-internas\/","og_locale":"pt_BR","og_type":"article","og_title":"Din\u00e2micas Internas da ONG Caminho das \u00c1guas - Caminho das \u00c1guas 20 Anos","og_description":"\u00c9 a busca da pr\u00e1tica das palavras e inten\u00e7\u00f5es professadas. A concretiza\u00e7\u00e3o de um ambiente flu\u00eddo, din\u00e2mico e n\u00e3o hier\u00e1rquico de desenvolvimento das capacidades humanas dos elos e amigos da ONG Caminho das \u00c1guas. Estabelecimento\u00a0de canais de comunica\u00e7\u00e3o mais amplos, \u00e1geis e participativos; Hub de encontros de refer\u00eancia e reflex\u00e3o pr\u00e1tica da Sustentabilidade; Local de [&hellip;]","og_url":"https:\/\/caminhodasaguas.org.br\/maya\/dinamicas-internas\/","og_site_name":"Caminho das \u00c1guas 20 Anos","article_publisher":"https:\/\/facebook.com\/caminhodasaguas","og_image":[{"width":400,"height":164,"url":"https:\/\/caminhodasaguas.org.br\/maya\/wp-content\/uploads\/sites\/4\/2010\/03\/logoch2o-hrz-med.png","type":"image\/png"}],"twitter_card":"summary_large_image","twitter_site":"@caminhodasaguas","twitter_misc":{"Est. tempo de leitura":"1 minuto"},"schema":{"@context":"https:\/\/schema.org","@graph":[{"@type":"WebPage","@id":"https:\/\/caminhodasaguas.org.br\/maya\/dinamicas-internas\/","url":"https:\/\/caminhodasaguas.org.br\/maya\/dinamicas-internas\/","name":"Din\u00e2micas Internas da ONG Caminho das \u00c1guas - Caminho das \u00c1guas 20 Anos","isPartOf":{"@id":"https:\/\/caminhodasaguas.org.br\/maya\/#website"},"datePublished":"2010-04-22T00:10:36+00:00","breadcrumb":{"@id":"https:\/\/caminhodasaguas.org.br\/maya\/dinamicas-internas\/#breadcrumb"},"inLanguage":"pt-BR","potentialAction":[{"@type":"ReadAction","target":["https:\/\/caminhodasaguas.org.br\/maya\/dinamicas-internas\/"]}]},{"@type":"BreadcrumbList","@id":"https:\/\/caminhodasaguas.org.br\/maya\/dinamicas-internas\/#breadcrumb","itemListElement":[{"@type":"ListItem","position":1,"name":"In\u00edcio","item":"https:\/\/caminhodasaguas.org.br\/maya\/"},{"@type":"ListItem","position":2,"name":"Din\u00e2micas Internas da ONG Caminho das \u00c1guas"}]},{"@type":"WebSite","@id":"https:\/\/caminhodasaguas.org.br\/maya\/#website","url":"https:\/\/caminhodasaguas.org.br\/maya\/","name":"Caminho das \u00c1guas 20 Anos","description":"Movimento S\u00f3cio-Ambiental Caminho das \u00c1guas","publisher":{"@id":"https:\/\/caminhodasaguas.org.br\/maya\/#organization"},"potentialAction":[{"@type":"SearchAction","target":{"@type":"EntryPoint","urlTemplate":"https:\/\/caminhodasaguas.org.br\/maya\/?s={search_term_string}"},"query-input":{"@type":"PropertyValueSpecification","valueRequired":true,"valueName":"search_term_string"}}],"inLanguage":"pt-BR"},{"@type":"Organization","@id":"https:\/\/caminhodasaguas.org.br\/maya\/#organization","name":"Caminho das \u00c1guas","url":"https:\/\/caminhodasaguas.org.br\/maya\/","logo":{"@type":"ImageObject","inLanguage":"pt-BR","@id":"https:\/\/caminhodasaguas.org.br\/maya\/#\/schema\/logo\/image\/","url":"https:\/\/caminhodasaguas.org.br\/wp-content\/uploads\/2020\/03\/logoch2o-hrz-grd.png","contentUrl":"https:\/\/caminhodasaguas.org.br\/wp-content\/uploads\/2020\/03\/logoch2o-hrz-grd.png","width":1024,"height":420,"caption":"Caminho das \u00c1guas"},"image":{"@id":"https:\/\/caminhodasaguas.org.br\/maya\/#\/schema\/logo\/image\/"},"sameAs":["https:\/\/facebook.com\/caminhodasaguas","https:\/\/x.com\/caminhodasaguas","https:\/\/instagram.com\/caminhoh2o","https:\/\/www.linkedin.com\/company\/ong-caminho-das-guas"]}]}},"_links":{"self":[{"href":"https:\/\/caminhodasaguas.org.br\/maya\/wp-json\/wp\/v2\/pages\/16","targetHints":{"allow":["GET"]}}],"collection":[{"href":"https:\/\/caminhodasaguas.org.br\/maya\/wp-json\/wp\/v2\/pages"}],"about":[{"href":"https:\/\/caminhodasaguas.org.br\/maya\/wp-json\/wp\/v2\/types\/page"}],"author":[{"embeddable":true,"href":"https:\/\/caminhodasaguas.org.br\/maya\/wp-json\/wp\/v2\/users\/1"}],"replies":[{"embeddable":true,"href":"https:\/\/caminhodasaguas.org.br\/maya\/wp-json\/wp\/v2\/comments?post=16"}],"version-history":[{"count":0,"href":"https:\/\/caminhodasaguas.org.br\/maya\/wp-json\/wp\/v2\/pages\/16\/revisions"}],"wp:attachment":[{"href":"https:\/\/caminhodasaguas.org.br\/maya\/wp-json\/wp\/v2\/media?parent=16"}],"curies":[{"name":"wp","href":"https:\/\/api.w.org\/{rel}","templated":true}]}}