{"id":982,"date":"2019-12-12T12:25:14","date_gmt":"2019-12-12T15:25:14","guid":{"rendered":"https:\/\/2020.caminhodasaguas.org.br\/?page_id=982"},"modified":"2019-12-12T12:25:14","modified_gmt":"2019-12-12T15:25:14","slug":"termos-e-condicoes","status":"publish","type":"page","link":"https:\/\/caminhodasaguas.org.br\/maya\/termos-e-condicoes\/","title":{"rendered":"Termos e Condi\u00e7\u00f5es"},"content":{"rendered":"","protected":false},"excerpt":{"rendered":"","protected":false},"author":1,"featured_media":0,"parent":0,"menu_order":0,"comment_status":"closed","ping_status":"closed","template":"","meta":{"footnotes":""},"class_list":["post-982","page","type-page","status-publish","hentry"],"blocksy_meta":{"has_hero_section":"default","hero_section":"type-1","hero_alignment1":"left","hero_alignment2":"center","hero_height":"230px","page_title_bg_type":"color","65186503941b6ff8bacbce87d1a94144":"","custom_hero_background":{"attachment_id":null},"parallax":{"desktop":false,"tablet":false,"mobile":false},"687d54d5566a9dcc18e459556c4acd3a":"","single_meta_elements":{"author":true,"date":true,"categories":true,"comments":true,"updated":false,"tags":false},"has_meta_label":"yes","has_meta_avatar":"yes","date_format_source":"custom","single_meta_date_format":"M j, Y","9d95f6b9aa3d0c1a47677464ec5787d4":"","page_excerpt_visibility":{"desktop":true,"tablet":true,"mobile":false},"pageTitleFont":{"family":"Default","variation":"Default","size":{"desktop":"32px","tablet":"30px","mobile":"25px"},"line-height":"1.3","letter-spacing":"CT_CSS_SKIP_RULE","text-transform":"CT_CSS_SKIP_RULE","text-decoration":"CT_CSS_SKIP_RULE"},"pageTitleFontColor":{"default":{"color":"var(--paletteColor4)"}},"pageMetaFont":{"family":"Default","variation":"n6","size":{"desktop":"12px","tablet":"12px","mobile":"12px"},"line-height":"1.3","letter-spacing":"CT_CSS_SKIP_RULE","text-transform":"uppercase","text-decoration":"CT_CSS_SKIP_RULE"},"pageMetaFontColor":{"default":{"color":"CT_CSS_SKIP_RULEDEFAULT"},"hover":{"color":"CT_CSS_SKIP_RULEDEFAULT"}},"pageExcerptFont":{"family":"Default","variation":"n5","size":"CT_CSS_SKIP_RULE","line-height":"CT_CSS_SKIP_RULE","letter-spacing":"CT_CSS_SKIP_RULE","text-transform":"CT_CSS_SKIP_RULE","text-decoration":"CT_CSS_SKIP_RULE"},"pageExcerptColor":{"default":{"color":"CT_CSS_SKIP_RULEDEFAULT"}},"pageTitleOverlay":{"default":{"color":"rgba(41, 51, 60, 0.2)"}},"pageTitleBackground":{"default":{"color":"#EDEFF2"}},"page_structure_type":"default","page_enable_vertical_spacing":"yes"},"yoast_head":"<!-- This site is optimized with the Yoast SEO plugin v27.0 - https:\/\/yoast.com\/product\/yoast-seo-wordpress\/ -->\n<title>Termos e Condi\u00e7\u00f5es - Caminho das \u00c1guas 20 Anos<\/title>\n<meta name=\"robots\" content=\"index, follow, max-snippet:-1, max-image-preview:large, max-video-preview:-1\" \/>\n<link rel=\"canonical\" href=\"https:\/\/caminhodasaguas.org.br\/maya\/termos-e-condicoes\/\" \/>\n<meta property=\"og:locale\" content=\"pt_BR\" \/>\n<meta property=\"og:type\" content=\"article\" \/>\n<meta property=\"og:title\" content=\"Termos e Condi\u00e7\u00f5es - Caminho das \u00c1guas 20 Anos\" \/>\n<meta property=\"og:url\" content=\"https:\/\/caminhodasaguas.org.br\/maya\/termos-e-condicoes\/\" \/>\n<meta property=\"og:site_name\" content=\"Caminho das \u00c1guas 20 Anos\" \/>\n<meta property=\"article:publisher\" content=\"https:\/\/facebook.com\/caminhodasaguas\" \/>\n<meta property=\"og:image\" content=\"https:\/\/caminhodasaguas.org.br\/maya\/wp-content\/uploads\/sites\/4\/2010\/03\/logoch2o-hrz-med.png\" \/>\n\t<meta property=\"og:image:width\" content=\"400\" \/>\n\t<meta property=\"og:image:height\" content=\"164\" \/>\n\t<meta property=\"og:image:type\" content=\"image\/png\" \/>\n<meta name=\"twitter:card\" content=\"summary_large_image\" \/>\n<meta name=\"twitter:site\" content=\"@caminhodasaguas\" \/>\n<script type=\"application\/ld+json\" class=\"yoast-schema-graph\">{\"@context\":\"https:\/\/schema.org\",\"@graph\":[{\"@type\":\"WebPage\",\"@id\":\"https:\/\/caminhodasaguas.org.br\/maya\/termos-e-condicoes\/\",\"url\":\"https:\/\/caminhodasaguas.org.br\/maya\/termos-e-condicoes\/\",\"name\":\"Termos e Condi\u00e7\u00f5es - Caminho das \u00c1guas 20 Anos\",\"isPartOf\":{\"@id\":\"https:\/\/caminhodasaguas.org.br\/maya\/#website\"},\"datePublished\":\"2019-12-12T15:25:14+00:00\",\"breadcrumb\":{\"@id\":\"https:\/\/caminhodasaguas.org.br\/maya\/termos-e-condicoes\/#breadcrumb\"},\"inLanguage\":\"pt-BR\",\"potentialAction\":[{\"@type\":\"ReadAction\",\"target\":[\"https:\/\/caminhodasaguas.org.br\/maya\/termos-e-condicoes\/\"]}]},{\"@type\":\"BreadcrumbList\",\"@id\":\"https:\/\/caminhodasaguas.org.br\/maya\/termos-e-condicoes\/#breadcrumb\",\"itemListElement\":[{\"@type\":\"ListItem\",\"position\":1,\"name\":\"In\u00edcio\",\"item\":\"https:\/\/caminhodasaguas.org.br\/maya\/\"},{\"@type\":\"ListItem\",\"position\":2,\"name\":\"Termos e Condi\u00e7\u00f5es\"}]},{\"@type\":\"WebSite\",\"@id\":\"https:\/\/caminhodasaguas.org.br\/maya\/#website\",\"url\":\"https:\/\/caminhodasaguas.org.br\/maya\/\",\"name\":\"Caminho das \u00c1guas 20 Anos\",\"description\":\"Movimento S\u00f3cio-Ambiental Caminho das \u00c1guas\",\"publisher\":{\"@id\":\"https:\/\/caminhodasaguas.org.br\/maya\/#organization\"},\"potentialAction\":[{\"@type\":\"SearchAction\",\"target\":{\"@type\":\"EntryPoint\",\"urlTemplate\":\"https:\/\/caminhodasaguas.org.br\/maya\/?s={search_term_string}\"},\"query-input\":{\"@type\":\"PropertyValueSpecification\",\"valueRequired\":true,\"valueName\":\"search_term_string\"}}],\"inLanguage\":\"pt-BR\"},{\"@type\":\"Organization\",\"@id\":\"https:\/\/caminhodasaguas.org.br\/maya\/#organization\",\"name\":\"Caminho das \u00c1guas\",\"url\":\"https:\/\/caminhodasaguas.org.br\/maya\/\",\"logo\":{\"@type\":\"ImageObject\",\"inLanguage\":\"pt-BR\",\"@id\":\"https:\/\/caminhodasaguas.org.br\/maya\/#\/schema\/logo\/image\/\",\"url\":\"https:\/\/caminhodasaguas.org.br\/wp-content\/uploads\/2020\/03\/logoch2o-hrz-grd.png\",\"contentUrl\":\"https:\/\/caminhodasaguas.org.br\/wp-content\/uploads\/2020\/03\/logoch2o-hrz-grd.png\",\"width\":1024,\"height\":420,\"caption\":\"Caminho das \u00c1guas\"},\"image\":{\"@id\":\"https:\/\/caminhodasaguas.org.br\/maya\/#\/schema\/logo\/image\/\"},\"sameAs\":[\"https:\/\/facebook.com\/caminhodasaguas\",\"https:\/\/x.com\/caminhodasaguas\",\"https:\/\/instagram.com\/caminhoh2o\",\"https:\/\/www.linkedin.com\/company\/ong-caminho-das-guas\"]}]}<\/script>\n<!-- \/ Yoast SEO plugin. -->","yoast_head_json":{"title":"Termos e Condi\u00e7\u00f5es - Caminho das \u00c1guas 20 Anos","robots":{"index":"index","follow":"follow","max-snippet":"max-snippet:-1","max-image-preview":"max-image-preview:large","max-video-preview":"max-video-preview:-1"},"canonical":"https:\/\/caminhodasaguas.org.br\/maya\/termos-e-condicoes\/","og_locale":"pt_BR","og_type":"article","og_title":"Termos e Condi\u00e7\u00f5es - Caminho das \u00c1guas 20 Anos","og_url":"https:\/\/caminhodasaguas.org.br\/maya\/termos-e-condicoes\/","og_site_name":"Caminho das \u00c1guas 20 Anos","article_publisher":"https:\/\/facebook.com\/caminhodasaguas","og_image":[{"width":400,"height":164,"url":"https:\/\/caminhodasaguas.org.br\/maya\/wp-content\/uploads\/sites\/4\/2010\/03\/logoch2o-hrz-med.png","type":"image\/png"}],"twitter_card":"summary_large_image","twitter_site":"@caminhodasaguas","schema":{"@context":"https:\/\/schema.org","@graph":[{"@type":"WebPage","@id":"https:\/\/caminhodasaguas.org.br\/maya\/termos-e-condicoes\/","url":"https:\/\/caminhodasaguas.org.br\/maya\/termos-e-condicoes\/","name":"Termos e Condi\u00e7\u00f5es - Caminho das \u00c1guas 20 Anos","isPartOf":{"@id":"https:\/\/caminhodasaguas.org.br\/maya\/#website"},"datePublished":"2019-12-12T15:25:14+00:00","breadcrumb":{"@id":"https:\/\/caminhodasaguas.org.br\/maya\/termos-e-condicoes\/#breadcrumb"},"inLanguage":"pt-BR","potentialAction":[{"@type":"ReadAction","target":["https:\/\/caminhodasaguas.org.br\/maya\/termos-e-condicoes\/"]}]},{"@type":"BreadcrumbList","@id":"https:\/\/caminhodasaguas.org.br\/maya\/termos-e-condicoes\/#breadcrumb","itemListElement":[{"@type":"ListItem","position":1,"name":"In\u00edcio","item":"https:\/\/caminhodasaguas.org.br\/maya\/"},{"@type":"ListItem","position":2,"name":"Termos e Condi\u00e7\u00f5es"}]},{"@type":"WebSite","@id":"https:\/\/caminhodasaguas.org.br\/maya\/#website","url":"https:\/\/caminhodasaguas.org.br\/maya\/","name":"Caminho das \u00c1guas 20 Anos","description":"Movimento S\u00f3cio-Ambiental Caminho das \u00c1guas","publisher":{"@id":"https:\/\/caminhodasaguas.org.br\/maya\/#organization"},"potentialAction":[{"@type":"SearchAction","target":{"@type":"EntryPoint","urlTemplate":"https:\/\/caminhodasaguas.org.br\/maya\/?s={search_term_string}"},"query-input":{"@type":"PropertyValueSpecification","valueRequired":true,"valueName":"search_term_string"}}],"inLanguage":"pt-BR"},{"@type":"Organization","@id":"https:\/\/caminhodasaguas.org.br\/maya\/#organization","name":"Caminho das \u00c1guas","url":"https:\/\/caminhodasaguas.org.br\/maya\/","logo":{"@type":"ImageObject","inLanguage":"pt-BR","@id":"https:\/\/caminhodasaguas.org.br\/maya\/#\/schema\/logo\/image\/","url":"https:\/\/caminhodasaguas.org.br\/wp-content\/uploads\/2020\/03\/logoch2o-hrz-grd.png","contentUrl":"https:\/\/caminhodasaguas.org.br\/wp-content\/uploads\/2020\/03\/logoch2o-hrz-grd.png","width":1024,"height":420,"caption":"Caminho das \u00c1guas"},"image":{"@id":"https:\/\/caminhodasaguas.org.br\/maya\/#\/schema\/logo\/image\/"},"sameAs":["https:\/\/facebook.com\/caminhodasaguas","https:\/\/x.com\/caminhodasaguas","https:\/\/instagram.com\/caminhoh2o","https:\/\/www.linkedin.com\/company\/ong-caminho-das-guas"]}]}},"_links":{"self":[{"href":"https:\/\/caminhodasaguas.org.br\/maya\/wp-json\/wp\/v2\/pages\/982","targetHints":{"allow":["GET"]}}],"collection":[{"href":"https:\/\/caminhodasaguas.org.br\/maya\/wp-json\/wp\/v2\/pages"}],"about":[{"href":"https:\/\/caminhodasaguas.org.br\/maya\/wp-json\/wp\/v2\/types\/page"}],"author":[{"embeddable":true,"href":"https:\/\/caminhodasaguas.org.br\/maya\/wp-json\/wp\/v2\/users\/1"}],"replies":[{"embeddable":true,"href":"https:\/\/caminhodasaguas.org.br\/maya\/wp-json\/wp\/v2\/comments?post=982"}],"version-history":[{"count":0,"href":"https:\/\/caminhodasaguas.org.br\/maya\/wp-json\/wp\/v2\/pages\/982\/revisions"}],"wp:attachment":[{"href":"https:\/\/caminhodasaguas.org.br\/maya\/wp-json\/wp\/v2\/media?parent=982"}],"curies":[{"name":"wp","href":"https:\/\/api.w.org\/{rel}","templated":true}]}}