{"id":3755,"date":"2022-01-25T21:21:01","date_gmt":"2022-01-26T00:21:01","guid":{"rendered":"https:\/\/caminhodasaguas.org.br\/?post_type=product&amp;p=3755"},"modified":"2022-01-25T21:21:01","modified_gmt":"2022-01-26T00:21:01","slug":"colabore-com-a-caminho-das-aguas","status":"publish","type":"product","link":"https:\/\/caminhodasaguas.org.br\/maya\/apoio\/colabore-com-a-caminho-das-aguas\/","title":{"rendered":"Colabore com a Caminho das \u00c1guas"},"content":{"rendered":"<p>Uma ONG que cria transforma\u00e7\u00f5es nas \u00e1guas brasileiras, oferecendo experi\u00eancias de aprendizado engajadoras e disruptivas, que trabalham a nossa capacidade de adapta\u00e7\u00e3o com a natureza e promovem a diversidade em nossas bases hidrotecnol\u00f3gicas!<\/p>\n","protected":false},"excerpt":{"rendered":"<p>Financie a diversidade em nossas bases hidrotecnol\u00f3gicas!<\/p>\n","protected":false},"featured_media":13043,"template":"","meta":[],"product_brand":[],"product_cat":[161],"product_tag":[158,159,160,162],"class_list":{"0":"post-3755","1":"product","2":"type-product","3":"status-publish","4":"has-post-thumbnail","6":"product_cat-doacoes","7":"product_tag-contribuicao","8":"product_tag-doacao-espontanea","9":"product_tag-doacao-livre","10":"product_tag-pagamento","12":"first","13":"instock","14":"virtual","15":"purchasable","16":"product-type-simple"},"yoast_head":"<!-- This site is optimized with the Yoast SEO plugin v27.0 - https:\/\/yoast.com\/product\/yoast-seo-wordpress\/ -->\n<title>Colabore com a Caminho das \u00c1guas - Caminho das \u00c1guas 20 Anos<\/title>\n<meta name=\"robots\" content=\"index, follow, max-snippet:-1, max-image-preview:large, max-video-preview:-1\" \/>\n<link rel=\"canonical\" href=\"https:\/\/caminhodasaguas.org.br\/maya\/apoio\/colabore-com-a-caminho-das-aguas\/\" \/>\n<meta property=\"og:locale\" content=\"pt_BR\" \/>\n<meta property=\"og:type\" content=\"article\" \/>\n<meta property=\"og:title\" content=\"Colabore com a Caminho das \u00c1guas - Caminho das \u00c1guas 20 Anos\" \/>\n<meta property=\"og:description\" content=\"Financie a diversidade em nossas bases hidrotecnol\u00f3gicas!\" \/>\n<meta property=\"og:url\" content=\"https:\/\/caminhodasaguas.org.br\/maya\/apoio\/colabore-com-a-caminho-das-aguas\/\" \/>\n<meta property=\"og:site_name\" content=\"Caminho das \u00c1guas 20 Anos\" \/>\n<meta property=\"article:publisher\" content=\"https:\/\/facebook.com\/caminhodasaguas\" \/>\n<meta property=\"og:image\" content=\"https:\/\/caminhodasaguas.org.br\/maya\/wp-content\/uploads\/sites\/4\/2021\/06\/AREmoji_20210608_175039_66952-1.png\" \/>\n\t<meta property=\"og:image:width\" content=\"720\" \/>\n\t<meta property=\"og:image:height\" content=\"720\" \/>\n\t<meta property=\"og:image:type\" content=\"image\/png\" \/>\n<meta name=\"twitter:card\" content=\"summary_large_image\" \/>\n<meta name=\"twitter:site\" content=\"@caminhodasaguas\" \/>\n<meta name=\"twitter:label1\" content=\"Est. tempo de leitura\" \/>\n\t<meta name=\"twitter:data1\" content=\"1 minuto\" \/>\n<script type=\"application\/ld+json\" class=\"yoast-schema-graph\">{\"@context\":\"https:\/\/schema.org\",\"@graph\":[{\"@type\":\"WebPage\",\"@id\":\"https:\/\/caminhodasaguas.org.br\/maya\/apoio\/colabore-com-a-caminho-das-aguas\/\",\"url\":\"https:\/\/caminhodasaguas.org.br\/maya\/apoio\/colabore-com-a-caminho-das-aguas\/\",\"name\":\"Colabore com a Caminho das \u00c1guas - Caminho das \u00c1guas 20 Anos\",\"isPartOf\":{\"@id\":\"https:\/\/caminhodasaguas.org.br\/maya\/#website\"},\"primaryImageOfPage\":{\"@id\":\"https:\/\/caminhodasaguas.org.br\/maya\/apoio\/colabore-com-a-caminho-das-aguas\/#primaryimage\"},\"image\":{\"@id\":\"https:\/\/caminhodasaguas.org.br\/maya\/apoio\/colabore-com-a-caminho-das-aguas\/#primaryimage\"},\"thumbnailUrl\":\"https:\/\/caminhodasaguas.org.br\/maya\/wp-content\/uploads\/sites\/4\/2021\/06\/AREmoji_20210608_175039_66952-1.png\",\"datePublished\":\"2022-01-26T00:21:01+00:00\",\"breadcrumb\":{\"@id\":\"https:\/\/caminhodasaguas.org.br\/maya\/apoio\/colabore-com-a-caminho-das-aguas\/#breadcrumb\"},\"inLanguage\":\"pt-BR\",\"potentialAction\":[{\"@type\":\"ReadAction\",\"target\":[\"https:\/\/caminhodasaguas.org.br\/maya\/apoio\/colabore-com-a-caminho-das-aguas\/\"]}]},{\"@type\":\"ImageObject\",\"inLanguage\":\"pt-BR\",\"@id\":\"https:\/\/caminhodasaguas.org.br\/maya\/apoio\/colabore-com-a-caminho-das-aguas\/#primaryimage\",\"url\":\"https:\/\/caminhodasaguas.org.br\/maya\/wp-content\/uploads\/sites\/4\/2021\/06\/AREmoji_20210608_175039_66952-1.png\",\"contentUrl\":\"https:\/\/caminhodasaguas.org.br\/maya\/wp-content\/uploads\/sites\/4\/2021\/06\/AREmoji_20210608_175039_66952-1.png\",\"width\":720,\"height\":720,\"caption\":\"Suas contribui\u00e7\u00f5es s\u00e3o fundamentais para a\u00e7\u00f5es efetivas de transforma\u00e7\u00e3o de nossas realidades h\u00eddricas\"},{\"@type\":\"BreadcrumbList\",\"@id\":\"https:\/\/caminhodasaguas.org.br\/maya\/apoio\/colabore-com-a-caminho-das-aguas\/#breadcrumb\",\"itemListElement\":[{\"@type\":\"ListItem\",\"position\":1,\"name\":\"In\u00edcio\",\"item\":\"https:\/\/caminhodasaguas.org.br\/maya\/\"},{\"@type\":\"ListItem\",\"position\":2,\"name\":\"Fontes de recursos da Caminho das \u00c1guas\",\"item\":\"https:\/\/caminhodasaguas.org.br\/maya\/fontes\/\"},{\"@type\":\"ListItem\",\"position\":3,\"name\":\"Colabore com a Caminho das \u00c1guas\"}]},{\"@type\":\"WebSite\",\"@id\":\"https:\/\/caminhodasaguas.org.br\/maya\/#website\",\"url\":\"https:\/\/caminhodasaguas.org.br\/maya\/\",\"name\":\"Caminho das \u00c1guas 20 Anos\",\"description\":\"Movimento S\u00f3cio-Ambiental Caminho das \u00c1guas\",\"publisher\":{\"@id\":\"https:\/\/caminhodasaguas.org.br\/maya\/#organization\"},\"potentialAction\":[{\"@type\":\"SearchAction\",\"target\":{\"@type\":\"EntryPoint\",\"urlTemplate\":\"https:\/\/caminhodasaguas.org.br\/maya\/?s={search_term_string}\"},\"query-input\":{\"@type\":\"PropertyValueSpecification\",\"valueRequired\":true,\"valueName\":\"search_term_string\"}}],\"inLanguage\":\"pt-BR\"},{\"@type\":\"Organization\",\"@id\":\"https:\/\/caminhodasaguas.org.br\/maya\/#organization\",\"name\":\"Caminho das \u00c1guas\",\"url\":\"https:\/\/caminhodasaguas.org.br\/maya\/\",\"logo\":{\"@type\":\"ImageObject\",\"inLanguage\":\"pt-BR\",\"@id\":\"https:\/\/caminhodasaguas.org.br\/maya\/#\/schema\/logo\/image\/\",\"url\":\"https:\/\/caminhodasaguas.org.br\/wp-content\/uploads\/2020\/03\/logoch2o-hrz-grd.png\",\"contentUrl\":\"https:\/\/caminhodasaguas.org.br\/wp-content\/uploads\/2020\/03\/logoch2o-hrz-grd.png\",\"width\":1024,\"height\":420,\"caption\":\"Caminho das \u00c1guas\"},\"image\":{\"@id\":\"https:\/\/caminhodasaguas.org.br\/maya\/#\/schema\/logo\/image\/\"},\"sameAs\":[\"https:\/\/facebook.com\/caminhodasaguas\",\"https:\/\/x.com\/caminhodasaguas\",\"https:\/\/instagram.com\/caminhoh2o\",\"https:\/\/www.linkedin.com\/company\/ong-caminho-das-guas\"]}]}<\/script>\n<!-- \/ Yoast SEO plugin. -->","yoast_head_json":{"title":"Colabore com a Caminho das \u00c1guas - Caminho das \u00c1guas 20 Anos","robots":{"index":"index","follow":"follow","max-snippet":"max-snippet:-1","max-image-preview":"max-image-preview:large","max-video-preview":"max-video-preview:-1"},"canonical":"https:\/\/caminhodasaguas.org.br\/maya\/apoio\/colabore-com-a-caminho-das-aguas\/","og_locale":"pt_BR","og_type":"article","og_title":"Colabore com a Caminho das \u00c1guas - Caminho das \u00c1guas 20 Anos","og_description":"Financie a diversidade em nossas bases hidrotecnol\u00f3gicas!","og_url":"https:\/\/caminhodasaguas.org.br\/maya\/apoio\/colabore-com-a-caminho-das-aguas\/","og_site_name":"Caminho das \u00c1guas 20 Anos","article_publisher":"https:\/\/facebook.com\/caminhodasaguas","og_image":[{"width":720,"height":720,"url":"https:\/\/caminhodasaguas.org.br\/maya\/wp-content\/uploads\/sites\/4\/2021\/06\/AREmoji_20210608_175039_66952-1.png","type":"image\/png"}],"twitter_card":"summary_large_image","twitter_site":"@caminhodasaguas","twitter_misc":{"Est. tempo de leitura":"1 minuto"},"schema":{"@context":"https:\/\/schema.org","@graph":[{"@type":"WebPage","@id":"https:\/\/caminhodasaguas.org.br\/maya\/apoio\/colabore-com-a-caminho-das-aguas\/","url":"https:\/\/caminhodasaguas.org.br\/maya\/apoio\/colabore-com-a-caminho-das-aguas\/","name":"Colabore com a Caminho das \u00c1guas - Caminho das \u00c1guas 20 Anos","isPartOf":{"@id":"https:\/\/caminhodasaguas.org.br\/maya\/#website"},"primaryImageOfPage":{"@id":"https:\/\/caminhodasaguas.org.br\/maya\/apoio\/colabore-com-a-caminho-das-aguas\/#primaryimage"},"image":{"@id":"https:\/\/caminhodasaguas.org.br\/maya\/apoio\/colabore-com-a-caminho-das-aguas\/#primaryimage"},"thumbnailUrl":"https:\/\/caminhodasaguas.org.br\/maya\/wp-content\/uploads\/sites\/4\/2021\/06\/AREmoji_20210608_175039_66952-1.png","datePublished":"2022-01-26T00:21:01+00:00","breadcrumb":{"@id":"https:\/\/caminhodasaguas.org.br\/maya\/apoio\/colabore-com-a-caminho-das-aguas\/#breadcrumb"},"inLanguage":"pt-BR","potentialAction":[{"@type":"ReadAction","target":["https:\/\/caminhodasaguas.org.br\/maya\/apoio\/colabore-com-a-caminho-das-aguas\/"]}]},{"@type":"ImageObject","inLanguage":"pt-BR","@id":"https:\/\/caminhodasaguas.org.br\/maya\/apoio\/colabore-com-a-caminho-das-aguas\/#primaryimage","url":"https:\/\/caminhodasaguas.org.br\/maya\/wp-content\/uploads\/sites\/4\/2021\/06\/AREmoji_20210608_175039_66952-1.png","contentUrl":"https:\/\/caminhodasaguas.org.br\/maya\/wp-content\/uploads\/sites\/4\/2021\/06\/AREmoji_20210608_175039_66952-1.png","width":720,"height":720,"caption":"Suas contribui\u00e7\u00f5es s\u00e3o fundamentais para a\u00e7\u00f5es efetivas de transforma\u00e7\u00e3o de nossas realidades h\u00eddricas"},{"@type":"BreadcrumbList","@id":"https:\/\/caminhodasaguas.org.br\/maya\/apoio\/colabore-com-a-caminho-das-aguas\/#breadcrumb","itemListElement":[{"@type":"ListItem","position":1,"name":"In\u00edcio","item":"https:\/\/caminhodasaguas.org.br\/maya\/"},{"@type":"ListItem","position":2,"name":"Fontes de recursos da Caminho das \u00c1guas","item":"https:\/\/caminhodasaguas.org.br\/maya\/fontes\/"},{"@type":"ListItem","position":3,"name":"Colabore com a Caminho das \u00c1guas"}]},{"@type":"WebSite","@id":"https:\/\/caminhodasaguas.org.br\/maya\/#website","url":"https:\/\/caminhodasaguas.org.br\/maya\/","name":"Caminho das \u00c1guas 20 Anos","description":"Movimento S\u00f3cio-Ambiental Caminho das \u00c1guas","publisher":{"@id":"https:\/\/caminhodasaguas.org.br\/maya\/#organization"},"potentialAction":[{"@type":"SearchAction","target":{"@type":"EntryPoint","urlTemplate":"https:\/\/caminhodasaguas.org.br\/maya\/?s={search_term_string}"},"query-input":{"@type":"PropertyValueSpecification","valueRequired":true,"valueName":"search_term_string"}}],"inLanguage":"pt-BR"},{"@type":"Organization","@id":"https:\/\/caminhodasaguas.org.br\/maya\/#organization","name":"Caminho das \u00c1guas","url":"https:\/\/caminhodasaguas.org.br\/maya\/","logo":{"@type":"ImageObject","inLanguage":"pt-BR","@id":"https:\/\/caminhodasaguas.org.br\/maya\/#\/schema\/logo\/image\/","url":"https:\/\/caminhodasaguas.org.br\/wp-content\/uploads\/2020\/03\/logoch2o-hrz-grd.png","contentUrl":"https:\/\/caminhodasaguas.org.br\/wp-content\/uploads\/2020\/03\/logoch2o-hrz-grd.png","width":1024,"height":420,"caption":"Caminho das \u00c1guas"},"image":{"@id":"https:\/\/caminhodasaguas.org.br\/maya\/#\/schema\/logo\/image\/"},"sameAs":["https:\/\/facebook.com\/caminhodasaguas","https:\/\/x.com\/caminhodasaguas","https:\/\/instagram.com\/caminhoh2o","https:\/\/www.linkedin.com\/company\/ong-caminho-das-guas"]}]}},"_links":{"self":[{"href":"https:\/\/caminhodasaguas.org.br\/maya\/wp-json\/wp\/v2\/product\/3755","targetHints":{"allow":["GET"]}}],"collection":[{"href":"https:\/\/caminhodasaguas.org.br\/maya\/wp-json\/wp\/v2\/product"}],"about":[{"href":"https:\/\/caminhodasaguas.org.br\/maya\/wp-json\/wp\/v2\/types\/product"}],"version-history":[{"count":0,"href":"https:\/\/caminhodasaguas.org.br\/maya\/wp-json\/wp\/v2\/product\/3755\/revisions"}],"wp:featuredmedia":[{"embeddable":true,"href":"https:\/\/caminhodasaguas.org.br\/maya\/wp-json\/wp\/v2\/media\/13043"}],"wp:attachment":[{"href":"https:\/\/caminhodasaguas.org.br\/maya\/wp-json\/wp\/v2\/media?parent=3755"}],"wp:term":[{"taxonomy":"product_brand","embeddable":true,"href":"https:\/\/caminhodasaguas.org.br\/maya\/wp-json\/wp\/v2\/product_brand?post=3755"},{"taxonomy":"product_cat","embeddable":true,"href":"https:\/\/caminhodasaguas.org.br\/maya\/wp-json\/wp\/v2\/product_cat?post=3755"},{"taxonomy":"product_tag","embeddable":true,"href":"https:\/\/caminhodasaguas.org.br\/maya\/wp-json\/wp\/v2\/product_tag?post=3755"}],"curies":[{"name":"wp","href":"https:\/\/api.w.org\/{rel}","templated":true}]}}