{"id":4213,"date":"2022-05-31T21:04:41","date_gmt":"2022-06-01T00:04:41","guid":{"rendered":"https:\/\/caminhodasaguas.org.br\/?post_type=product&amp;p=4213"},"modified":"2022-05-31T21:04:41","modified_gmt":"2022-06-01T00:04:41","slug":"manutencao-do-espaco-coletivo-de-convivencia","status":"publish","type":"product","link":"https:\/\/caminhodasaguas.org.br\/maya\/apoio\/manutencao-do-espaco-coletivo-de-convivencia\/","title":{"rendered":"Manuten\u00e7\u00e3o do espa\u00e7o coletivo de conviv\u00eancia"},"content":{"rendered":"<p>Vamos energizar os espa\u00e7os!<\/p>\n<p>Estimamos que manter os nossos espa\u00e7os ativos custam, no m\u00ednimo, aproximadamente R$ 4.500,00 por ano. E este custo tem sobrecarregado a dire\u00e7\u00e3o da ONG Caminho das \u00c1guas, impactando a cria\u00e7\u00e3o de novas atividades.<\/p>\n<p>Ent\u00e3o, <strong>voc\u00ea que quer cooperar<\/strong> com nossas atua\u00e7\u00f5es, pode indicar o quanto quer doar e n\u00f3s te enviaremos resultados ao final de cada passo importante do processo!<\/p>\n<p>O pagamento da doa\u00e7\u00e3o pode ser feito com cart\u00e3o de cr\u00e9dito, PIX ou boleto<\/p>\n","protected":false},"excerpt":{"rendered":"<div class=\"wfp-post-excerpt\">\n<p>Vamos energizar os espa\u00e7os!<\/p>\n<p>Voc\u00ea indica o quanto quer doar e n\u00f3s te avisaremos ao final da vaquinha onde o recurso foi investido!<\/p>\n<\/div>\n","protected":false},"featured_media":3384,"template":"","meta":[],"product_brand":[],"product_cat":[166],"product_tag":[164,165],"class_list":{"0":"post-4213","1":"product","2":"type-product","3":"status-publish","4":"has-post-thumbnail","6":"product_cat-projetos","7":"product_tag-manutencao","8":"product_tag-projeto","10":"first","11":"instock","12":"virtual","13":"sold-individually","14":"purchasable","15":"product-type-simple"},"yoast_head":"<!-- This site is optimized with the Yoast SEO plugin v27.0 - https:\/\/yoast.com\/product\/yoast-seo-wordpress\/ -->\n<title>Manuten\u00e7\u00e3o do espa\u00e7o coletivo de conviv\u00eancia - Caminho das \u00c1guas 20 Anos<\/title>\n<meta name=\"robots\" content=\"index, follow, max-snippet:-1, max-image-preview:large, max-video-preview:-1\" \/>\n<link rel=\"canonical\" href=\"https:\/\/caminhodasaguas.org.br\/maya\/apoio\/manutencao-do-espaco-coletivo-de-convivencia\/\" \/>\n<meta property=\"og:locale\" content=\"pt_BR\" \/>\n<meta property=\"og:type\" content=\"article\" \/>\n<meta property=\"og:title\" content=\"Manuten\u00e7\u00e3o do espa\u00e7o coletivo de conviv\u00eancia - Caminho das \u00c1guas 20 Anos\" \/>\n<meta property=\"og:description\" content=\"Vamos energizar os espa\u00e7os! Voc\u00ea indica o quanto quer doar e n\u00f3s te avisaremos ao final da vaquinha onde o recurso foi investido!\" \/>\n<meta property=\"og:url\" content=\"https:\/\/caminhodasaguas.org.br\/maya\/apoio\/manutencao-do-espaco-coletivo-de-convivencia\/\" \/>\n<meta property=\"og:site_name\" content=\"Caminho das \u00c1guas 20 Anos\" \/>\n<meta property=\"article:publisher\" content=\"https:\/\/facebook.com\/caminhodasaguas\" \/>\n<meta property=\"og:image\" content=\"https:\/\/caminhodasaguas.org.br\/maya\/wp-content\/uploads\/sites\/4\/2020\/08\/ch2o-page02_oti.jpg\" \/>\n\t<meta property=\"og:image:width\" content=\"800\" \/>\n\t<meta property=\"og:image:height\" content=\"300\" \/>\n\t<meta property=\"og:image:type\" content=\"image\/jpeg\" \/>\n<meta name=\"twitter:card\" content=\"summary_large_image\" \/>\n<meta name=\"twitter:site\" content=\"@caminhodasaguas\" \/>\n<meta name=\"twitter:label1\" content=\"Est. tempo de leitura\" \/>\n\t<meta name=\"twitter:data1\" content=\"1 minuto\" \/>\n<script type=\"application\/ld+json\" class=\"yoast-schema-graph\">{\"@context\":\"https:\/\/schema.org\",\"@graph\":[{\"@type\":\"WebPage\",\"@id\":\"https:\/\/caminhodasaguas.org.br\/maya\/apoio\/manutencao-do-espaco-coletivo-de-convivencia\/\",\"url\":\"https:\/\/caminhodasaguas.org.br\/maya\/apoio\/manutencao-do-espaco-coletivo-de-convivencia\/\",\"name\":\"Manuten\u00e7\u00e3o do espa\u00e7o coletivo de conviv\u00eancia - Caminho das \u00c1guas 20 Anos\",\"isPartOf\":{\"@id\":\"https:\/\/caminhodasaguas.org.br\/maya\/#website\"},\"primaryImageOfPage\":{\"@id\":\"https:\/\/caminhodasaguas.org.br\/maya\/apoio\/manutencao-do-espaco-coletivo-de-convivencia\/#primaryimage\"},\"image\":{\"@id\":\"https:\/\/caminhodasaguas.org.br\/maya\/apoio\/manutencao-do-espaco-coletivo-de-convivencia\/#primaryimage\"},\"thumbnailUrl\":\"https:\/\/caminhodasaguas.org.br\/maya\/wp-content\/uploads\/sites\/4\/2020\/08\/ch2o-page02_oti.jpg\",\"datePublished\":\"2022-06-01T00:04:41+00:00\",\"breadcrumb\":{\"@id\":\"https:\/\/caminhodasaguas.org.br\/maya\/apoio\/manutencao-do-espaco-coletivo-de-convivencia\/#breadcrumb\"},\"inLanguage\":\"pt-BR\",\"potentialAction\":[{\"@type\":\"ReadAction\",\"target\":[\"https:\/\/caminhodasaguas.org.br\/maya\/apoio\/manutencao-do-espaco-coletivo-de-convivencia\/\"]}]},{\"@type\":\"ImageObject\",\"inLanguage\":\"pt-BR\",\"@id\":\"https:\/\/caminhodasaguas.org.br\/maya\/apoio\/manutencao-do-espaco-coletivo-de-convivencia\/#primaryimage\",\"url\":\"https:\/\/caminhodasaguas.org.br\/maya\/wp-content\/uploads\/sites\/4\/2020\/08\/ch2o-page02_oti.jpg\",\"contentUrl\":\"https:\/\/caminhodasaguas.org.br\/maya\/wp-content\/uploads\/sites\/4\/2020\/08\/ch2o-page02_oti.jpg\",\"width\":800,\"height\":300},{\"@type\":\"BreadcrumbList\",\"@id\":\"https:\/\/caminhodasaguas.org.br\/maya\/apoio\/manutencao-do-espaco-coletivo-de-convivencia\/#breadcrumb\",\"itemListElement\":[{\"@type\":\"ListItem\",\"position\":1,\"name\":\"In\u00edcio\",\"item\":\"https:\/\/caminhodasaguas.org.br\/maya\/\"},{\"@type\":\"ListItem\",\"position\":2,\"name\":\"Fontes de recursos da Caminho das \u00c1guas\",\"item\":\"https:\/\/caminhodasaguas.org.br\/maya\/fontes\/\"},{\"@type\":\"ListItem\",\"position\":3,\"name\":\"Manuten\u00e7\u00e3o do espa\u00e7o coletivo de conviv\u00eancia\"}]},{\"@type\":\"WebSite\",\"@id\":\"https:\/\/caminhodasaguas.org.br\/maya\/#website\",\"url\":\"https:\/\/caminhodasaguas.org.br\/maya\/\",\"name\":\"Caminho das \u00c1guas 20 Anos\",\"description\":\"Movimento S\u00f3cio-Ambiental Caminho das \u00c1guas\",\"publisher\":{\"@id\":\"https:\/\/caminhodasaguas.org.br\/maya\/#organization\"},\"potentialAction\":[{\"@type\":\"SearchAction\",\"target\":{\"@type\":\"EntryPoint\",\"urlTemplate\":\"https:\/\/caminhodasaguas.org.br\/maya\/?s={search_term_string}\"},\"query-input\":{\"@type\":\"PropertyValueSpecification\",\"valueRequired\":true,\"valueName\":\"search_term_string\"}}],\"inLanguage\":\"pt-BR\"},{\"@type\":\"Organization\",\"@id\":\"https:\/\/caminhodasaguas.org.br\/maya\/#organization\",\"name\":\"Caminho das \u00c1guas\",\"url\":\"https:\/\/caminhodasaguas.org.br\/maya\/\",\"logo\":{\"@type\":\"ImageObject\",\"inLanguage\":\"pt-BR\",\"@id\":\"https:\/\/caminhodasaguas.org.br\/maya\/#\/schema\/logo\/image\/\",\"url\":\"https:\/\/caminhodasaguas.org.br\/wp-content\/uploads\/2020\/03\/logoch2o-hrz-grd.png\",\"contentUrl\":\"https:\/\/caminhodasaguas.org.br\/wp-content\/uploads\/2020\/03\/logoch2o-hrz-grd.png\",\"width\":1024,\"height\":420,\"caption\":\"Caminho das \u00c1guas\"},\"image\":{\"@id\":\"https:\/\/caminhodasaguas.org.br\/maya\/#\/schema\/logo\/image\/\"},\"sameAs\":[\"https:\/\/facebook.com\/caminhodasaguas\",\"https:\/\/x.com\/caminhodasaguas\",\"https:\/\/instagram.com\/caminhoh2o\",\"https:\/\/www.linkedin.com\/company\/ong-caminho-das-guas\"]}]}<\/script>\n<!-- \/ Yoast SEO plugin. -->","yoast_head_json":{"title":"Manuten\u00e7\u00e3o do espa\u00e7o coletivo de conviv\u00eancia - Caminho das \u00c1guas 20 Anos","robots":{"index":"index","follow":"follow","max-snippet":"max-snippet:-1","max-image-preview":"max-image-preview:large","max-video-preview":"max-video-preview:-1"},"canonical":"https:\/\/caminhodasaguas.org.br\/maya\/apoio\/manutencao-do-espaco-coletivo-de-convivencia\/","og_locale":"pt_BR","og_type":"article","og_title":"Manuten\u00e7\u00e3o do espa\u00e7o coletivo de conviv\u00eancia - Caminho das \u00c1guas 20 Anos","og_description":"Vamos energizar os espa\u00e7os! Voc\u00ea indica o quanto quer doar e n\u00f3s te avisaremos ao final da vaquinha onde o recurso foi investido!","og_url":"https:\/\/caminhodasaguas.org.br\/maya\/apoio\/manutencao-do-espaco-coletivo-de-convivencia\/","og_site_name":"Caminho das \u00c1guas 20 Anos","article_publisher":"https:\/\/facebook.com\/caminhodasaguas","og_image":[{"width":800,"height":300,"url":"https:\/\/caminhodasaguas.org.br\/maya\/wp-content\/uploads\/sites\/4\/2020\/08\/ch2o-page02_oti.jpg","type":"image\/jpeg"}],"twitter_card":"summary_large_image","twitter_site":"@caminhodasaguas","twitter_misc":{"Est. tempo de leitura":"1 minuto"},"schema":{"@context":"https:\/\/schema.org","@graph":[{"@type":"WebPage","@id":"https:\/\/caminhodasaguas.org.br\/maya\/apoio\/manutencao-do-espaco-coletivo-de-convivencia\/","url":"https:\/\/caminhodasaguas.org.br\/maya\/apoio\/manutencao-do-espaco-coletivo-de-convivencia\/","name":"Manuten\u00e7\u00e3o do espa\u00e7o coletivo de conviv\u00eancia - Caminho das \u00c1guas 20 Anos","isPartOf":{"@id":"https:\/\/caminhodasaguas.org.br\/maya\/#website"},"primaryImageOfPage":{"@id":"https:\/\/caminhodasaguas.org.br\/maya\/apoio\/manutencao-do-espaco-coletivo-de-convivencia\/#primaryimage"},"image":{"@id":"https:\/\/caminhodasaguas.org.br\/maya\/apoio\/manutencao-do-espaco-coletivo-de-convivencia\/#primaryimage"},"thumbnailUrl":"https:\/\/caminhodasaguas.org.br\/maya\/wp-content\/uploads\/sites\/4\/2020\/08\/ch2o-page02_oti.jpg","datePublished":"2022-06-01T00:04:41+00:00","breadcrumb":{"@id":"https:\/\/caminhodasaguas.org.br\/maya\/apoio\/manutencao-do-espaco-coletivo-de-convivencia\/#breadcrumb"},"inLanguage":"pt-BR","potentialAction":[{"@type":"ReadAction","target":["https:\/\/caminhodasaguas.org.br\/maya\/apoio\/manutencao-do-espaco-coletivo-de-convivencia\/"]}]},{"@type":"ImageObject","inLanguage":"pt-BR","@id":"https:\/\/caminhodasaguas.org.br\/maya\/apoio\/manutencao-do-espaco-coletivo-de-convivencia\/#primaryimage","url":"https:\/\/caminhodasaguas.org.br\/maya\/wp-content\/uploads\/sites\/4\/2020\/08\/ch2o-page02_oti.jpg","contentUrl":"https:\/\/caminhodasaguas.org.br\/maya\/wp-content\/uploads\/sites\/4\/2020\/08\/ch2o-page02_oti.jpg","width":800,"height":300},{"@type":"BreadcrumbList","@id":"https:\/\/caminhodasaguas.org.br\/maya\/apoio\/manutencao-do-espaco-coletivo-de-convivencia\/#breadcrumb","itemListElement":[{"@type":"ListItem","position":1,"name":"In\u00edcio","item":"https:\/\/caminhodasaguas.org.br\/maya\/"},{"@type":"ListItem","position":2,"name":"Fontes de recursos da Caminho das \u00c1guas","item":"https:\/\/caminhodasaguas.org.br\/maya\/fontes\/"},{"@type":"ListItem","position":3,"name":"Manuten\u00e7\u00e3o do espa\u00e7o coletivo de conviv\u00eancia"}]},{"@type":"WebSite","@id":"https:\/\/caminhodasaguas.org.br\/maya\/#website","url":"https:\/\/caminhodasaguas.org.br\/maya\/","name":"Caminho das \u00c1guas 20 Anos","description":"Movimento S\u00f3cio-Ambiental Caminho das \u00c1guas","publisher":{"@id":"https:\/\/caminhodasaguas.org.br\/maya\/#organization"},"potentialAction":[{"@type":"SearchAction","target":{"@type":"EntryPoint","urlTemplate":"https:\/\/caminhodasaguas.org.br\/maya\/?s={search_term_string}"},"query-input":{"@type":"PropertyValueSpecification","valueRequired":true,"valueName":"search_term_string"}}],"inLanguage":"pt-BR"},{"@type":"Organization","@id":"https:\/\/caminhodasaguas.org.br\/maya\/#organization","name":"Caminho das \u00c1guas","url":"https:\/\/caminhodasaguas.org.br\/maya\/","logo":{"@type":"ImageObject","inLanguage":"pt-BR","@id":"https:\/\/caminhodasaguas.org.br\/maya\/#\/schema\/logo\/image\/","url":"https:\/\/caminhodasaguas.org.br\/wp-content\/uploads\/2020\/03\/logoch2o-hrz-grd.png","contentUrl":"https:\/\/caminhodasaguas.org.br\/wp-content\/uploads\/2020\/03\/logoch2o-hrz-grd.png","width":1024,"height":420,"caption":"Caminho das \u00c1guas"},"image":{"@id":"https:\/\/caminhodasaguas.org.br\/maya\/#\/schema\/logo\/image\/"},"sameAs":["https:\/\/facebook.com\/caminhodasaguas","https:\/\/x.com\/caminhodasaguas","https:\/\/instagram.com\/caminhoh2o","https:\/\/www.linkedin.com\/company\/ong-caminho-das-guas"]}]}},"_links":{"self":[{"href":"https:\/\/caminhodasaguas.org.br\/maya\/wp-json\/wp\/v2\/product\/4213","targetHints":{"allow":["GET"]}}],"collection":[{"href":"https:\/\/caminhodasaguas.org.br\/maya\/wp-json\/wp\/v2\/product"}],"about":[{"href":"https:\/\/caminhodasaguas.org.br\/maya\/wp-json\/wp\/v2\/types\/product"}],"version-history":[{"count":0,"href":"https:\/\/caminhodasaguas.org.br\/maya\/wp-json\/wp\/v2\/product\/4213\/revisions"}],"wp:featuredmedia":[{"embeddable":true,"href":"https:\/\/caminhodasaguas.org.br\/maya\/wp-json\/wp\/v2\/media\/3384"}],"wp:attachment":[{"href":"https:\/\/caminhodasaguas.org.br\/maya\/wp-json\/wp\/v2\/media?parent=4213"}],"wp:term":[{"taxonomy":"product_brand","embeddable":true,"href":"https:\/\/caminhodasaguas.org.br\/maya\/wp-json\/wp\/v2\/product_brand?post=4213"},{"taxonomy":"product_cat","embeddable":true,"href":"https:\/\/caminhodasaguas.org.br\/maya\/wp-json\/wp\/v2\/product_cat?post=4213"},{"taxonomy":"product_tag","embeddable":true,"href":"https:\/\/caminhodasaguas.org.br\/maya\/wp-json\/wp\/v2\/product_tag?post=4213"}],"curies":[{"name":"wp","href":"https:\/\/api.w.org\/{rel}","templated":true}]}}