{"id":5115,"date":"2024-02-06T20:25:37","date_gmt":"2024-02-06T23:25:37","guid":{"rendered":"https:\/\/caminhodasaguas.org.br\/?post_type=product&#038;p=5115"},"modified":"2024-06-17T21:18:49","modified_gmt":"2024-06-18T00:18:49","slug":"recompondo-as-florestas-na-mata-atlantica","status":"publish","type":"product","link":"https:\/\/caminhodasaguas.org.br\/maya\/apoio\/recompondo-as-florestas-na-mata-atlantica\/","title":{"rendered":"Recompondo as florestas na Mata Atl\u00e2ntica"},"content":{"rendered":"<p>Vamos energizar os espa\u00e7os!<\/p>\n<p>Acreditamos que podemos ser efetivos em recomposi\u00e7\u00e3o de florestas nativas em bioma de Mata Atl\u00e2ntica!<\/p>\n<p>A iniciativa se baseia integralmente na recomposi\u00e7\u00e3o de floresta nativa do bioma Mata Atl\u00e2ntica, com foco no projeto Porto Rural, localizado em Porto Feliz &#8211; SP.<\/p>\n<p>Este projeto foi fortalecido pelo Festival de Teatro de Rua de Porto Feliz &#8211; deRua (ProAC ICMS: #37880), que calculou e compensou as emiss\u00f5es de gases de efeito estufa provenientes das suas atividades, proporcionando o plantio de \u00e1rvores nativas, para a compensa\u00e7\u00e3o de CO\u00b2.<\/p>\n<p>Ent\u00e3o, se <strong>voc\u00ea que quiser cooperar<\/strong> com nossas atua\u00e7\u00f5es, pode indicar o quanto quer doar e n\u00f3s te enviaremos resultados ao final de cada passo importante do processo!<\/p>\n<p>O pagamento da doa\u00e7\u00e3o pode ser feito com cart\u00e3o de cr\u00e9dito, PIX ou boleto<\/p>\n","protected":false},"excerpt":{"rendered":"<div class=\"wfp-post-excerpt\">Vamos energizar os espa\u00e7os e fazer o poss\u00edvel para recompor os sistemas de manuten\u00e7\u00e3o da Vida!<\/p>\n<p>Acreditamos que podemos ser efetivos em recomposi\u00e7\u00e3o de florestas nativas em bioma de Mata Atl\u00e2ntica!<\/p>\n<\/div>\n","protected":false},"featured_media":3579,"template":"redux-templates_full_width","meta":[],"product_brand":[],"product_cat":[166],"product_tag":[171,172,173,174,175,164,165],"class_list":{"0":"post-5115","1":"product","2":"type-product","3":"status-publish","4":"has-post-thumbnail","6":"product_cat-projetos","7":"product_tag-florestal","8":"product_tag-mata-atlantica","9":"product_tag-mudas","10":"product_tag-nativas","11":"product_tag-recomposicao","12":"product_tag-manutencao","13":"product_tag-projeto","15":"first","16":"instock","17":"virtual","18":"sold-individually","19":"purchasable","20":"product-type-simple"},"yoast_head":"<!-- This site is optimized with the Yoast SEO plugin v27.0 - https:\/\/yoast.com\/product\/yoast-seo-wordpress\/ -->\n<title>Recompondo as florestas na Mata Atl\u00e2ntica - Caminho das \u00c1guas 20 Anos<\/title>\n<meta name=\"robots\" content=\"index, follow, max-snippet:-1, max-image-preview:large, max-video-preview:-1\" \/>\n<link rel=\"canonical\" href=\"https:\/\/caminhodasaguas.org.br\/maya\/apoio\/recompondo-as-florestas-na-mata-atlantica\/\" \/>\n<meta property=\"og:locale\" content=\"pt_BR\" \/>\n<meta property=\"og:type\" content=\"article\" \/>\n<meta property=\"og:title\" content=\"Recompondo as florestas na Mata Atl\u00e2ntica - Caminho das \u00c1guas 20 Anos\" \/>\n<meta property=\"og:description\" content=\"Vamos energizar os espa\u00e7os e fazer o poss\u00edvel para recompor os sistemas de manuten\u00e7\u00e3o da Vida!  Acreditamos que podemos ser efetivos em recomposi\u00e7\u00e3o de florestas nativas em bioma de Mata Atl\u00e2ntica!\" \/>\n<meta property=\"og:url\" content=\"https:\/\/caminhodasaguas.org.br\/maya\/apoio\/recompondo-as-florestas-na-mata-atlantica\/\" \/>\n<meta property=\"og:site_name\" content=\"Caminho das \u00c1guas 20 Anos\" \/>\n<meta property=\"article:publisher\" content=\"https:\/\/facebook.com\/caminhodasaguas\" \/>\n<meta property=\"article:modified_time\" content=\"2024-06-18T00:18:49+00:00\" \/>\n<meta property=\"og:image\" content=\"https:\/\/caminhodasaguas.org.br\/maya\/wp-content\/uploads\/sites\/4\/2021\/06\/AREmoji_20210608_174942_10212.png\" \/>\n\t<meta property=\"og:image:width\" content=\"1080\" \/>\n\t<meta property=\"og:image:height\" content=\"1080\" \/>\n\t<meta property=\"og:image:type\" content=\"image\/png\" \/>\n<meta name=\"twitter:card\" content=\"summary_large_image\" \/>\n<meta name=\"twitter:site\" content=\"@caminhodasaguas\" \/>\n<meta name=\"twitter:label1\" content=\"Est. tempo de leitura\" \/>\n\t<meta name=\"twitter:data1\" content=\"1 minuto\" \/>\n<script type=\"application\/ld+json\" class=\"yoast-schema-graph\">{\"@context\":\"https:\/\/schema.org\",\"@graph\":[{\"@type\":\"WebPage\",\"@id\":\"https:\/\/caminhodasaguas.org.br\/maya\/apoio\/recompondo-as-florestas-na-mata-atlantica\/\",\"url\":\"https:\/\/caminhodasaguas.org.br\/maya\/apoio\/recompondo-as-florestas-na-mata-atlantica\/\",\"name\":\"Recompondo as florestas na Mata Atl\u00e2ntica - Caminho das \u00c1guas 20 Anos\",\"isPartOf\":{\"@id\":\"https:\/\/caminhodasaguas.org.br\/maya\/#website\"},\"primaryImageOfPage\":{\"@id\":\"https:\/\/caminhodasaguas.org.br\/maya\/apoio\/recompondo-as-florestas-na-mata-atlantica\/#primaryimage\"},\"image\":{\"@id\":\"https:\/\/caminhodasaguas.org.br\/maya\/apoio\/recompondo-as-florestas-na-mata-atlantica\/#primaryimage\"},\"thumbnailUrl\":\"https:\/\/caminhodasaguas.org.br\/maya\/wp-content\/uploads\/sites\/4\/2021\/06\/AREmoji_20210608_174942_10212.png\",\"datePublished\":\"2024-02-06T23:25:37+00:00\",\"dateModified\":\"2024-06-18T00:18:49+00:00\",\"breadcrumb\":{\"@id\":\"https:\/\/caminhodasaguas.org.br\/maya\/apoio\/recompondo-as-florestas-na-mata-atlantica\/#breadcrumb\"},\"inLanguage\":\"pt-BR\",\"potentialAction\":[{\"@type\":\"ReadAction\",\"target\":[\"https:\/\/caminhodasaguas.org.br\/maya\/apoio\/recompondo-as-florestas-na-mata-atlantica\/\"]}]},{\"@type\":\"ImageObject\",\"inLanguage\":\"pt-BR\",\"@id\":\"https:\/\/caminhodasaguas.org.br\/maya\/apoio\/recompondo-as-florestas-na-mata-atlantica\/#primaryimage\",\"url\":\"https:\/\/caminhodasaguas.org.br\/maya\/wp-content\/uploads\/sites\/4\/2021\/06\/AREmoji_20210608_174942_10212.png\",\"contentUrl\":\"https:\/\/caminhodasaguas.org.br\/maya\/wp-content\/uploads\/sites\/4\/2021\/06\/AREmoji_20210608_174942_10212.png\",\"width\":1080,\"height\":1080},{\"@type\":\"BreadcrumbList\",\"@id\":\"https:\/\/caminhodasaguas.org.br\/maya\/apoio\/recompondo-as-florestas-na-mata-atlantica\/#breadcrumb\",\"itemListElement\":[{\"@type\":\"ListItem\",\"position\":1,\"name\":\"In\u00edcio\",\"item\":\"https:\/\/caminhodasaguas.org.br\/maya\/\"},{\"@type\":\"ListItem\",\"position\":2,\"name\":\"Fontes de recursos da Caminho das \u00c1guas\",\"item\":\"https:\/\/caminhodasaguas.org.br\/maya\/fontes\/\"},{\"@type\":\"ListItem\",\"position\":3,\"name\":\"Recompondo as florestas na Mata Atl\u00e2ntica\"}]},{\"@type\":\"WebSite\",\"@id\":\"https:\/\/caminhodasaguas.org.br\/maya\/#website\",\"url\":\"https:\/\/caminhodasaguas.org.br\/maya\/\",\"name\":\"Caminho das \u00c1guas 20 Anos\",\"description\":\"Movimento S\u00f3cio-Ambiental Caminho das \u00c1guas\",\"publisher\":{\"@id\":\"https:\/\/caminhodasaguas.org.br\/maya\/#organization\"},\"potentialAction\":[{\"@type\":\"SearchAction\",\"target\":{\"@type\":\"EntryPoint\",\"urlTemplate\":\"https:\/\/caminhodasaguas.org.br\/maya\/?s={search_term_string}\"},\"query-input\":{\"@type\":\"PropertyValueSpecification\",\"valueRequired\":true,\"valueName\":\"search_term_string\"}}],\"inLanguage\":\"pt-BR\"},{\"@type\":\"Organization\",\"@id\":\"https:\/\/caminhodasaguas.org.br\/maya\/#organization\",\"name\":\"Caminho das \u00c1guas\",\"url\":\"https:\/\/caminhodasaguas.org.br\/maya\/\",\"logo\":{\"@type\":\"ImageObject\",\"inLanguage\":\"pt-BR\",\"@id\":\"https:\/\/caminhodasaguas.org.br\/maya\/#\/schema\/logo\/image\/\",\"url\":\"https:\/\/caminhodasaguas.org.br\/wp-content\/uploads\/2020\/03\/logoch2o-hrz-grd.png\",\"contentUrl\":\"https:\/\/caminhodasaguas.org.br\/wp-content\/uploads\/2020\/03\/logoch2o-hrz-grd.png\",\"width\":1024,\"height\":420,\"caption\":\"Caminho das \u00c1guas\"},\"image\":{\"@id\":\"https:\/\/caminhodasaguas.org.br\/maya\/#\/schema\/logo\/image\/\"},\"sameAs\":[\"https:\/\/facebook.com\/caminhodasaguas\",\"https:\/\/x.com\/caminhodasaguas\",\"https:\/\/instagram.com\/caminhoh2o\",\"https:\/\/www.linkedin.com\/company\/ong-caminho-das-guas\"]}]}<\/script>\n<!-- \/ Yoast SEO plugin. -->","yoast_head_json":{"title":"Recompondo as florestas na Mata Atl\u00e2ntica - Caminho das \u00c1guas 20 Anos","robots":{"index":"index","follow":"follow","max-snippet":"max-snippet:-1","max-image-preview":"max-image-preview:large","max-video-preview":"max-video-preview:-1"},"canonical":"https:\/\/caminhodasaguas.org.br\/maya\/apoio\/recompondo-as-florestas-na-mata-atlantica\/","og_locale":"pt_BR","og_type":"article","og_title":"Recompondo as florestas na Mata Atl\u00e2ntica - Caminho das \u00c1guas 20 Anos","og_description":"Vamos energizar os espa\u00e7os e fazer o poss\u00edvel para recompor os sistemas de manuten\u00e7\u00e3o da Vida!  Acreditamos que podemos ser efetivos em recomposi\u00e7\u00e3o de florestas nativas em bioma de Mata Atl\u00e2ntica!","og_url":"https:\/\/caminhodasaguas.org.br\/maya\/apoio\/recompondo-as-florestas-na-mata-atlantica\/","og_site_name":"Caminho das \u00c1guas 20 Anos","article_publisher":"https:\/\/facebook.com\/caminhodasaguas","article_modified_time":"2024-06-18T00:18:49+00:00","og_image":[{"width":1080,"height":1080,"url":"https:\/\/caminhodasaguas.org.br\/maya\/wp-content\/uploads\/sites\/4\/2021\/06\/AREmoji_20210608_174942_10212.png","type":"image\/png"}],"twitter_card":"summary_large_image","twitter_site":"@caminhodasaguas","twitter_misc":{"Est. tempo de leitura":"1 minuto"},"schema":{"@context":"https:\/\/schema.org","@graph":[{"@type":"WebPage","@id":"https:\/\/caminhodasaguas.org.br\/maya\/apoio\/recompondo-as-florestas-na-mata-atlantica\/","url":"https:\/\/caminhodasaguas.org.br\/maya\/apoio\/recompondo-as-florestas-na-mata-atlantica\/","name":"Recompondo as florestas na Mata Atl\u00e2ntica - Caminho das \u00c1guas 20 Anos","isPartOf":{"@id":"https:\/\/caminhodasaguas.org.br\/maya\/#website"},"primaryImageOfPage":{"@id":"https:\/\/caminhodasaguas.org.br\/maya\/apoio\/recompondo-as-florestas-na-mata-atlantica\/#primaryimage"},"image":{"@id":"https:\/\/caminhodasaguas.org.br\/maya\/apoio\/recompondo-as-florestas-na-mata-atlantica\/#primaryimage"},"thumbnailUrl":"https:\/\/caminhodasaguas.org.br\/maya\/wp-content\/uploads\/sites\/4\/2021\/06\/AREmoji_20210608_174942_10212.png","datePublished":"2024-02-06T23:25:37+00:00","dateModified":"2024-06-18T00:18:49+00:00","breadcrumb":{"@id":"https:\/\/caminhodasaguas.org.br\/maya\/apoio\/recompondo-as-florestas-na-mata-atlantica\/#breadcrumb"},"inLanguage":"pt-BR","potentialAction":[{"@type":"ReadAction","target":["https:\/\/caminhodasaguas.org.br\/maya\/apoio\/recompondo-as-florestas-na-mata-atlantica\/"]}]},{"@type":"ImageObject","inLanguage":"pt-BR","@id":"https:\/\/caminhodasaguas.org.br\/maya\/apoio\/recompondo-as-florestas-na-mata-atlantica\/#primaryimage","url":"https:\/\/caminhodasaguas.org.br\/maya\/wp-content\/uploads\/sites\/4\/2021\/06\/AREmoji_20210608_174942_10212.png","contentUrl":"https:\/\/caminhodasaguas.org.br\/maya\/wp-content\/uploads\/sites\/4\/2021\/06\/AREmoji_20210608_174942_10212.png","width":1080,"height":1080},{"@type":"BreadcrumbList","@id":"https:\/\/caminhodasaguas.org.br\/maya\/apoio\/recompondo-as-florestas-na-mata-atlantica\/#breadcrumb","itemListElement":[{"@type":"ListItem","position":1,"name":"In\u00edcio","item":"https:\/\/caminhodasaguas.org.br\/maya\/"},{"@type":"ListItem","position":2,"name":"Fontes de recursos da Caminho das \u00c1guas","item":"https:\/\/caminhodasaguas.org.br\/maya\/fontes\/"},{"@type":"ListItem","position":3,"name":"Recompondo as florestas na Mata Atl\u00e2ntica"}]},{"@type":"WebSite","@id":"https:\/\/caminhodasaguas.org.br\/maya\/#website","url":"https:\/\/caminhodasaguas.org.br\/maya\/","name":"Caminho das \u00c1guas 20 Anos","description":"Movimento S\u00f3cio-Ambiental Caminho das \u00c1guas","publisher":{"@id":"https:\/\/caminhodasaguas.org.br\/maya\/#organization"},"potentialAction":[{"@type":"SearchAction","target":{"@type":"EntryPoint","urlTemplate":"https:\/\/caminhodasaguas.org.br\/maya\/?s={search_term_string}"},"query-input":{"@type":"PropertyValueSpecification","valueRequired":true,"valueName":"search_term_string"}}],"inLanguage":"pt-BR"},{"@type":"Organization","@id":"https:\/\/caminhodasaguas.org.br\/maya\/#organization","name":"Caminho das \u00c1guas","url":"https:\/\/caminhodasaguas.org.br\/maya\/","logo":{"@type":"ImageObject","inLanguage":"pt-BR","@id":"https:\/\/caminhodasaguas.org.br\/maya\/#\/schema\/logo\/image\/","url":"https:\/\/caminhodasaguas.org.br\/wp-content\/uploads\/2020\/03\/logoch2o-hrz-grd.png","contentUrl":"https:\/\/caminhodasaguas.org.br\/wp-content\/uploads\/2020\/03\/logoch2o-hrz-grd.png","width":1024,"height":420,"caption":"Caminho das \u00c1guas"},"image":{"@id":"https:\/\/caminhodasaguas.org.br\/maya\/#\/schema\/logo\/image\/"},"sameAs":["https:\/\/facebook.com\/caminhodasaguas","https:\/\/x.com\/caminhodasaguas","https:\/\/instagram.com\/caminhoh2o","https:\/\/www.linkedin.com\/company\/ong-caminho-das-guas"]}]}},"_links":{"self":[{"href":"https:\/\/caminhodasaguas.org.br\/maya\/wp-json\/wp\/v2\/product\/5115","targetHints":{"allow":["GET"]}}],"collection":[{"href":"https:\/\/caminhodasaguas.org.br\/maya\/wp-json\/wp\/v2\/product"}],"about":[{"href":"https:\/\/caminhodasaguas.org.br\/maya\/wp-json\/wp\/v2\/types\/product"}],"version-history":[{"count":1,"href":"https:\/\/caminhodasaguas.org.br\/maya\/wp-json\/wp\/v2\/product\/5115\/revisions"}],"predecessor-version":[{"id":13074,"href":"https:\/\/caminhodasaguas.org.br\/maya\/wp-json\/wp\/v2\/product\/5115\/revisions\/13074"}],"wp:featuredmedia":[{"embeddable":true,"href":"https:\/\/caminhodasaguas.org.br\/maya\/wp-json\/wp\/v2\/media\/3579"}],"wp:attachment":[{"href":"https:\/\/caminhodasaguas.org.br\/maya\/wp-json\/wp\/v2\/media?parent=5115"}],"wp:term":[{"taxonomy":"product_brand","embeddable":true,"href":"https:\/\/caminhodasaguas.org.br\/maya\/wp-json\/wp\/v2\/product_brand?post=5115"},{"taxonomy":"product_cat","embeddable":true,"href":"https:\/\/caminhodasaguas.org.br\/maya\/wp-json\/wp\/v2\/product_cat?post=5115"},{"taxonomy":"product_tag","embeddable":true,"href":"https:\/\/caminhodasaguas.org.br\/maya\/wp-json\/wp\/v2\/product_tag?post=5115"}],"curies":[{"name":"wp","href":"https:\/\/api.w.org\/{rel}","templated":true}]}}